{"id":18,"date":"2024-10-29T09:58:36","date_gmt":"2024-10-29T08:58:36","guid":{"rendered":"https:\/\/agripedia.ch\/agraroekologie\/?page_id=18"},"modified":"2025-04-14T13:21:49","modified_gmt":"2025-04-14T11:21:49","slug":"faq","status":"publish","type":"page","link":"https:\/\/agripedia.ch\/agraroekologie\/faq\/","title":{"rendered":"H\u00e4ufig gestellte Fragen"},"content":{"rendered":"\n<p>Hier gibt es klare Antworten auf h\u00e4ufige Fragen zur Agrar\u00f6kologie.<\/p>\n\n\n\n<div class=\"wp-block-group agripedia-box is-layout-flow wp-block-group-is-layout-flow\">\n<div class=\"wp-block-group agripedia-box-header is-layout-flow wp-block-group-is-layout-flow\">\n<h5 class=\"wp-block-heading\">FAQ zu Agrar\u00f6kologie<\/h5>\n<\/div>\n\n\n\n<div class=\"wp-block-group agripedia-box-content is-layout-flow wp-block-group-is-layout-flow\">\n<div class=\"wp-block-getwid-accordion has-icon-left\" data-active-element=\"none\">\n<div class=\"wp-block-getwid-accordion__header-wrapper\"><span class=\"wp-block-getwid-accordion__header\"><a href=\"#\"><span class=\"wp-block-getwid-accordion__header-title\">Wie unterscheidet sich Agrar\u00f6kologie von Biologischer oder Regenerativer Landwirtschaft?<\/span><span class=\"wp-block-getwid-accordion__icon is-active\"><i class=\"fas fa-plus\"><\/i><\/span><span class=\"wp-block-getwid-accordion__icon is-passive\"><i class=\"fas fa-minus\"><\/i><\/span><\/a><\/span><\/div><div class=\"wp-block-getwid-accordion__content-wrapper\"><div class=\"wp-block-getwid-accordion__content\">\n<p>Viele Namen, \u00e4hnliche Inhalte. Die <a href=\"https:\/\/tabledebates.org\/publication\/regenerative-agriculture-organic-agroecology\" target=\"_blank\" rel=\"noreferrer noopener\">Darstellung von TABLE \u2192<\/a> visualisiert Gemeinsamkeiten und Unterschiede.<\/p>\n\n\n\n<figure class=\"wp-block-image\"><img decoding=\"async\" src=\"https:\/\/themes.agripedia.ch\/wp-content\/uploads\/2024\/09\/TABLE_AgroecologyVSorganicVSregenerative-1-1024x634.png\" alt=\"\" class=\"wp-image-62233\"\/><figcaption class=\"wp-element-caption\">Unterschied zwischen Agrar\u00f6kologie, Regenerativ und Biologisch nach TABLE. Quelle: <a href=\"https:\/\/tabledebates.org\/publication\/regenerative-agriculture-organic-agroecology\">TABLE<\/a><\/figcaption><\/figure>\n\n\n\n<p>Ausserdem beschreibt die Deutsche Gesellschaft f\u00fcr Internationale Zusammenarbeit (GIZ) die Zusammenh\u00e4nge von Agrar\u00f6kologie und Biologischer Landwirtschaft in einem \u00fcbersichtlichen <a href=\"https:\/\/www.giz.de\/en\/downloads\/giz2020_en_Agroecology-and-Organic-Agriculture_SV%20Nachhaltige%20Landwirtschaft.pdf\" target=\"_blank\" rel=\"noreferrer noopener\">Factsheet \u2192<\/a>.<\/p>\n\n\n\n<div style=\"height:40px\" aria-hidden=\"true\" class=\"wp-block-spacer\"><\/div>\n\n\n\n<p>Neben diesen drei Ans\u00e4tzen gibt es noch weitere Konzepte wie eine nachhaltige Lebensmittelproduktion ausschauen k\u00f6nnte. Biovision hat die g\u00e4ngigsten Konzepte auf ihrem Agroecology Info Pool zusammengefasst. <a href=\"https:\/\/www.agroecology-pool.org\/associated-concepts\/\" target=\"_blank\" rel=\"noopener\" title=\"Liste der Konzepte\">Liste der Konzepte \u2192<\/a>.<\/p>\n\n\n\n<figure class=\"wp-block-image size-full is-resized\"><img loading=\"lazy\" decoding=\"async\" width=\"1024\" height=\"791\" src=\"https:\/\/agripedia.ch\/agraroekologie\/wp-content\/uploads\/sites\/62\/2025\/02\/image-7.png\" alt=\"\" class=\"wp-image-620\" style=\"width:655px;height:auto\" srcset=\"https:\/\/agripedia.ch\/agraroekologie\/wp-content\/uploads\/sites\/62\/2025\/02\/image-7.png 1024w, https:\/\/agripedia.ch\/agraroekologie\/wp-content\/uploads\/sites\/62\/2025\/02\/image-7-300x232.png 300w, https:\/\/agripedia.ch\/agraroekologie\/wp-content\/uploads\/sites\/62\/2025\/02\/image-7-768x593.png 768w\" sizes=\"auto, (max-width: 1024px) 100vw, 1024px\" \/><figcaption class=\"wp-element-caption\">Verbindungen zwischen verschiedenen Konzepten rund um Agrar\u00f6kologie und nachhaltige Lebensmittelproduktion nach Biovision. Quelle: <a href=\"https:\/\/www.agroecology-pool.org\/associated-concepts\/\" target=\"_blank\" rel=\"noopener\" title=\"Agroecology Info Pool\">Agroecology Info Pool<\/a><\/figcaption><\/figure>\n<\/div><\/div>\n\n\n\n<div class=\"wp-block-getwid-accordion__header-wrapper\"><span class=\"wp-block-getwid-accordion__header\"><a href=\"#\"><span class=\"wp-block-getwid-accordion__header-title\">Ist Permakultur dasselbe wie Agrar\u00f6kologie?<\/span><span class=\"wp-block-getwid-accordion__icon is-active\"><i class=\"fas fa-plus\"><\/i><\/span><span class=\"wp-block-getwid-accordion__icon is-passive\"><i class=\"fas fa-minus\"><\/i><\/span><\/a><\/span><\/div><div class=\"wp-block-getwid-accordion__content-wrapper\"><div class=\"wp-block-getwid-accordion__content\">\n<p>Folgendes steht im Handbuch zu Agrar\u00f6kologie f\u00fcr Landwirte von <a href=\"https:\/\/traece.eu\/about\/\" target=\"_blank\" rel=\"noopener\" title=\"trAEce\">trAEce<\/a>:<\/p>\n\n\n\n<div class=\"wp-block-group agripedia-box has-agridea-light-gray-background-color has-background is-layout-flow wp-block-group-is-layout-flow\">\n<div class=\"wp-block-group agripedia-box-content is-layout-flow wp-block-group-is-layout-flow\">\n<p>Die Permakultur kann als eine agrar\u00f6kologische Bewegung mit einem spezifischen Gestaltungsansatz gesehen werden, die eine systemische Sicht des Lebens und der menschlichen Aktivit\u00e4ten teilt. Die Prinzipien und Themen der Permakultur k\u00f6nnen diejenigen der Agrar\u00f6kologie erg\u00e4nzen&#8221; und &#8220;Die Agrar\u00f6kologie liefert den politischen und sozialen Bewegungskontext und ist st\u00e4rker in landwirtschaftlichen Gemeinschaften verankert&#8221;, sowie &#8220;Der \u00dcbergangspfad f\u00fcr die Agrar\u00f6kologie in gr\u00f6\u00dferem Ma\u00dfstab (f\u00fcr das gesamte Lebensmittelsystem) ist gut ausgearbeitet [&#8230;], und die Permakultur bietet eine Reihe von Instrumenten f\u00fcr die Gestaltung und Umsetzung des \u00dcbergangs auf der Ebene des landwirtschaftlichen Betriebs.<\/p>\n\n\n\n<p><a href=\"https:\/\/traece.eu\/documents\/\" target=\"_blank\" rel=\"noopener\" title=\"trAEce (2020): Agrar\u00f6kologie: Einf\u00fchrungshandbuch f\u00fcr Landwirte (S. 45)\">trAEce (2020): <em>Agrar\u00f6kologie: Einf\u00fchrungshandbuch f\u00fcr Landwirte (S. 45)<\/em><\/a><\/p>\n<\/div>\n<\/div>\n<\/div><\/div>\n\n\n\n<div class=\"wp-block-getwid-accordion__header-wrapper\"><span class=\"wp-block-getwid-accordion__header\"><a href=\"#\"><span class=\"wp-block-getwid-accordion__header-title\">Wie finde ich agrar\u00f6kologische Betriebe und Initiativen in meiner Region?<\/span><span class=\"wp-block-getwid-accordion__icon is-active\"><i class=\"fas fa-plus\"><\/i><\/span><span class=\"wp-block-getwid-accordion__icon is-passive\"><i class=\"fas fa-minus\"><\/i><\/span><\/a><\/span><\/div><div class=\"wp-block-getwid-accordion__content-wrapper\"><div class=\"wp-block-getwid-accordion__content\">\n<p>Besuche die\u00a0<a href=\"https:\/\/www.agroecologyworks.ch\/de\/agraroekologie\/karte-schweiz\" target=\"_blank\" rel=\"noreferrer noopener\">interaktive Karte<\/a>\u00a0von Agroecology Works!, die eine Vielzahl von Landwirtschaftsbetrieben, Organisationen und Initiativen auflistet, die sich mit Agrar\u00f6kologie besch\u00e4ftigen.<\/p>\n<\/div><\/div>\n<\/div>\n<\/div>\n<\/div>\n\n\n\n<hr class=\"wp-block-separator has-alpha-channel-opacity\" id=\"block-5a8a2c31-d74f-4e6c-9fbc-57a7bdca2915\"\/>\n\n\n\n<p class=\"has-text-align-right\" id=\"block-871e7a8b-91f3-4c42-ba2a-73397e0adc21\"><em>Ist die gesuchte Antwort nicht dabei? Kontaktiere uns \u00fcber das <strong><a href=\"https:\/\/agripedia.ch\/agraroekologie\/kontakt\/\" title=\"\">Kontaktformular <strong>\u2192<\/strong><\/a><\/strong><\/em><\/p>\n\n\n\n<div style=\"height:40px\" aria-hidden=\"true\" class=\"wp-block-spacer\"><\/div>\n","protected":false},"excerpt":{"rendered":"<p>Hier gibt es klare Antworten auf h\u00e4ufige Fragen zur Agrar\u00f6kologie. FAQ zu Agrar\u00f6kologie Ist die gesuchte Antwort nicht dabei? Kontaktiere uns \u00fcber das Kontaktformular \u2192<\/p>\n","protected":false},"author":1228,"featured_media":448,"parent":0,"menu_order":0,"comment_status":"closed","ping_status":"closed","template":"","meta":{"_sb_is_suggestion_mode":false,"_sb_show_suggestion_boards":false,"_sb_show_comment_boards":false,"_sb_suggestion_history":"","_sb_update_block_changes":"","advgb_blocks_editor_width":"","advgb_blocks_columns_visual_guide":"","_monsterinsights_skip_tracking":false,"_monsterinsights_sitenote_active":false,"_monsterinsights_sitenote_note":"","_monsterinsights_sitenote_category":0,"footnotes":""},"class_list":["post-18","page","type-page","status-publish","has-post-thumbnail","hentry"],"aioseo_notices":[],"coauthors":[{"link":"https:\/\/agripedia.ch\/agraroekologie\/author\/fpe0\/","display_name":"Florian Peyer (AGRIDEA)"}],"author_meta":{"author_link":"https:\/\/agripedia.ch\/agraroekologie\/author\/fpe0\/","display_name":"Florian Peyer (AGRIDEA)"},"relative_dates":{"created":"Posted 1\u00a0Jahr ago","modified":"Updated 12\u00a0Monaten ago"},"absolute_dates":{"created":"Posted on 29. Oktober 2024","modified":"Updated on 14. April 2025"},"absolute_dates_time":{"created":"Posted on 29. Oktober 2024 9:58","modified":"Updated on 14. April 2025 13:21"},"featured_img_caption":"FAQ, H\u00e4ufig gestellte Fragen","featured_img":"https:\/\/agripedia.ch\/agraroekologie\/wp-content\/uploads\/sites\/62\/2025\/01\/20231230_155155-1.jpg","series_order":"","_links":{"self":[{"href":"https:\/\/agripedia.ch\/agraroekologie\/wp-json\/wp\/v2\/pages\/18","targetHints":{"allow":["GET"]}}],"collection":[{"href":"https:\/\/agripedia.ch\/agraroekologie\/wp-json\/wp\/v2\/pages"}],"about":[{"href":"https:\/\/agripedia.ch\/agraroekologie\/wp-json\/wp\/v2\/types\/page"}],"author":[{"embeddable":true,"href":"https:\/\/agripedia.ch\/agraroekologie\/wp-json\/wp\/v2\/users\/1228"}],"replies":[{"embeddable":true,"href":"https:\/\/agripedia.ch\/agraroekologie\/wp-json\/wp\/v2\/comments?post=18"}],"version-history":[{"count":15,"href":"https:\/\/agripedia.ch\/agraroekologie\/wp-json\/wp\/v2\/pages\/18\/revisions"}],"predecessor-version":[{"id":1165,"href":"https:\/\/agripedia.ch\/agraroekologie\/wp-json\/wp\/v2\/pages\/18\/revisions\/1165"}],"wp:featuredmedia":[{"embeddable":true,"href":"https:\/\/agripedia.ch\/agraroekologie\/wp-json\/wp\/v2\/media\/448"}],"wp:attachment":[{"href":"https:\/\/agripedia.ch\/agraroekologie\/wp-json\/wp\/v2\/media?parent=18"}],"curies":[{"name":"wp","href":"https:\/\/api.w.org\/{rel}","templated":true}]}}