{"id":1232,"date":"2025-07-09T08:50:10","date_gmt":"2025-07-09T06:50:10","guid":{"rendered":"https:\/\/agripedia.ch\/agraroekologie\/?page_id=1232"},"modified":"2026-01-28T10:01:23","modified_gmt":"2026-01-28T09:01:23","slug":"agraroekologie-podcast","status":"publish","type":"page","link":"https:\/\/agripedia.ch\/agraroekologie\/agraroekologie-podcast\/","title":{"rendered":"Agrar\u00f6kologie Podcast"},"content":{"rendered":"\n<h2 class=\"wp-block-heading\">Links zur Folge<\/h2>\n\n\n\n<div class=\"wp-block-getwid-accordion\" data-active-element=\"none\">\n<div class=\"wp-block-getwid-accordion__header-wrapper\"><span class=\"wp-block-getwid-accordion__header\"><a href=\"#\"><span class=\"wp-block-getwid-accordion__header-title\">#01 Agrar\u00f6kologie als L\u00f6sung f\u00fcr die Herausforderungen in der Landwirtschaft &amp; Ern\u00e4hrungssystemen, wo steht die Schweiz?<\/span><span class=\"wp-block-getwid-accordion__icon is-active\"><i class=\"fas fa-plus\"><\/i><\/span><span class=\"wp-block-getwid-accordion__icon is-passive\"><i class=\"fas fa-minus\"><\/i><\/span><\/a><\/span><\/div><div class=\"wp-block-getwid-accordion__content-wrapper\"><div class=\"wp-block-getwid-accordion__content\">\n<p><strong>Agrar\u00f6kologie in der Praxis<\/strong><\/p>\n\n\n\n<ul class=\"wp-block-list\">\n<li><a href=\"https:\/\/www.agroecologyworks.ch\/de\">Agroecology Works!<\/a>: Das Schweizer Netzwerk f\u00fcr Agrar\u00f6kologie<\/li>\n\n\n\n<li>Masterarbeit Rike Teuber: <a href=\"https:\/\/che01.safelinks.protection.outlook.com\/?url=https%3A%2F%2Fwww.research-collection.ethz.ch%2Fhandle%2F20.500.11850%2F654930&amp;data=05%7C02%7C%7Cdf4f4143bece4673a2e508dda9a52dec%7Cddcc3f51f0b445f2ad261537ea975a48%7C0%7C0%7C638853249122608910%7CUnknown%7CTWFpbGZsb3d8eyJFbXB0eU1hcGkiOnRydWUsIlYiOiIwLjAuMDAwMCIsIlAiOiJXaW4zMiIsIkFOIjoiTWFpbCIsIldUIjoyfQ%3D%3D%7C0%7C%7C%7C&amp;sdata=ikwYEv6S4xviu6lWWWcc4KQ6gN3W0oZChRoK%2BDZDdfo%3D&amp;reserved=0\">Mapping Agroecology in Switzerland<\/a><\/li>\n\n\n\n<li><a href=\"https:\/\/che01.safelinks.protection.outlook.com\/?url=https%3A%2F%2Fwww.buergerinnenrat.ch%2Fde%2Fjetzt-wird-aufgetischt%2F&amp;data=05%7C02%7C%7C5b96445950c54a628de808dda8d32e45%7Cddcc3f51f0b445f2ad261537ea975a48%7C0%7C0%7C638852347483126029%7CUnknown%7CTWFpbGZsb3d8eyJFbXB0eU1hcGkiOnRydWUsIlYiOiIwLjAuMDAwMCIsIlAiOiJXaW4zMiIsIkFOIjoiTWFpbCIsIldUIjoyfQ%3D%3D%7C0%7C%7C%7C&amp;sdata=0yq1r4KdBAJgXHshhsgw7UoC5A6DcZAYnVkPoLGthG0%3D&amp;reserved=0\">B\u00fcrger:innenrat&nbsp;f\u00fcr Ern\u00e4hrungspolitik<\/a><\/li>\n\n\n\n<li><a href=\"https:\/\/che01.safelinks.protection.outlook.com\/?url=https%3A%2F%2Fwww.biovision.ch%2Fclever%2Fueber-clever%2F&amp;data=05%7C02%7C%7C5b96445950c54a628de808dda8d32e45%7Cddcc3f51f0b445f2ad261537ea975a48%7C0%7C0%7C638852347483205561%7CUnknown%7CTWFpbGZsb3d8eyJFbXB0eU1hcGkiOnRydWUsIlYiOiIwLjAuMDAwMCIsIlAiOiJXaW4zMiIsIkFOIjoiTWFpbCIsIldUIjoyfQ%3D%3D%7C0%7C%7C%7C&amp;sdata=8luuAZBuA8r%2F2Z0z5wN69y%2B3wmhXdXEB0PhZHFXQVAk%3D&amp;reserved=0\">CLEVER<\/a>: nachhaltig konsumieren!<\/li>\n\n\n\n<li><a href=\"https:\/\/che01.safelinks.protection.outlook.com\/?url=http%3A%2F%2Fwww.biovision.ch%2Fleuchttuerme&amp;data=05%7C02%7C%7C5b96445950c54a628de808dda8d32e45%7Cddcc3f51f0b445f2ad261537ea975a48%7C0%7C0%7C638852347483466194%7CUnknown%7CTWFpbGZsb3d8eyJFbXB0eU1hcGkiOnRydWUsIlYiOiIwLjAuMDAwMCIsIlAiOiJXaW4zMiIsIkFOIjoiTWFpbCIsIldUIjoyfQ%3D%3D%7C0%7C%7C%7C&amp;sdata=SdhAumgE4I8jcy63Iwb14GorpsnskFCpS%2Fh%2Fsqfb%2FOU%3D&amp;reserved=0\">Die Schweizer Leuchtt\u00fcrme der Agrar\u00f6kologie<\/a><\/li>\n\n\n\n<li><a href=\"https:\/\/che01.safelinks.protection.outlook.com\/?url=https%3A%2F%2Fwww.biovision.ch%2Fsoundingsoil%2Fueber-soundingsoil%2F&amp;data=05%7C02%7C%7C5b96445950c54a628de808dda8d32e45%7Cddcc3f51f0b445f2ad261537ea975a48%7C0%7C0%7C638852347483188516%7CUnknown%7CTWFpbGZsb3d8eyJFbXB0eU1hcGkiOnRydWUsIlYiOiIwLjAuMDAwMCIsIlAiOiJXaW4zMiIsIkFOIjoiTWFpbCIsIldUIjoyfQ%3D%3D%7C0%7C%7C%7C&amp;sdata=plv1NM3gSRDZmY6%2FKrcb%2FWK7gG9x1c1ft1UGmSA0mlI%3D&amp;reserved=0\">Sounding Soil<\/a>: Wie klingt ein gesunder Boden?<\/li>\n<\/ul>\n\n\n\n<p><strong>Empfehlungen<\/strong><\/p>\n\n\n\n<ul class=\"wp-block-list\">\n<li><a href=\"https:\/\/che01.safelinks.protection.outlook.com\/?url=https%3A%2F%2Fernaehrungs-zukunft.ch%2Fexpert-panel-ernaehrungszukunft-schweiz%2F&amp;data=05%7C02%7C%7C5b96445950c54a628de808dda8d32e45%7Cddcc3f51f0b445f2ad261537ea975a48%7C0%7C0%7C638852347483147045%7CUnknown%7CTWFpbGZsb3d8eyJFbXB0eU1hcGkiOnRydWUsIlYiOiIwLjAuMDAwMCIsIlAiOiJXaW4zMiIsIkFOIjoiTWFpbCIsIldUIjoyfQ%3D%3D%7C0%7C%7C%7C&amp;sdata=AhoQiSJ%2FfJxiFzK4trNUVPTCyEN2ejNVb9zP02c2s04%3D&amp;reserved=0\">Leitfaden vom wissenschaftlichen Gremium Ern\u00e4hrungszukunft Schweiz<\/a><\/li>\n\n\n\n<li><a href=\"https:\/\/che01.safelinks.protection.outlook.com\/?url=https%3A%2F%2Fwww.biovision.ch%2Fwp-content%2Fuploads%2F2025%2F01%2F2025_ATES_Studie_Biovision.pdf&amp;data=05%7C02%7C%7C5b96445950c54a628de808dda8d32e45%7Cddcc3f51f0b445f2ad261537ea975a48%7C0%7C0%7C638852347483168036%7CUnknown%7CTWFpbGZsb3d8eyJFbXB0eU1hcGkiOnRydWUsIlYiOiIwLjAuMDAwMCIsIlAiOiJXaW4zMiIsIkFOIjoiTWFpbCIsIldUIjoyfQ%3D%3D%7C0%7C%7C%7C&amp;sdata=A6IWzNbZI7u6o36TeValgOenIOZtqIVbcuhvvau9C6A%3D&amp;reserved=0\">Studie von Flury &amp; Guliani im Auftrag von Biovision<\/a>: F\u00f6rderung agrar\u00f6kologischer Prinzipien im Schweizer Agrar- und Ern\u00e4hrungssystem: Perspektiven, Handlungsfelder und Massnahmen<\/li>\n<\/ul>\n\n\n\n<p><strong>Projekte<\/strong><\/p>\n\n\n\n<ul class=\"wp-block-list\">\n<li><a href=\"https:\/\/che01.safelinks.protection.outlook.com\/?url=https%3A%2F%2Fwww.biovision.ch%2Fprojekt%2Fagraroekologie-schweizer-ernaehrungspolitik%2F&amp;data=05%7C02%7C%7C5b96445950c54a628de808dda8d32e45%7Cddcc3f51f0b445f2ad261537ea975a48%7C0%7C0%7C638852347483224119%7CUnknown%7CTWFpbGZsb3d8eyJFbXB0eU1hcGkiOnRydWUsIlYiOiIwLjAuMDAwMCIsIlAiOiJXaW4zMiIsIkFOIjoiTWFpbCIsIldUIjoyfQ%3D%3D%7C0%7C%7C%7C&amp;sdata=ha4zZ5Gu5tnWhvVTQKp7%2Fp0gbS4tul5JAkbYMdm9A5w%3D&amp;reserved=0\">Agrar\u00f6kologische Transformation Ern\u00e4hrungssystem Schweiz<\/a><\/li>\n\n\n\n<li><a href=\"https:\/\/che01.safelinks.protection.outlook.com\/?url=https%3A%2F%2Fwww.biovision.ch%2Fregionale-transformationen%2F&amp;data=05%7C02%7C%7C5b96445950c54a628de808dda8d32e45%7Cddcc3f51f0b445f2ad261537ea975a48%7C0%7C0%7C638852347483495384%7CUnknown%7CTWFpbGZsb3d8eyJFbXB0eU1hcGkiOnRydWUsIlYiOiIwLjAuMDAwMCIsIlAiOiJXaW4zMiIsIkFOIjoiTWFpbCIsIldUIjoyfQ%3D%3D%7C0%7C%7C%7C&amp;sdata=OVNoe21rq45B42P1Lg23j%2F9erobCYK9ZFQj%2FEe%2BofIs%3D&amp;reserved=0\">Regionale Transformationspfade f\u00fcr agrar\u00f6kologische Ern\u00e4hrungssysteme<\/a><\/li>\n<\/ul>\n\n\n\n<p><strong>Weitere Literatur<\/strong><\/p>\n\n\n\n<ul class=\"wp-block-list\">\n<li>Masterarbeit Sira Treyer: <a href=\"https:\/\/che01.safelinks.protection.outlook.com\/?url=https%3A%2F%2Fwww.research-collection.ethz.ch%2Fhandle%2F20.500.11850%2F733153&amp;data=05%7C02%7C%7Cdf4f4143bece4673a2e508dda9a52dec%7Cddcc3f51f0b445f2ad261537ea975a48%7C0%7C0%7C638853249122577294%7CUnknown%7CTWFpbGZsb3d8eyJFbXB0eU1hcGkiOnRydWUsIlYiOiIwLjAuMDAwMCIsIlAiOiJXaW4zMiIsIkFOIjoiTWFpbCIsIldUIjoyfQ%3D%3D%7C0%7C%7C%7C&amp;sdata=Q20qU0JF0bIUVt3Ej7JtGaFiUALsbsepmxpgExbXvXc%3D&amp;reserved=0\">Ans\u00e4tze von Degrowth im Schweizer Weinsektor<\/a><strong><\/strong><\/li>\n\n\n\n<li>Masterarbeit Nicola Bossard: <a href=\"https:\/\/che01.safelinks.protection.outlook.com\/?url=https%3A%2F%2Fwww.research-collection.ethz.ch%2Fhandle%2F20.500.11850%2F692433&amp;data=05%7C02%7C%7Cdf4f4143bece4673a2e508dda9a52dec%7Cddcc3f51f0b445f2ad261537ea975a48%7C0%7C0%7C638853249122594470%7CUnknown%7CTWFpbGZsb3d8eyJFbXB0eU1hcGkiOnRydWUsIlYiOiIwLjAuMDAwMCIsIlAiOiJXaW4zMiIsIkFOIjoiTWFpbCIsIldUIjoyfQ%3D%3D%7C0%7C%7C%7C&amp;sdata=D7yPQXJxU4qAGhvU3WaijyzTAg0b%2BZ6ikMqNOFYr%2FxE%3D&amp;reserved=0\">&#8220;Du bist mit allem verbunden&#8221; &#8211; Praxisbeispiele und Narrative des Wandels f\u00fcr eine transformative Schweizer Agrar\u00f6kologie<\/a><\/li>\n\n\n\n<li>Masterarbeit Selina Hess: <a href=\"https:\/\/che01.safelinks.protection.outlook.com\/?url=https%3A%2F%2Fwww.research-collection.ethz.ch%2Fhandle%2F20.500.11850%2F729724&amp;data=05%7C02%7C%7Cdf4f4143bece4673a2e508dda9a52dec%7Cddcc3f51f0b445f2ad261537ea975a48%7C0%7C0%7C638853249122622966%7CUnknown%7CTWFpbGZsb3d8eyJFbXB0eU1hcGkiOnRydWUsIlYiOiIwLjAuMDAwMCIsIlAiOiJXaW4zMiIsIkFOIjoiTWFpbCIsIldUIjoyfQ%3D%3D%7C0%7C%7C%7C&amp;sdata=7wMzbsl7PY2nKOyMxvBpuLmVoAuQDEoNhNj8UB50u10%3D&amp;reserved=0\">Priorit\u00e4re Handlungsbereiche zur F\u00f6rderung agrar\u00f6kologischer Praxis in der Schweiz<\/a><\/li>\n\n\n\n<li>Produktion und Naturschutz kein Widerspruch: &nbsp;<a href=\"https:\/\/doi.org\/10.1016\/j.jclepro.2023.135851\">von Agroscope f\u00fcr die Schweiz nachgewiesen<\/a> und in der Fachzeitschrift <a href=\"https:\/\/che01.safelinks.protection.outlook.com\/?url=https%3A%2F%2Fwww.science.org%2Fdoi%2Ffull%2F10.1126%2Fscience.adj1914&amp;data=05%7C02%7C%7Cdf4f4143bece4673a2e508dda9a52dec%7Cddcc3f51f0b445f2ad261537ea975a48%7C0%7C0%7C638853249122562621%7CUnknown%7CTWFpbGZsb3d8eyJFbXB0eU1hcGkiOnRydWUsIlYiOiIwLjAuMDAwMCIsIlAiOiJXaW4zMiIsIkFOIjoiTWFpbCIsIldUIjoyfQ%3D%3D%7C0%7C%7C%7C&amp;sdata=TOgBPzADN%2BEIrGDo%2F1QzKhB9HnYPZhbgEkYx0xOoMkc%3D&amp;reserved=0\">Science f\u00fcr viele Teile der Welt<\/a><\/li>\n<\/ul>\n<\/div><\/div>\n\n\n\n<div class=\"wp-block-getwid-accordion__header-wrapper\"><span class=\"wp-block-getwid-accordion__header\"><a href=\"#\"><span class=\"wp-block-getwid-accordion__header-title\">#02 Farngut \u201eEin Bauer geht andere Wege\u201c (Agrar\u00f6kologie in der landwirtschaftlichen Praxis)<\/span><span class=\"wp-block-getwid-accordion__icon is-active\"><i class=\"fas fa-plus\"><\/i><\/span><span class=\"wp-block-getwid-accordion__icon is-passive\"><i class=\"fas fa-minus\"><\/i><\/span><\/a><\/span><\/div><div class=\"wp-block-getwid-accordion__content-wrapper\"><div class=\"wp-block-getwid-accordion__content\">\n<p><strong>Betrieb<\/strong><\/p>\n\n\n\n<ul class=\"wp-block-list\">\n<li><a href=\"https:\/\/farngut.ch\/\" target=\"_blank\" rel=\"noreferrer noopener\">Farngut<\/a> Grossaffoltern BE<\/li>\n<\/ul>\n\n\n\n<p><strong>Projekte<\/strong><\/p>\n\n\n\n<ul class=\"wp-block-list\">\n<li><a href=\"https:\/\/honesta.swiss\/\" target=\"_blank\" rel=\"noopener\" title=\"Honesta\">Honesta<\/a>, Technik in Permakulturfl\u00e4chen<\/li>\n<\/ul>\n<\/div><\/div>\n\n\n\n<div class=\"wp-block-getwid-accordion__header-wrapper\"><span class=\"wp-block-getwid-accordion__header\"><a href=\"#\"><span class=\"wp-block-getwid-accordion__header-title\">#03 Agrar\u00f6kologie und Tradition kein Widerspruch sondern gelebte Praxis auf F\u00e4schtu&#8217;s Biohof (Agrar\u00f6kologie in der landwirtschaftlichen Praxis)<\/span><span class=\"wp-block-getwid-accordion__icon is-active\"><i class=\"fas fa-plus\"><\/i><\/span><span class=\"wp-block-getwid-accordion__icon is-passive\"><i class=\"fas fa-minus\"><\/i><\/span><\/a><\/span><\/div><div class=\"wp-block-getwid-accordion__content-wrapper\"><div class=\"wp-block-getwid-accordion__content\">\n<p><strong>Betrieb<\/strong><\/p>\n\n\n\n<p><a href=\"https:\/\/che01.safelinks.protection.outlook.com\/?url=https%3A%2F%2Fwww.faeschtus-biohof.ch%2F&amp;data=05%7C02%7C%7C4a2cd1f4703c41f9e29508ddc4520233%7Cddcc3f51f0b445f2ad261537ea975a48%7C0%7C0%7C638882578685342717%7CUnknown%7CTWFpbGZsb3d8eyJFbXB0eU1hcGkiOnRydWUsIlYiOiIwLjAuMDAwMCIsIlAiOiJXaW4zMiIsIkFOIjoiTWFpbCIsIldUIjoyfQ%3D%3D%7C0%7C%7C%7C&amp;sdata=9jw8J1SElJMhDR32gNCz%2BWX22Wq%2BiDXn%2FDZQ%2BYDB24Q%3D&amp;reserved=0\" target=\"_blank\" rel=\"noreferrer noopener\">F\u00e4schtu\u2019s Biohof<\/a>, Giffers FR<\/p>\n<\/div><\/div>\n\n\n\n<div class=\"wp-block-getwid-accordion__header-wrapper\"><span class=\"wp-block-getwid-accordion__header\"><a href=\"#\"><span class=\"wp-block-getwid-accordion__header-title\">#04 Regenerativer Obstbau: Gesunde B\u00f6den f\u00fcr gesunde Fr\u00fcchte am Fr\u00fcchtehof Morgest\u00e4rn (Agrar\u00f6kologie in der landwirtschaftlichen Praxis)<\/span><span class=\"wp-block-getwid-accordion__icon is-active\"><i class=\"fas fa-plus\"><\/i><\/span><span class=\"wp-block-getwid-accordion__icon is-passive\"><i class=\"fas fa-minus\"><\/i><\/span><\/a><\/span><\/div><div class=\"wp-block-getwid-accordion__content-wrapper\"><div class=\"wp-block-getwid-accordion__content\">\n<p><strong>Betrieb<\/strong><\/p>\n\n\n\n<p><a href=\"https:\/\/xn--morgestrn-12a.ch\/\" target=\"_blank\" rel=\"noreferrer noopener\">Morgest\u00e4rn<\/a>\u00a0in Kulmerau LU\u00a0<\/p>\n<\/div><\/div>\n\n\n\n<div class=\"wp-block-getwid-accordion__header-wrapper\"><span class=\"wp-block-getwid-accordion__header\"><a href=\"#\"><span class=\"wp-block-getwid-accordion__header-title\">#05 Was morgen auf den Teller kommt: Wege zu einer zukunftsf\u00e4higen Ern\u00e4hrung<\/span><span class=\"wp-block-getwid-accordion__icon is-active\"><i class=\"fas fa-plus\"><\/i><\/span><span class=\"wp-block-getwid-accordion__icon is-passive\"><i class=\"fas fa-minus\"><\/i><\/span><\/a><\/span><\/div><div class=\"wp-block-getwid-accordion__content-wrapper\"><div class=\"wp-block-getwid-accordion__content\">\n<ul class=\"wp-block-list\">\n<li><a href=\"https:\/\/www.zhaw.ch\/de\/lsfm\/institute-zentren\/iunr\/nachhaltigkeits-transformation-und-ernaehrungssysteme\/geography-of-food\" target=\"_blank\" rel=\"noreferrer noopener\">Forschungsgruppe Geography of Food, ZHAW<\/a>\u00a0<\/li>\n\n\n\n<li><a href=\"https:\/\/www.zhaw.ch\/de\/lsfm\/institute-zentren\/iunr\/nachhaltigkeits-transformation-und-ernaehrungssysteme\/geography-of-food\/ernaehrungsstrategien-fuer-alle\" target=\"_blank\" rel=\"noreferrer noopener\">Ern\u00e4hrungsstrategien f\u00fcr alle \u2013 lokale Transformationsprozesse<\/a>\u00a0<\/li>\n\n\n\n<li><a href=\"https:\/\/www.zhaw.ch\/de\/lsfm\/institute-zentren\/iunr\/nachhaltigkeits-transformation-und-ernaehrungssysteme\/geography-of-food\/e-learnings-fuer-nachhaltige-ernaehrungssysteme\" target=\"_blank\" rel=\"noreferrer noopener\">E-Learning f\u00fcr nachhaltige Ern\u00e4hrungssysteme, ZHAW<\/a>\u00a0<\/li>\n\n\n\n<li>Emissionen der Detailh\u00e4ndler:\u00a0<a href=\"https:\/\/www.greenpeace.ch\/de\/publikation\/109431\/coop-und-migros-greenshifting-statt-klimaschutz\/\" target=\"_blank\" rel=\"noreferrer noopener\">Coop und Migros: Greenshifting statt Klimaschutz<\/a>\u00a0<\/li>\n\n\n\n<li>Beitrag der Ern\u00e4hrungsempfehlung zu den Klimazielen:\u00a0<a href=\"https:\/\/www.greenpeace.ch\/de\/publikation\/115839\/ernaehrung-mit-zukunft\/\" target=\"_blank\" rel=\"noreferrer noopener\">Ern\u00e4hrung mit Zukunft?<\/a>\u00a0<\/li>\n\n\n\n<li>Greenpeace Schweiz:\u00a0<a href=\"https:\/\/che01.safelinks.protection.outlook.com\/?url=https%3A%2F%2Fwww.greenpeace.ch%2Fde%2Fhandeln%2Ffreiwillige%2F&amp;data=05%7C02%7C%7C4378a81942834035df8108ddeea0cfae%7Cddcc3f51f0b445f2ad261537ea975a48%7C0%7C0%7C638929096658318610%7CUnknown%7CTWFpbGZsb3d8eyJFbXB0eU1hcGkiOnRydWUsIlYiOiIwLjAuMDAwMCIsIlAiOiJXaW4zMiIsIkFOIjoiTWFpbCIsIldUIjoyfQ%3D%3D%7C0%7C%7C%7C&amp;sdata=AiTPgioZzgddumzDue3mBcjptjWX%2BVl0SbmuNcnsLwg%3D&amp;reserved=0\" target=\"_blank\" rel=\"noreferrer noopener\">Freiwilliges Engagement<\/a>\u00a0und\u00a0<a href=\"https:\/\/che01.safelinks.protection.outlook.com\/?url=https%3A%2F%2Fwww.greenpeace.ch%2Fde%2Fhandeln%2Fspenden%2F&amp;data=05%7C02%7C%7C4378a81942834035df8108ddeea0cfae%7Cddcc3f51f0b445f2ad261537ea975a48%7C0%7C0%7C638929096658342515%7CUnknown%7CTWFpbGZsb3d8eyJFbXB0eU1hcGkiOnRydWUsIlYiOiIwLjAuMDAwMCIsIlAiOiJXaW4zMiIsIkFOIjoiTWFpbCIsIldUIjoyfQ%3D%3D%7C0%7C%7C%7C&amp;sdata=reW7gxuoSaaE3xwNfkSU3KAXCfNlHF9H5%2B%2BMAtZ2TE0%3D&amp;reserved=0\" target=\"_blank\" rel=\"noreferrer noopener\">Spenden<\/a>\u00a0<\/li>\n\n\n\n<li>FiBL Studie:\u00a0<a href=\"https:\/\/www.fibl.org\/de\/themen\/projektdatenbank\/projektitem\/project\/2532\" target=\"_blank\" rel=\"noreferrer noopener\">Verstecke Kosten des Schweizer Agrar- und Ern\u00e4hrungssystems<\/a>\u00a0<\/li>\n<\/ul>\n<\/div><\/div>\n\n\n\n<div class=\"wp-block-getwid-accordion__header-wrapper\"><span class=\"wp-block-getwid-accordion__header\"><a href=\"#\"><span class=\"wp-block-getwid-accordion__header-title\">#06 Agrar\u00f6kologische Beratung in der Landwirtschaft: Was steckt dahinter?<\/span><span class=\"wp-block-getwid-accordion__icon is-active\"><i class=\"fas fa-plus\"><\/i><\/span><span class=\"wp-block-getwid-accordion__icon is-passive\"><i class=\"fas fa-minus\"><\/i><\/span><\/a><\/span><\/div><div class=\"wp-block-getwid-accordion__content-wrapper\"><div class=\"wp-block-getwid-accordion__content\">\n<ul class=\"wp-block-list\">\n<li>Agripedia:\u00a0<a href=\"https:\/\/themes.agripedia.ch\/strategidea\/\" target=\"_blank\" rel=\"noreferrer noopener\">Strategidea<\/a>\u00a0&amp;\u00a0<a href=\"https:\/\/che01.safelinks.protection.outlook.com\/?url=https%3A%2F%2Fagripedia.ch%2Fagraroekologie%2F&amp;data=05%7C02%7C%7Cde917adab0f142a46eb708de0023e6e7%7Cddcc3f51f0b445f2ad261537ea975a48%7C0%7C0%7C638948351439866067%7CUnknown%7CTWFpbGZsb3d8eyJFbXB0eU1hcGkiOnRydWUsIlYiOiIwLjAuMDAwMCIsIlAiOiJXaW4zMiIsIkFOIjoiTWFpbCIsIldUIjoyfQ%3D%3D%7C0%7C%7C%7C&amp;sdata=Ddn8kM7%2FiVVmWNerzgsERHCRv4NWj7x1XSZVs0RSWn8%3D&amp;reserved=0\" target=\"_blank\" rel=\"noreferrer noopener\">Agrar\u00f6kologische Beratung<\/a><\/li>\n\n\n\n<li><a href=\"https:\/\/probio.bioaktuell.ch\/arbeitskreise\" target=\"_blank\" rel=\"noreferrer noopener\">Probio Arbeitskreise<\/a><\/li>\n\n\n\n<li><a href=\"https:\/\/www.regenerativ.ch\/\" target=\"_blank\" rel=\"noreferrer noopener\">Regenerativ Schweiz<\/a><\/li>\n\n\n\n<li><a href=\"https:\/\/www.zg.ch\/behoerden\/volkswirtschaftsdirektion\/lbbz\/beratung-fachinformation\/pflanzenbau\/regenerative-landwirtschaft\/beratung-regenerative-landwirtschaft\" target=\"_blank\" rel=\"noreferrer noopener\">Beratung regenerative Landwirtschaft am LBBZ Schluechthof<\/a><\/li>\n\n\n\n<li><a href=\"https:\/\/www.permakultur-beratung.ch\/\" target=\"_blank\" rel=\"noreferrer noopener\">Permakultur Beratung<\/a><\/li>\n\n\n\n<li><a href=\"https:\/\/permakultur-landwirtschaft.org\/\" target=\"_blank\" rel=\"noreferrer noopener\">Permakultur Landwirtschaft<\/a><\/li>\n\n\n\n<li><a href=\"https:\/\/betriebscoaching.ch\/\" target=\"_blank\" rel=\"noreferrer noopener\">Betriebscoaching<\/a><\/li>\n\n\n\n<li><a href=\"https:\/\/www.agroecologyworks.ch\/de\/tage-der-agraroekologie\/2025\/events\" target=\"_blank\" rel=\"noreferrer noopener\">Tage der Agrar\u00f6kologie<\/a><\/li>\n<\/ul>\n<\/div><\/div>\n\n\n\n<div class=\"wp-block-getwid-accordion__header-wrapper\"><span class=\"wp-block-getwid-accordion__header\"><a href=\"#\"><span class=\"wp-block-getwid-accordion__header-title\">#07 Konservierende Landwirtschaft im Fokus: Reto Minder \u00fcber Direktsaat und Strip-Till (Agrar\u00f6kologie in der landwirtschaftlichen Praxis)<\/span><span class=\"wp-block-getwid-accordion__icon is-active\"><i class=\"fas fa-plus\"><\/i><\/span><span class=\"wp-block-getwid-accordion__icon is-passive\"><i class=\"fas fa-minus\"><\/i><\/span><\/a><\/span><\/div><div class=\"wp-block-getwid-accordion__content-wrapper\"><div class=\"wp-block-getwid-accordion__content\">\n<ul class=\"wp-block-list\">\n<li><a href=\"https:\/\/soilevolution.com\/\" target=\"_blank\" rel=\"noreferrer noopener\">https:\/\/soilevolution.com\/<\/a><\/li>\n\n\n\n<li><a href=\"https:\/\/che01.safelinks.protection.outlook.com\/?url=https%3A%2F%2Fwww.whatsapp.com%2Fchannel%2F0029Vb6MFLS59PwXVPhMni08&amp;data=05%7C02%7C%7C0e6af44361e7439d88ca08de2b4a1e9e%7Cddcc3f51f0b445f2ad261537ea975a48%7C0%7C0%7C638995794535981556%7CUnknown%7CTWFpbGZsb3d8eyJFbXB0eU1hcGkiOnRydWUsIlYiOiIwLjAuMDAwMCIsIlAiOiJXaW4zMiIsIkFOIjoiTWFpbCIsIldUIjoyfQ%3D%3D%7C0%7C%7C%7C&amp;sdata=cxzyHdH2JcE%2Bfx1gupwwMrtUVtftMMav1RiKHZlMULg%3D&amp;reserved=0\" target=\"_blank\" rel=\"noreferrer noopener\">SoilEvolution | WhatsApp-Kanal<\/a><\/li>\n\n\n\n<li><a href=\"https:\/\/no-till.ch\/\" target=\"_blank\" rel=\"noreferrer noopener\">https:\/\/no-till.ch\/<\/a>\u00a0<\/li>\n<\/ul>\n<\/div><\/div>\n<\/div>\n\n\n\n<div style=\"height:100px\" aria-hidden=\"true\" class=\"wp-block-spacer\"><\/div>\n\n\n\n<p class=\"has-text-align-right\"><a href=\"https:\/\/agripedia.ch\/agraroekologie\/infothek\/#\" title=\"Zur\u00fcck zum Podcast \u2192\"><strong>Zur\u00fcck zum Podcast <em>\u2192<\/em><\/strong><\/a><\/p>\n","protected":false},"excerpt":{"rendered":"<p>Links zur Folge Zur\u00fcck zum Podcast \u2192<\/p>\n","protected":false},"author":1228,"featured_media":0,"parent":0,"menu_order":0,"comment_status":"closed","ping_status":"closed","template":"","meta":{"_sb_is_suggestion_mode":false,"_sb_show_suggestion_boards":false,"_sb_show_comment_boards":false,"_sb_suggestion_history":"","_sb_update_block_changes":"","advgb_blocks_editor_width":"","advgb_blocks_columns_visual_guide":"","_monsterinsights_skip_tracking":false,"_monsterinsights_sitenote_active":false,"_monsterinsights_sitenote_note":"","_monsterinsights_sitenote_category":0,"footnotes":""},"class_list":["post-1232","page","type-page","status-publish","hentry"],"aioseo_notices":[],"coauthors":[{"link":"https:\/\/agripedia.ch\/agraroekologie\/author\/fpe0\/","display_name":"Florian Peyer (AGRIDEA)"}],"author_meta":{"author_link":"https:\/\/agripedia.ch\/agraroekologie\/author\/fpe0\/","display_name":"Florian Peyer (AGRIDEA)"},"relative_dates":{"created":"Posted 9\u00a0Monaten ago","modified":"Updated 2\u00a0Monaten ago"},"absolute_dates":{"created":"Posted on 9. Juli 2025","modified":"Updated on 28. Januar 2026"},"absolute_dates_time":{"created":"Posted on 9. Juli 2025 8:50","modified":"Updated on 28. Januar 2026 10:01"},"featured_img_caption":"","featured_img":false,"series_order":"","_links":{"self":[{"href":"https:\/\/agripedia.ch\/agraroekologie\/wp-json\/wp\/v2\/pages\/1232","targetHints":{"allow":["GET"]}}],"collection":[{"href":"https:\/\/agripedia.ch\/agraroekologie\/wp-json\/wp\/v2\/pages"}],"about":[{"href":"https:\/\/agripedia.ch\/agraroekologie\/wp-json\/wp\/v2\/types\/page"}],"author":[{"embeddable":true,"href":"https:\/\/agripedia.ch\/agraroekologie\/wp-json\/wp\/v2\/users\/1228"}],"replies":[{"embeddable":true,"href":"https:\/\/agripedia.ch\/agraroekologie\/wp-json\/wp\/v2\/comments?post=1232"}],"version-history":[{"count":9,"href":"https:\/\/agripedia.ch\/agraroekologie\/wp-json\/wp\/v2\/pages\/1232\/revisions"}],"predecessor-version":[{"id":2149,"href":"https:\/\/agripedia.ch\/agraroekologie\/wp-json\/wp\/v2\/pages\/1232\/revisions\/2149"}],"wp:attachment":[{"href":"https:\/\/agripedia.ch\/agraroekologie\/wp-json\/wp\/v2\/media?parent=1232"}],"curies":[{"name":"wp","href":"https:\/\/api.w.org\/{rel}","templated":true}]}}