{"id":11,"date":"2024-10-29T09:57:43","date_gmt":"2024-10-29T08:57:43","guid":{"rendered":"https:\/\/agripedia.ch\/agraroekologie\/?page_id=11"},"modified":"2025-04-14T12:25:43","modified_gmt":"2025-04-14T10:25:43","slug":"akteure","status":"publish","type":"page","link":"https:\/\/agripedia.ch\/agraroekologie\/akteure\/","title":{"rendered":"Akteurinnen und Akteure der Agrar\u00f6kologie"},"content":{"rendered":"\n<p>Die Agrar\u00f6kologie in der Schweiz gewinnt zunehmend an Bedeutung und wird von einer Vielzahl engagierter Personen und Organisationen vorangetrieben. Dabei stehen Zusammenarbeit und Austausch auf Augenh\u00f6he im Mittelpunkt, um eine vielf\u00e4ltige, lokal angepasste und gerechte Landwirtschaft zu f\u00f6rdern und langfristig resiliente Ern\u00e4hrungssysteme aufzubauen.<\/p>\n\n\n\n<div class=\"wp-block-group agripedia-box is-layout-flow wp-block-group-is-layout-flow\">\n<div class=\"wp-block-group agripedia-box-header is-layout-flow wp-block-group-is-layout-flow\">\n<h5 class=\"wp-block-heading\">Akteurinnen &amp; Akteure der Agrar\u00f6kologie<\/h5>\n<\/div>\n\n\n\n<div class=\"wp-block-group agripedia-box-content is-layout-flow wp-block-group-is-layout-flow\">\n<p>\u2192 Akteurinnen &amp; Akteure<\/p>\n\n\n\n<p>\u2192 <a href=\"https:\/\/agripedia.ch\/agraroekologie\/akteure-schweiz\/\" title=\"\">Schweiz<\/a><\/p>\n\n\n\n<p>\u2192 <a href=\"https:\/\/agripedia.ch\/agraroekologie\/akteure-international\/\" title=\"\">International<\/a><\/p>\n<\/div>\n<\/div>\n\n\n\n<div style=\"height:40px\" aria-hidden=\"true\" class=\"wp-block-spacer\"><\/div>\n\n\n\n<p class=\"has-text-align-right\"><strong><a href=\"https:\/\/agripedia.ch\/agraroekologie\/akteure-schweiz\/\" title=\"\">Akteurinnen &amp; Akteure in der Schweiz<strong> \u2192<\/strong><\/a><\/strong><\/p>\n\n\n\n<hr class=\"wp-block-separator has-alpha-channel-opacity\"\/>\n\n\n\n<p class=\"has-text-align-right\"><a href=\"https:\/\/agripedia.ch\/agraroekologie\/kontakt\/\" title=\"\"><em>Hinweise, Erg\u00e4nzungen, Anregungen und Kommentare nehmen wir gerne entgegen \u2192<\/em><\/a><\/p>\n","protected":false},"excerpt":{"rendered":"<p>Die Agrar\u00f6kologie in der Schweiz gewinnt zunehmend an Bedeutung und wird von einer Vielzahl engagierter Personen und Organisationen vorangetrieben. Dabei stehen Zusammenarbeit und Austausch auf Augenh\u00f6he im Mittelpunkt, um eine vielf\u00e4ltige, lokal angepasste und gerechte Landwirtschaft zu f\u00f6rdern und langfristig resiliente Ern\u00e4hrungssysteme aufzubauen. Akteurinnen &amp; Akteure der Agrar\u00f6kologie \u2192 Akteurinnen &amp; Akteure \u2192 Schweiz \u2192 [&hellip;]<\/p>\n","protected":false},"author":1228,"featured_media":1106,"parent":0,"menu_order":0,"comment_status":"closed","ping_status":"closed","template":"","meta":{"_sb_is_suggestion_mode":false,"_sb_show_suggestion_boards":false,"_sb_show_comment_boards":false,"_sb_suggestion_history":"","_sb_update_block_changes":"","advgb_blocks_editor_width":"","advgb_blocks_columns_visual_guide":"","_monsterinsights_skip_tracking":false,"_monsterinsights_sitenote_active":false,"_monsterinsights_sitenote_note":"","_monsterinsights_sitenote_category":0,"footnotes":""},"class_list":["post-11","page","type-page","status-publish","has-post-thumbnail","hentry"],"aioseo_notices":[],"coauthors":[{"link":"https:\/\/agripedia.ch\/agraroekologie\/author\/fpe0\/","display_name":"Florian Peyer (AGRIDEA)"}],"author_meta":{"author_link":"https:\/\/agripedia.ch\/agraroekologie\/author\/fpe0\/","display_name":"Florian Peyer (AGRIDEA)"},"relative_dates":{"created":"Posted 1\u00a0Jahr ago","modified":"Updated 1\u00a0Jahr ago"},"absolute_dates":{"created":"Posted on 29. Oktober 2024","modified":"Updated on 14. April 2025"},"absolute_dates_time":{"created":"Posted on 29. Oktober 2024 9:57","modified":"Updated on 14. April 2025 12:25"},"featured_img_caption":"Flurgang Acker","featured_img":"https:\/\/agripedia.ch\/agraroekologie\/wp-content\/uploads\/sites\/62\/2025\/03\/Landwirtschaft_verstehen.jpg","series_order":"","_links":{"self":[{"href":"https:\/\/agripedia.ch\/agraroekologie\/wp-json\/wp\/v2\/pages\/11","targetHints":{"allow":["GET"]}}],"collection":[{"href":"https:\/\/agripedia.ch\/agraroekologie\/wp-json\/wp\/v2\/pages"}],"about":[{"href":"https:\/\/agripedia.ch\/agraroekologie\/wp-json\/wp\/v2\/types\/page"}],"author":[{"embeddable":true,"href":"https:\/\/agripedia.ch\/agraroekologie\/wp-json\/wp\/v2\/users\/1228"}],"replies":[{"embeddable":true,"href":"https:\/\/agripedia.ch\/agraroekologie\/wp-json\/wp\/v2\/comments?post=11"}],"version-history":[{"count":18,"href":"https:\/\/agripedia.ch\/agraroekologie\/wp-json\/wp\/v2\/pages\/11\/revisions"}],"predecessor-version":[{"id":1154,"href":"https:\/\/agripedia.ch\/agraroekologie\/wp-json\/wp\/v2\/pages\/11\/revisions\/1154"}],"wp:featuredmedia":[{"embeddable":true,"href":"https:\/\/agripedia.ch\/agraroekologie\/wp-json\/wp\/v2\/media\/1106"}],"wp:attachment":[{"href":"https:\/\/agripedia.ch\/agraroekologie\/wp-json\/wp\/v2\/media?parent=11"}],"curies":[{"name":"wp","href":"https:\/\/api.w.org\/{rel}","templated":true}]}}