{"id":912,"date":"2024-10-29T09:58:36","date_gmt":"2024-10-29T08:58:36","guid":{"rendered":"https:\/\/agripedia.ch\/agraroekologie\/foire-aux-questions\/"},"modified":"2025-03-25T09:22:58","modified_gmt":"2025-03-25T08:22:58","slug":"foire-aux-questions","status":"publish","type":"page","link":"https:\/\/agripedia.ch\/agraroekologie\/fr\/foire-aux-questions\/","title":{"rendered":"Foire aux questions"},"content":{"rendered":"\n<p>Vous trouverez ici des r\u00e9ponses claires aux questions les plus fr\u00e9quentes sur l&#8217;agro\u00e9cologie.<\/p>\n\n\n\n<div class=\"wp-block-group agripedia-box is-layout-flow wp-block-group-is-layout-flow\">\n<div class=\"wp-block-group agripedia-box-header is-layout-flow wp-block-group-is-layout-flow\">\n<h5 class=\"wp-block-heading\">FAQ sur l&#8217;agro\u00e9cologie<\/h5>\n<\/div>\n\n\n\n<div class=\"wp-block-group agripedia-box-content is-layout-flow wp-block-group-is-layout-flow\">\n<div class=\"wp-block-getwid-accordion has-icon-left\" data-active-element=\"none\">\n<div class=\"wp-block-getwid-accordion__header-wrapper\"><span class=\"wp-block-getwid-accordion__header\"><a href=\"#\"><span class=\"wp-block-getwid-accordion__header-title\">Quelle est la diff\u00e9rence entre l&#8217;agro\u00e9cologie, l&#8217;agriculture biologique et l&#8217;agriculture r\u00e9g\u00e9n\u00e9ratrice ?<\/span><span class=\"wp-block-getwid-accordion__icon is-active\"><i class=\"fas fa-plus\"><\/i><\/span><span class=\"wp-block-getwid-accordion__icon is-passive\"><i class=\"fas fa-minus\"><\/i><\/span><\/a><\/span><\/div><div class=\"wp-block-getwid-accordion__content-wrapper\"><div class=\"wp-block-getwid-accordion__content\">\n<p>De nombreux noms, des contenus similaires. La <a href=\"https:\/\/tabledebates.org\/publication\/regenerative-agriculture-organic-agroecology\" target=\"_blank\" rel=\"noreferrer noopener\">repr\u00e9sentation de TABLE \u2192<\/a> visualise les points communs et les diff\u00e9rences. <\/p>\n\n\n\n<figure class=\"wp-block-image\"><img decoding=\"async\" src=\"https:\/\/themes.agripedia.ch\/wp-content\/uploads\/2024\/09\/TABLE_AgroecologyVSorganicVSregenerative-1-1024x634.png\" alt=\"\" class=\"wp-image-62233\"\/><figcaption class=\"wp-element-caption\">Diff\u00e9rence entre agro\u00e9cologie, r\u00e9g\u00e9n\u00e9ratif et biologique selon TABLE. Source : <a href=\"https:\/\/tabledebates.org\/publication\/regenerative-agriculture-organic-agroecology\">TABLE<\/a> <\/figcaption><\/figure>\n\n\n\n<p>En outre, la Deutsche Gesellschaft f\u00fcr Internationale Zusammenarbeit (GIZ) d\u00e9crit les liens entre l&#8217;agro\u00e9cologie et l&#8217;agriculture biologique dans une <a href=\"https:\/\/www.giz.de\/en\/downloads\/giz2020_en_Agroecology-and-Organic-Agriculture_SV%20Nachhaltige%20Landwirtschaft.pdf\" target=\"_blank\" rel=\"noreferrer noopener\">fiche d&#8217;information claire \u2192.<\/a><\/p>\n\n\n\n<div style=\"height:40px\" aria-hidden=\"true\" class=\"wp-block-spacer\"><\/div>\n\n\n\n<p>Outre ces trois approches, il existe d&#8217;autres concepts de production alimentaire durable. Biovision a rassembl\u00e9 les concepts les plus courants sur son Agroecology Info Pool. <a href=\"https:\/\/www.agroecology-pool.org\/associated-concepts\/\" target=\"_blank\" rel=\"noopener\" title=\"Liste des concepts\">Liste des concepts \u2192.<\/a> <\/p>\n\n\n\n<figure class=\"wp-block-image size-full is-resized\"><img loading=\"lazy\" decoding=\"async\" width=\"1024\" height=\"791\" src=\"https:\/\/agripedia.ch\/agraroekologie\/wp-content\/uploads\/sites\/62\/2025\/02\/image-7.png\" alt=\"\" class=\"wp-image-620\" style=\"width:655px;height:auto\" srcset=\"https:\/\/agripedia.ch\/agraroekologie\/wp-content\/uploads\/sites\/62\/2025\/02\/image-7.png 1024w, https:\/\/agripedia.ch\/agraroekologie\/wp-content\/uploads\/sites\/62\/2025\/02\/image-7-300x232.png 300w, https:\/\/agripedia.ch\/agraroekologie\/wp-content\/uploads\/sites\/62\/2025\/02\/image-7-768x593.png 768w\" sizes=\"auto, (max-width: 1024px) 100vw, 1024px\" \/><figcaption class=\"wp-element-caption\">Liens entre diff\u00e9rents concepts autour de l&#8217;agro\u00e9cologie et de la production alimentaire durable selon Biovision. Source : <a href=\"https:\/\/www.agroecology-pool.org\/associated-concepts\/\" target=\"_blank\" rel=\"noopener\" title=\"Pool d'information sur l'agro\u00e9cologie\">Agroecology Info Pool<\/a> <\/figcaption><\/figure>\n<\/div><\/div>\n\n\n\n<div class=\"wp-block-getwid-accordion__header-wrapper\"><span class=\"wp-block-getwid-accordion__header\"><a href=\"#\"><span class=\"wp-block-getwid-accordion__header-title\">La permaculture est-elle la m\u00eame chose que l&#8217;agro\u00e9cologie ?<\/span><span class=\"wp-block-getwid-accordion__icon is-active\"><i class=\"fas fa-plus\"><\/i><\/span><span class=\"wp-block-getwid-accordion__icon is-passive\"><i class=\"fas fa-minus\"><\/i><\/span><\/a><\/span><\/div><div class=\"wp-block-getwid-accordion__content-wrapper\"><div class=\"wp-block-getwid-accordion__content\">\n<p>Voici ce qui est \u00e9crit dans le manuel d&#8217;agro\u00e9cologie pour les agriculteurs de <a href=\"https:\/\/traece.eu\/about\/\" target=\"_blank\" rel=\"noopener\" title=\"trAEce\">trAEce<\/a>:<\/p>\n\n\n\n<div class=\"wp-block-group agripedia-box has-agridea-light-gray-background-color has-background is-layout-flow wp-block-group-is-layout-flow\">\n<div class=\"wp-block-group agripedia-box-content is-layout-flow wp-block-group-is-layout-flow\">\n<p>&#8220;La permaculture peut \u00eatre consid\u00e9r\u00e9e comme un mouvement agro\u00e9cologique avec une approche sp\u00e9cifique de la conception, qui partage une vision syst\u00e9mique de la vie et des activit\u00e9s humaines. Les principes et les th\u00e8mes de la permaculture peuvent compl\u00e9ter ceux de l&#8217;agro\u00e9cologie&#8221; et &#8220;l&#8217;agro\u00e9cologie fournit le contexte politique et social du mouvement et est davantage ancr\u00e9e dans les communaut\u00e9s agricoles&#8221;, ainsi que &#8220;La voie de transition vers l&#8217;agro\u00e9cologie \u00e0 plus grande \u00e9chelle (pour l&#8217;ensemble du syst\u00e8me alimentaire) est bien \u00e9labor\u00e9e [&#8230;] et la permaculture offre une s\u00e9rie d&#8217;outils pour la conception et la mise en \u0153uvre de la transition au niveau de l&#8217;exploitation agricole&#8221;.<\/p>\n\n\n\n<p><a href=\"https:\/\/traece.eu\/documents\/\" target=\"_blank\" rel=\"noreferrer noopener\">trAEce (2020):\u00a0<em>Agrar\u00f6kologie: Einf\u00fchrungshandbuch f\u00fcr Landwirte (S. 45)<\/em><\/a><\/p>\n<\/div>\n<\/div>\n<\/div><\/div>\n\n\n\n<div class=\"wp-block-getwid-accordion__header-wrapper\"><span class=\"wp-block-getwid-accordion__header\"><a href=\"#\"><span class=\"wp-block-getwid-accordion__header-title\">Comment puis-je trouver des exploitations et des initiatives agro\u00e9cologiques dans ma r\u00e9gion ?<\/span><span class=\"wp-block-getwid-accordion__icon is-active\"><i class=\"fas fa-plus\"><\/i><\/span><span class=\"wp-block-getwid-accordion__icon is-passive\"><i class=\"fas fa-minus\"><\/i><\/span><\/a><\/span><\/div><div class=\"wp-block-getwid-accordion__content-wrapper\"><div class=\"wp-block-getwid-accordion__content\">\n<p>Visitez la <a href=\"https:\/\/www.agroecologyworks.ch\/fr\/agroecologie\/carte-suisse\" target=\"_blank\" rel=\"noopener\" title=\"\">carte interactive<\/a> d&#8217;Agroecology Works !, qui r\u00e9pertorie un grand nombre d&#8217;exploitations agricoles, d&#8217;acteurs et d&#8217;initiatives impliqu\u00e9s dans l&#8217;agro\u00e9cologie.<\/p>\n<\/div><\/div>\n<\/div>\n<\/div>\n<\/div>\n\n\n\n<hr class=\"wp-block-separator has-alpha-channel-opacity\" id=\"block-5a8a2c31-d74f-4e6c-9fbc-57a7bdca2915\"\/>\n\n\n\n<p class=\"has-text-align-right\" id=\"block-871e7a8b-91f3-4c42-ba2a-73397e0adc21\"><em>Vous ne trouvez pas la r\u00e9ponse que vous cherchez ? Contactez-nous via le <strong><a href=\"https:\/\/agripedia.ch\/agraroekologie\/fr\/contact\/\" title=\"\">Formulaire de contact <strong>\u2192<\/strong><\/a><\/strong> <\/em><\/p>\n\n\n\n<div style=\"height:40px\" aria-hidden=\"true\" class=\"wp-block-spacer\"><\/div>\n","protected":false},"excerpt":{"rendered":"<p>Vous trouverez ici des r\u00e9ponses claires aux questions les plus fr\u00e9quentes sur l&#8217;agro\u00e9cologie. FAQ sur l&#8217;agro\u00e9cologie Vous ne trouvez pas la r\u00e9ponse que vous cherchez ? Contactez-nous via le Formulaire de contact \u2192<\/p>\n","protected":false},"author":1228,"featured_media":449,"parent":0,"menu_order":0,"comment_status":"closed","ping_status":"closed","template":"","meta":{"_sb_is_suggestion_mode":false,"_sb_show_suggestion_boards":false,"_sb_show_comment_boards":false,"_sb_suggestion_history":"","_sb_update_block_changes":"","advgb_blocks_editor_width":"","advgb_blocks_columns_visual_guide":"","_monsterinsights_skip_tracking":false,"_monsterinsights_sitenote_active":false,"_monsterinsights_sitenote_note":"","_monsterinsights_sitenote_category":0,"footnotes":""},"class_list":["post-912","page","type-page","status-publish","has-post-thumbnail","hentry"],"aioseo_notices":[],"coauthors":[{"link":"https:\/\/agripedia.ch\/agraroekologie\/fr\/author\/fpe0\/","display_name":"Florian Peyer (AGRIDEA)"}],"author_meta":{"author_link":"https:\/\/agripedia.ch\/agraroekologie\/fr\/author\/fpe0\/","display_name":"Florian Peyer (AGRIDEA)"},"relative_dates":{"created":"Publi\u00e9 1 an il y a","modified":"Mis \u00e0 jour 1 an il y a"},"absolute_dates":{"created":"Publi\u00e9 le 29 octobre 2024","modified":"Mise \u00e0 jour le 25 mars 2025"},"absolute_dates_time":{"created":"Publi\u00e9 le 29 octobre 2024 9h58","modified":"Mise \u00e0 jour le 25 mars 2025 9h22"},"featured_img_caption":"FAQ, H\u00e4ufig gestellte Fragen","featured_img":"https:\/\/agripedia.ch\/agraroekologie\/wp-content\/uploads\/sites\/62\/2025\/01\/20231230_155155-1.jpg","series_order":"","_links":{"self":[{"href":"https:\/\/agripedia.ch\/agraroekologie\/fr\/wp-json\/wp\/v2\/pages\/912","targetHints":{"allow":["GET"]}}],"collection":[{"href":"https:\/\/agripedia.ch\/agraroekologie\/fr\/wp-json\/wp\/v2\/pages"}],"about":[{"href":"https:\/\/agripedia.ch\/agraroekologie\/fr\/wp-json\/wp\/v2\/types\/page"}],"author":[{"embeddable":true,"href":"https:\/\/agripedia.ch\/agraroekologie\/fr\/wp-json\/wp\/v2\/users\/1228"}],"replies":[{"embeddable":true,"href":"https:\/\/agripedia.ch\/agraroekologie\/fr\/wp-json\/wp\/v2\/comments?post=912"}],"version-history":[{"count":2,"href":"https:\/\/agripedia.ch\/agraroekologie\/fr\/wp-json\/wp\/v2\/pages\/912\/revisions"}],"predecessor-version":[{"id":1089,"href":"https:\/\/agripedia.ch\/agraroekologie\/fr\/wp-json\/wp\/v2\/pages\/912\/revisions\/1089"}],"wp:featuredmedia":[{"embeddable":true,"href":"https:\/\/agripedia.ch\/agraroekologie\/fr\/wp-json\/wp\/v2\/media\/449"}],"wp:attachment":[{"href":"https:\/\/agripedia.ch\/agraroekologie\/fr\/wp-json\/wp\/v2\/media?parent=912"}],"curies":[{"name":"wp","href":"https:\/\/api.w.org\/{rel}","templated":true}]}}