{"id":910,"date":"2024-10-29T09:57:43","date_gmt":"2024-10-29T08:57:43","guid":{"rendered":"https:\/\/agripedia.ch\/agraroekologie\/acteurs-de-lagroecologie\/"},"modified":"2025-03-24T11:06:19","modified_gmt":"2025-03-24T10:06:19","slug":"acteurs","status":"publish","type":"page","link":"https:\/\/agripedia.ch\/agraroekologie\/fr\/acteurs\/","title":{"rendered":"Acteurs de l&#8217;agro\u00e9cologie"},"content":{"rendered":"\n<p>L&#8217;agro\u00e9cologie en Suisse prend de plus en plus d&#8217;importance et est promue par une multitude d&#8217;acteurs. Les acteurs de l&#8217;agro\u00e9cologie misent ainsi sur la collaboration et les \u00e9changes d&#8217;\u00e9gal \u00e0 \u00e9gal pour promouvoir une agriculture diversifi\u00e9e, adapt\u00e9e aux conditions locales et \u00e9quitable et \u00e9tablir des syst\u00e8mes alimentaires r\u00e9silients \u00e0 long terme.<\/p>\n\n\n\n<div class=\"wp-block-group agripedia-box is-layout-flow wp-block-group-is-layout-flow\">\n<div class=\"wp-block-group agripedia-box-header is-layout-flow wp-block-group-is-layout-flow\">\n<h5 class=\"wp-block-heading\">Acteurs de l&#8217;agro\u00e9cologie<\/h5>\n<\/div>\n\n\n\n<div class=\"wp-block-group agripedia-box-content is-layout-flow wp-block-group-is-layout-flow\">\n<p>\u2192 Acteurs<\/p>\n\n\n\n<p>\u2192 <a href=\"https:\/\/agripedia.ch\/agraroekologie\/fr\/acteurs-suisse\/\" title=\"\">Suisse<\/a><\/p>\n\n\n\n<p>\u2192 <a href=\"https:\/\/agripedia.ch\/agraroekologie\/fr\/acteurs-internationaux\/\" title=\"\">International<\/a><\/p>\n<\/div>\n<\/div>\n\n\n\n<div style=\"height:40px\" aria-hidden=\"true\" class=\"wp-block-spacer\"><\/div>\n\n\n\n<p class=\"has-text-align-right\"><strong><a href=\"https:\/\/agripedia.ch\/agraroekologie\/fr\/acteurs-suisse\/\" title=\"\">Acteurs Suisse <strong> \u2192<\/strong><\/a><\/strong><\/p>\n\n\n\n<hr class=\"wp-block-separator has-alpha-channel-opacity\"\/>\n\n\n\n<p class=\"has-text-align-right\"><a href=\"https:\/\/agripedia.ch\/agraroekologie\/fr\/contact\/\" title=\"\"><em>Nous acceptons volontiers les remarques, ajouts, suggestions et commentaires \u2192<\/em><\/a><\/p>\n","protected":false},"excerpt":{"rendered":"<p>L&#8217;agro\u00e9cologie en Suisse prend de plus en plus d&#8217;importance et est promue par une multitude d&#8217;acteurs. Les acteurs de l&#8217;agro\u00e9cologie misent ainsi sur la collaboration et les \u00e9changes d&#8217;\u00e9gal \u00e0 \u00e9gal pour promouvoir une agriculture diversifi\u00e9e, adapt\u00e9e aux conditions locales et \u00e9quitable et \u00e9tablir des syst\u00e8mes alimentaires r\u00e9silients \u00e0 long terme. Acteurs de l&#8217;agro\u00e9cologie \u2192 [&hellip;]<\/p>\n","protected":false},"author":1228,"featured_media":1107,"parent":0,"menu_order":0,"comment_status":"closed","ping_status":"closed","template":"","meta":{"_sb_is_suggestion_mode":false,"_sb_show_suggestion_boards":false,"_sb_show_comment_boards":false,"_sb_suggestion_history":"","_sb_update_block_changes":"","advgb_blocks_editor_width":"","advgb_blocks_columns_visual_guide":"","_monsterinsights_skip_tracking":false,"_monsterinsights_sitenote_active":false,"_monsterinsights_sitenote_note":"","_monsterinsights_sitenote_category":0,"footnotes":""},"class_list":["post-910","page","type-page","status-publish","has-post-thumbnail","hentry"],"aioseo_notices":[],"coauthors":[{"link":"https:\/\/agripedia.ch\/agraroekologie\/fr\/author\/fpe0\/","display_name":"Florian Peyer (AGRIDEA)"}],"author_meta":{"author_link":"https:\/\/agripedia.ch\/agraroekologie\/fr\/author\/fpe0\/","display_name":"Florian Peyer (AGRIDEA)"},"relative_dates":{"created":"Publi\u00e9 1 an il y a","modified":"Mis \u00e0 jour 1 an il y a"},"absolute_dates":{"created":"Publi\u00e9 le 29 octobre 2024","modified":"Mise \u00e0 jour le 24 mars 2025"},"absolute_dates_time":{"created":"Publi\u00e9 le 29 octobre 2024 9h57","modified":"Mise \u00e0 jour le 24 mars 2025 11h06"},"featured_img_caption":"Flurgang Acker","featured_img":"https:\/\/agripedia.ch\/agraroekologie\/wp-content\/uploads\/sites\/62\/2025\/03\/Landwirtschaft_verstehen.jpg","series_order":"","_links":{"self":[{"href":"https:\/\/agripedia.ch\/agraroekologie\/fr\/wp-json\/wp\/v2\/pages\/910","targetHints":{"allow":["GET"]}}],"collection":[{"href":"https:\/\/agripedia.ch\/agraroekologie\/fr\/wp-json\/wp\/v2\/pages"}],"about":[{"href":"https:\/\/agripedia.ch\/agraroekologie\/fr\/wp-json\/wp\/v2\/types\/page"}],"author":[{"embeddable":true,"href":"https:\/\/agripedia.ch\/agraroekologie\/fr\/wp-json\/wp\/v2\/users\/1228"}],"replies":[{"embeddable":true,"href":"https:\/\/agripedia.ch\/agraroekologie\/fr\/wp-json\/wp\/v2\/comments?post=910"}],"version-history":[{"count":3,"href":"https:\/\/agripedia.ch\/agraroekologie\/fr\/wp-json\/wp\/v2\/pages\/910\/revisions"}],"predecessor-version":[{"id":1036,"href":"https:\/\/agripedia.ch\/agraroekologie\/fr\/wp-json\/wp\/v2\/pages\/910\/revisions\/1036"}],"wp:featuredmedia":[{"embeddable":true,"href":"https:\/\/agripedia.ch\/agraroekologie\/fr\/wp-json\/wp\/v2\/media\/1107"}],"wp:attachment":[{"href":"https:\/\/agripedia.ch\/agraroekologie\/fr\/wp-json\/wp\/v2\/media?parent=910"}],"curies":[{"name":"wp","href":"https:\/\/api.w.org\/{rel}","templated":true}]}}