{"id":908,"date":"2024-10-29T09:58:38","date_gmt":"2024-10-29T08:58:38","guid":{"rendered":"https:\/\/agripedia.ch\/agraroekologie\/lagroecologie-en-pratique\/"},"modified":"2026-01-27T15:20:13","modified_gmt":"2026-01-27T14:20:13","slug":"ressources","status":"publish","type":"page","link":"https:\/\/agripedia.ch\/agraroekologie\/fr\/ressources\/","title":{"rendered":"Ressources"},"content":{"rendered":"\n<p>Trouve du mat\u00e9riel pratique pour t&#8217;aider dans ta d\u00e9marche vers une agriculture agro-\u00e9cologique. De nouveaux contenus sont ajout\u00e9s en permanence. <\/p>\n\n\n\n<div class=\"wp-block-group agripedia-box is-layout-flow wp-block-group-is-layout-flow\">\n<div class=\"wp-block-group agripedia-box-header is-layout-flow wp-block-group-is-layout-flow\">\n<h5 class=\"wp-block-heading\">L&#8217;agro\u00e9cologie en pratique<\/h5>\n<\/div>\n\n\n\n<div class=\"wp-block-group agripedia-box-content is-layout-flow wp-block-group-is-layout-flow\">\n<p>\u2192 <a href=\"https:\/\/agripedia.ch\/agraroekologie\/fr\/formations\/\" title=\"\">Formations<\/a><\/p>\n\n\n\n<p>\u2192 <a href=\"https:\/\/agripedia.ch\/agraroekologie\/fr\/commercialisation-agroecologique\/\" title=\"Commercialisation\">Commercialisation<\/a><\/p>\n<\/div>\n<\/div>\n\n\n\n<div style=\"height:40px\" aria-hidden=\"true\" class=\"wp-block-spacer\"><\/div>\n\n\n\n<p>Pour obtenir des informations sur les pratiques agro\u00e9cologiques, consulte les <a href=\"https:\/\/agripedia.ch\/agraroekologie\/fr\/acteurs-internationaux\/#Wissensplattform-International\" title=\"\">plateformes de connaissances <\/a>ou contacte les <a href=\"https:\/\/agripedia.ch\/agraroekologie\/fr\/acteurs-suisse\/\" title=\"Sites web \">acteurs<\/a> de l&#8217;agro\u00e9cologie.<\/p>\n\n\n\n<div style=\"height:40px\" aria-hidden=\"true\" class=\"wp-block-spacer\"><\/div>\n\n\n\n<p class=\"has-text-align-right\"><strong><a href=\"https:\/\/agripedia.ch\/agraroekologie\/fr\/formations\/\" title=\"\">Formations <strong>\u2192<\/strong><\/a><\/strong><\/p>\n\n\n\n<hr class=\"wp-block-separator has-alpha-channel-opacity\"\/>\n\n\n\n<p class=\"has-text-align-left\">Il te manque des informations ou des documents sur l&#8217;agro\u00e9cologie qui pourraient faciliter ton travail quotidien ? Fais-le nous savoir ! <\/p>\n\n\n\n<p class=\"has-text-align-right\"><a href=\"https:\/\/agripedia.ch\/agraroekologie\/fr\/contact\/\" title=\"\"><em>Nous acceptons volontiers les remarques, ajouts, suggestions et commentaires \u2192<\/em><\/a><\/p>\n","protected":false},"excerpt":{"rendered":"<p>Trouve du mat\u00e9riel pratique pour t&#8217;aider dans ta d\u00e9marche vers une agriculture agro-\u00e9cologique. De nouveaux contenus sont ajout\u00e9s en permanence. L&#8217;agro\u00e9cologie en pratique \u2192 Formations \u2192 Commercialisation Pour obtenir des informations sur les pratiques agro\u00e9cologiques, consulte les plateformes de connaissances ou contacte les acteurs de l&#8217;agro\u00e9cologie. Formations \u2192 Il te manque des informations ou des [&hellip;]<\/p>\n","protected":false},"author":1228,"featured_media":455,"parent":0,"menu_order":0,"comment_status":"closed","ping_status":"closed","template":"","meta":{"_sb_is_suggestion_mode":false,"_sb_show_suggestion_boards":false,"_sb_show_comment_boards":false,"_sb_suggestion_history":"","_sb_update_block_changes":"","advgb_blocks_editor_width":"","advgb_blocks_columns_visual_guide":"","_monsterinsights_skip_tracking":false,"_monsterinsights_sitenote_active":false,"_monsterinsights_sitenote_note":"","_monsterinsights_sitenote_category":0,"footnotes":""},"class_list":["post-908","page","type-page","status-publish","has-post-thumbnail","hentry"],"aioseo_notices":[],"coauthors":[{"link":"https:\/\/agripedia.ch\/agraroekologie\/fr\/author\/fpe0\/","display_name":"Florian Peyer (AGRIDEA)"}],"author_meta":{"author_link":"https:\/\/agripedia.ch\/agraroekologie\/fr\/author\/fpe0\/","display_name":"Florian Peyer (AGRIDEA)"},"relative_dates":{"created":"Publi\u00e9 1 an il y a","modified":"Mis \u00e0 jour 3 mois il y a"},"absolute_dates":{"created":"Publi\u00e9 le 29 octobre 2024","modified":"Mise \u00e0 jour le 27 janvier 2026"},"absolute_dates_time":{"created":"Publi\u00e9 le 29 octobre 2024 9h58","modified":"Mise \u00e0 jour le 27 janvier 2026 15h20"},"featured_img_caption":"Menschen beernten ein Feld","featured_img":"https:\/\/agripedia.ch\/agraroekologie\/wp-content\/uploads\/sites\/62\/2025\/01\/Banner_ava_6.jpg","series_order":"","_links":{"self":[{"href":"https:\/\/agripedia.ch\/agraroekologie\/fr\/wp-json\/wp\/v2\/pages\/908","targetHints":{"allow":["GET"]}}],"collection":[{"href":"https:\/\/agripedia.ch\/agraroekologie\/fr\/wp-json\/wp\/v2\/pages"}],"about":[{"href":"https:\/\/agripedia.ch\/agraroekologie\/fr\/wp-json\/wp\/v2\/types\/page"}],"author":[{"embeddable":true,"href":"https:\/\/agripedia.ch\/agraroekologie\/fr\/wp-json\/wp\/v2\/users\/1228"}],"replies":[{"embeddable":true,"href":"https:\/\/agripedia.ch\/agraroekologie\/fr\/wp-json\/wp\/v2\/comments?post=908"}],"version-history":[{"count":6,"href":"https:\/\/agripedia.ch\/agraroekologie\/fr\/wp-json\/wp\/v2\/pages\/908\/revisions"}],"predecessor-version":[{"id":2095,"href":"https:\/\/agripedia.ch\/agraroekologie\/fr\/wp-json\/wp\/v2\/pages\/908\/revisions\/2095"}],"wp:featuredmedia":[{"embeddable":true,"href":"https:\/\/agripedia.ch\/agraroekologie\/fr\/wp-json\/wp\/v2\/media\/455"}],"wp:attachment":[{"href":"https:\/\/agripedia.ch\/agraroekologie\/fr\/wp-json\/wp\/v2\/media?parent=908"}],"curies":[{"name":"wp","href":"https:\/\/api.w.org\/{rel}","templated":true}]}}