{"id":904,"date":"2024-10-29T09:58:55","date_gmt":"2024-10-29T08:58:55","guid":{"rendered":"https:\/\/agripedia.ch\/agraroekologie\/contact\/"},"modified":"2026-03-25T10:01:17","modified_gmt":"2026-03-25T09:01:17","slug":"contact","status":"publish","type":"page","link":"https:\/\/agripedia.ch\/agraroekologie\/fr\/contact\/","title":{"rendered":"Contact"},"content":{"rendered":"\n<p>AGRIDEA d\u00e9veloppe en permanence le portail de connaissances sur l&#8217;agro\u00e9cologie. N&#8217;h\u00e9sitez pas \u00e0 nous faire part de vos questions, remarques et suggestions concernant le contenu et les liens via le formulaire de contact. <\/p>\n\n\n\n<h2 class=\"wp-block-heading\">Formulaire de contact<\/h2>\n\n\n\n<div class=\"wp-block-advgb-contact-form advgb-contact-form\"><form method=\"POST\"><div class=\"advgb-form-field advgb-form-field-half\"><input type=\"text\" class=\"advgb-form-input advgb-form-input-name\" placeholder=\"Nom\" name=\"contact_name\" style=\"border-color:#0090C5\"\/><\/div><div class=\"advgb-form-field advgb-form-field-half\"><input type=\"email\" class=\"advgb-form-input advgb-form-input-email\" placeholder=\"Adresse e-mail\" name=\"contact_email\" style=\"border-color:#0090C5\"\/><\/div><div class=\"advgb-form-field advgb-form-field-full\"><textarea class=\"advgb-form-input advgb-form-input-msg\" placeholder=\"Message\" name=\"contact_message\" style=\"border-color:#0090C5\"><\/textarea><\/div><div class=\"advgb-grecaptcha clearfix position-right\"><\/div><input type=\"hidden\" name=\"advgb_blockform_nonce_field\" value=\"3b7890811f\"><div class=\"advgb-form-submit-wrapper\" style=\"text-align:right\"><button class=\"advgb-form-submit\" type=\"submit\" data-success=\"Message envoy\u00e9.\" data-alert=\"Veuillez saisir un message valide.\" style=\"background-color:#0090C5\">Envoyer<\/button><\/div><\/form><\/div>\n\n\n\n<div style=\"height:100px\" aria-hidden=\"true\" class=\"wp-block-spacer\"><\/div>\n","protected":false},"excerpt":{"rendered":"<p>AGRIDEA d\u00e9veloppe en permanence le portail de connaissances sur l&#8217;agro\u00e9cologie. N&#8217;h\u00e9sitez pas \u00e0 nous faire part de vos questions, remarques et suggestions concernant le contenu et les liens via le formulaire de contact. Formulaire de contact<\/p>\n","protected":false},"author":927,"featured_media":57,"parent":0,"menu_order":0,"comment_status":"closed","ping_status":"closed","template":"templates\/template-agripedia-cover.php","meta":{"_sb_is_suggestion_mode":false,"_sb_show_suggestion_boards":false,"_sb_show_comment_boards":false,"_sb_suggestion_history":"","_sb_update_block_changes":"","advgb_blocks_editor_width":"","advgb_blocks_columns_visual_guide":"","_monsterinsights_skip_tracking":false,"_monsterinsights_sitenote_active":false,"_monsterinsights_sitenote_note":"","_monsterinsights_sitenote_category":0,"footnotes":""},"class_list":["post-904","page","type-page","status-publish","has-post-thumbnail","hentry"],"aioseo_notices":[],"coauthors":[{"link":"https:\/\/agripedia.ch\/agraroekologie\/fr\/author\/sar2\/","display_name":"sar2"}],"author_meta":{"author_link":"https:\/\/agripedia.ch\/agraroekologie\/fr\/author\/sar2\/","display_name":"sar2"},"relative_dates":{"created":"Publi\u00e9 1 an il y a","modified":"Mis \u00e0 jour 3 semaines il y a"},"absolute_dates":{"created":"Publi\u00e9 le 29 octobre 2024","modified":"Mise \u00e0 jour le 25 mars 2026"},"absolute_dates_time":{"created":"Publi\u00e9 le 29 octobre 2024 9h58","modified":"Mise \u00e0 jour le 25 mars 2026 10h01"},"featured_img_caption":"","featured_img":"https:\/\/agripedia.ch\/agraroekologie\/wp-content\/uploads\/sites\/62\/2024\/10\/22.013-Bild-BF_im_Ackerbau-Original-1200x800.jpg","series_order":"","_links":{"self":[{"href":"https:\/\/agripedia.ch\/agraroekologie\/fr\/wp-json\/wp\/v2\/pages\/904","targetHints":{"allow":["GET"]}}],"collection":[{"href":"https:\/\/agripedia.ch\/agraroekologie\/fr\/wp-json\/wp\/v2\/pages"}],"about":[{"href":"https:\/\/agripedia.ch\/agraroekologie\/fr\/wp-json\/wp\/v2\/types\/page"}],"author":[{"embeddable":true,"href":"https:\/\/agripedia.ch\/agraroekologie\/fr\/wp-json\/wp\/v2\/users\/927"}],"replies":[{"embeddable":true,"href":"https:\/\/agripedia.ch\/agraroekologie\/fr\/wp-json\/wp\/v2\/comments?post=904"}],"version-history":[{"count":5,"href":"https:\/\/agripedia.ch\/agraroekologie\/fr\/wp-json\/wp\/v2\/pages\/904\/revisions"}],"predecessor-version":[{"id":2488,"href":"https:\/\/agripedia.ch\/agraroekologie\/fr\/wp-json\/wp\/v2\/pages\/904\/revisions\/2488"}],"wp:featuredmedia":[{"embeddable":true,"href":"https:\/\/agripedia.ch\/agraroekologie\/fr\/wp-json\/wp\/v2\/media\/57"}],"wp:attachment":[{"href":"https:\/\/agripedia.ch\/agraroekologie\/fr\/wp-json\/wp\/v2\/media?parent=904"}],"curies":[{"name":"wp","href":"https:\/\/api.w.org\/{rel}","templated":true}]}}