{"id":884,"date":"2024-10-29T09:14:58","date_gmt":"2024-10-29T08:14:58","guid":{"rendered":"https:\/\/agripedia.ch\/agraroekologie\/portail-de-connaissances-sur-lagroecologie\/"},"modified":"2025-04-14T16:18:20","modified_gmt":"2025-04-14T14:18:20","slug":"portail-de-connaissances-sur-lagroecologie","status":"publish","type":"page","link":"https:\/\/agripedia.ch\/agraroekologie\/fr\/","title":{"rendered":"Portail de connaissances sur l&#8217;agro\u00e9cologie"},"content":{"rendered":"\n<p>Le <em>portail de connaissances sur l&#8217;agro\u00e9cologie <\/em>est une plateforme en ligne qui diffuse des informations sur l&#8217;agro\u00e9cologie et fournit des liens vers les acteur-rice-s et les projets actuels qui traitent de cette th\u00e9matique. AGRIDEA continue \u00e0 d\u00e9velopper le portail de connaissances et \u00e0 diffuser les connaissances de base.<\/p>\n\n\n\n<h2 class=\"wp-block-heading\">Th\u00e8mes<\/h2>\n\n\n\n<div class=\"wp-block-columns is-layout-flex wp-container-core-columns-is-layout-9d6595d7 wp-block-columns-is-layout-flex\">\n<div class=\"wp-block-column is-layout-flow wp-block-column-is-layout-flow\">\n<div class=\"wp-block-group agripedia-vertical-image-box is-layout-flow wp-block-group-is-layout-flow\">\n<figure class=\"wp-block-image size-full agripedia-vertical-image-box-thumbnail\"><a href=\"https:\/\/agripedia.ch\/agraroekologie\/fr\/developpement-importance\/\"><img decoding=\"async\" src=\"https:\/\/agripedia.ch\/agraroekologie\/wp-content\/uploads\/sites\/62\/2025\/01\/2023-07-06_Ackerkulturen_001-2.jpg\" alt=\"Ce qu'est l'agro\u00e9cologie, les c\u00e9r\u00e9ales, les grandes cultures, le coquelicot\" class=\"wp-image-426\"\/><\/a><\/figure>\n\n\n\n<div class=\"wp-block-group agripedia-vertical-image-box-content is-layout-constrained wp-block-group-is-layout-constrained\">\n<h4 class=\"wp-block-heading agripedia-vertical-image-box-title\"><a href=\"https:\/\/agripedia.ch\/agraroekologie\/fr\/developpement-importance\/\" title=\"Ce qu'est l'agro\u00e9cologie\"><\/a><a href=\"https:\/\/agripedia.ch\/agraroekologie\/fr\/developpement-importance\/\">Ce qu&#8217;est l&#8217;agro\u00e9cologie<\/a><\/h4>\n<\/div>\n<\/div>\n<\/div>\n\n\n\n<div class=\"wp-block-column is-layout-flow wp-block-column-is-layout-flow\">\n<div class=\"wp-block-group agripedia-vertical-image-box is-layout-flow wp-block-group-is-layout-flow\">\n<figure class=\"wp-block-image size-full agripedia-vertical-image-box-thumbnail\"><a href=\"https:\/\/agripedia.ch\/agraroekologie\/fr\/ressources\/\"><img decoding=\"async\" src=\"https:\/\/agripedia.ch\/agraroekologie\/wp-content\/uploads\/sites\/62\/2025\/01\/Banner_ava_6.jpg\" alt=\"Pratique agro\u00e9cologique, des personnes cultivent un champ\" class=\"wp-image-454\"\/><\/a><\/figure>\n\n\n\n<div class=\"wp-block-group agripedia-vertical-image-box-content is-layout-constrained wp-block-group-is-layout-constrained\">\n<h4 class=\"wp-block-heading agripedia-vertical-image-box-title\"><a href=\"https:\/\/agripedia.ch\/agraroekologie\/ressourcen\/\" title=\"\">Ressources<\/a><\/h4>\n<\/div>\n<\/div>\n<\/div>\n<\/div>\n\n\n\n<div class=\"wp-block-columns is-layout-flex wp-container-core-columns-is-layout-9d6595d7 wp-block-columns-is-layout-flex\">\n<div class=\"wp-block-column is-layout-flow wp-block-column-is-layout-flow\">\n<div class=\"wp-block-group agripedia-vertical-image-box is-layout-flow wp-block-group-is-layout-flow\">\n<figure class=\"wp-block-image size-full agripedia-vertical-image-box-thumbnail\"><a href=\"https:\/\/agripedia.ch\/agraroekologie\/fr\/acteurs\/\"><img decoding=\"async\" src=\"https:\/\/agripedia.ch\/agraroekologie\/wp-content\/uploads\/sites\/62\/2025\/03\/Landwirtschaft_verstehen.jpg\" alt=\"\" class=\"wp-image-433\"\/><\/a><\/figure>\n\n\n\n<div class=\"wp-block-group agripedia-vertical-image-box-content is-layout-constrained wp-block-group-is-layout-constrained\">\n<h4 class=\"wp-block-heading agripedia-vertical-image-box-title\"><a href=\"https:\/\/agripedia.ch\/agraroekologie\/akteure\/\" title=\"Das ist Agrar\u00f6kologie\">Acteur-rice-s<\/a><\/h4>\n<\/div>\n<\/div>\n<\/div>\n\n\n\n<div class=\"wp-block-column is-layout-flow wp-block-column-is-layout-flow\">\n<div class=\"wp-block-group agripedia-vertical-image-box is-layout-flow wp-block-group-is-layout-flow\">\n<figure class=\"wp-block-image size-full agripedia-vertical-image-box-thumbnail\"><a href=\"https:\/\/agripedia.ch\/agraroekologie\/fr\/projets\/\"><img decoding=\"async\" src=\"https:\/\/agripedia.ch\/agraroekologie\/wp-content\/uploads\/sites\/62\/2025\/01\/20240416_165347-1.jpg\" alt=\"Projets d'agro\u00e9cologie, lev\u00e9e des pois prot\u00e9agineux de printemps, l\u00e9gumineuses alimentaires\" class=\"wp-image-456\"\/><\/a><\/figure>\n\n\n\n<div class=\"wp-block-group agripedia-vertical-image-box-content is-layout-constrained wp-block-group-is-layout-constrained\">\n<h4 class=\"wp-block-heading agripedia-vertical-image-box-title\"><a href=\"https:\/\/agripedia.ch\/agraroekologie\/fr\/projets\/\" title=\"\">Projets<\/a><\/h4>\n<\/div>\n<\/div>\n<\/div>\n<\/div>\n\n\n\n<div class=\"wp-block-columns is-layout-flex wp-container-core-columns-is-layout-9d6595d7 wp-block-columns-is-layout-flex\">\n<div class=\"wp-block-column is-layout-flow wp-block-column-is-layout-flow\">\n<div class=\"wp-block-group agripedia-vertical-image-box is-layout-flow wp-block-group-is-layout-flow\">\n<figure class=\"wp-block-image size-full agripedia-vertical-image-box-thumbnail\"><a href=\"https:\/\/agripedia.ch\/agraroekologie\/fr\/infotheque\/\"><img decoding=\"async\" src=\"https:\/\/agripedia.ch\/agraroekologie\/wp-content\/uploads\/sites\/62\/2025\/01\/Alpwirtschaft_Ziegen.jpg\" alt=\"Medias, Rapports, Podcasts, Articles, Agro\u00e9cologie, Ch\u00e8vres en alpage qui regardent autour d'elles\" class=\"wp-image-468\"\/><\/a><\/figure>\n\n\n\n<div class=\"wp-block-group agripedia-vertical-image-box-content is-layout-constrained wp-block-group-is-layout-constrained\">\n<h4 class=\"wp-block-heading agripedia-vertical-image-box-title\"><a href=\"https:\/\/agripedia.ch\/agraroekologie\/fr\/infotheque\/\" title=\"\">Infoth\u00e8que<\/a><\/h4>\n<\/div>\n<\/div>\n<\/div>\n\n\n\n<div class=\"wp-block-column is-layout-flow wp-block-column-is-layout-flow\">\n<div class=\"wp-block-group agripedia-vertical-image-box is-layout-flow wp-block-group-is-layout-flow\">\n<figure class=\"wp-block-image size-full agripedia-vertical-image-box-thumbnail\"><a href=\"https:\/\/agripedia.ch\/agraroekologie\/fr\/foire-aux-questions\/\"><img decoding=\"async\" src=\"https:\/\/agripedia.ch\/agraroekologie\/wp-content\/uploads\/sites\/62\/2025\/01\/20231230_155155-1.jpg\" alt=\"Foire aux questions, ch\u00e8vre, curiosit\u00e9\" class=\"wp-image-448\"\/><\/a><\/figure>\n\n\n\n<div class=\"wp-block-group agripedia-vertical-image-box-content is-layout-constrained wp-block-group-is-layout-constrained\">\n<h4 class=\"wp-block-heading agripedia-vertical-image-box-title\"><a href=\"https:\/\/agripedia.ch\/agraroekologie\/fr\/foire-aux-questions\/\" title=\"\">Foire aux questions<\/a><\/h4>\n<\/div>\n<\/div>\n<\/div>\n<\/div>\n\n\n\n<div style=\"height:50px\" aria-hidden=\"true\" class=\"wp-block-spacer\"><\/div>\n\n\n\n<div class=\"wp-block-group agripedia-impressum is-layout-flow wp-block-group-is-layout-flow\">\n<div class=\"wp-block-group agripedia-impressum-header is-layout-flow wp-block-group-is-layout-flow\">\n<h5 class=\"wp-block-heading\" id=\"impressum-801c8307-d480-4a74-8df2-04d60f742d90\">Mentions l\u00e9gales<\/h5>\n<\/div>\n\n\n\n<div class=\"wp-block-group agripedia-impressum-content is-layout-flow wp-block-group-is-layout-flow\">\n<p><strong>Images :<\/strong> AGRIDEA<\/p>\n\n\n\n<p><strong>Graphiques\/illustrations :<\/strong> Selon la source indiqu\u00e9e<\/p>\n\n\n\n<p><strong>Un projet de<\/strong>:<\/p>\n\n\n\n<div class=\"wp-block-columns is-layout-flex wp-container-core-columns-is-layout-9d6595d7 wp-block-columns-is-layout-flex\">\n<div class=\"wp-block-column is-layout-flow wp-block-column-is-layout-flow\">\n<div class=\"wp-block-image\"><figure class=\"wp-block-image aligncenter size-large is-resized\"><a href=\"https:\/\/www.agridea.ch\" target=\"_blank\" rel=\"noopener\"><img loading=\"lazy\" decoding=\"async\" src=\"https:\/\/agripedia.ch\/alpwirtschaft\/wp-content\/uploads\/sites\/46\/2022\/10\/AGRIDEA_4_LANGUES_RGB-1024x210.png\" alt=\"Logo AGRIDEA\" class=\"wp-image-909\" width=\"341\" height=\"70\"\/><\/a><\/figure><\/div>\n<\/div>\n\n\n\n<div class=\"wp-block-column is-vertically-aligned-center is-layout-flow wp-block-column-is-layout-flow\"><\/div>\n\n\n\n<div class=\"wp-block-column is-vertically-aligned-center is-layout-flow wp-block-column-is-layout-flow\">\n<p><strong>Contact<\/strong>:<\/p>\n\n\n\n<p><a href=\"mailto:lisa.nilles@agridea.ch\" title=\"\">Lisa Nilles<\/a>, AGRIDEA<\/p>\n\n\n\n<p><a href=\"mailto:kim.schneider@agridea.ch\" title=\"\">Kim Schneider<\/a>, AGRIDEA<\/p>\n\n\n\n<p><a href=\"mailto:orlando.scholz@agridea.ch\" title=\"\">Orlando Scholz<\/a>, AGRIDEA<\/p>\n<\/div>\n<\/div>\n<\/div>\n<\/div>\n","protected":false},"excerpt":{"rendered":"<p>Le portail de connaissances sur l&#8217;agro\u00e9cologie est une plateforme en ligne qui diffuse des informations sur l&#8217;agro\u00e9cologie et fournit des liens vers les acteur-rice-s et les projets actuels qui traitent de cette th\u00e9matique. AGRIDEA continue \u00e0 d\u00e9velopper le portail de connaissances et \u00e0 diffuser les connaissances de base. Th\u00e8mes Ce qu&#8217;est l&#8217;agro\u00e9cologie Ressources Acteur-rice-s Projets [&hellip;]<\/p>\n","protected":false},"author":101,"featured_media":57,"parent":0,"menu_order":0,"comment_status":"closed","ping_status":"open","template":"","meta":{"_sb_is_suggestion_mode":false,"_sb_show_suggestion_boards":false,"_sb_show_comment_boards":false,"_sb_suggestion_history":"","_sb_update_block_changes":"","advgb_blocks_editor_width":"","advgb_blocks_columns_visual_guide":"","_monsterinsights_skip_tracking":false,"_monsterinsights_sitenote_active":false,"_monsterinsights_sitenote_note":"","_monsterinsights_sitenote_category":0,"footnotes":""},"class_list":["post-884","page","type-page","status-publish","has-post-thumbnail","hentry"],"aioseo_notices":[],"coauthors":[{"link":"https:\/\/agripedia.ch\/agraroekologie\/fr\/author\/agripediabot\/","display_name":"agripediabot"}],"author_meta":{"author_link":"https:\/\/agripedia.ch\/agraroekologie\/fr\/author\/agripediabot\/","display_name":"agripediabot"},"relative_dates":{"created":"Publi\u00e9 1 an il y a","modified":"Mis \u00e0 jour 1 an il y a"},"absolute_dates":{"created":"Publi\u00e9 le 29 octobre 2024","modified":"Mise \u00e0 jour le 14 avril 2025"},"absolute_dates_time":{"created":"Publi\u00e9 le 29 octobre 2024 9h14","modified":"Mise \u00e0 jour le 14 avril 2025 16h18"},"featured_img_caption":"","featured_img":"https:\/\/agripedia.ch\/agraroekologie\/wp-content\/uploads\/sites\/62\/2024\/10\/22.013-Bild-BF_im_Ackerbau-Original-1200x800.jpg","series_order":"","_links":{"self":[{"href":"https:\/\/agripedia.ch\/agraroekologie\/fr\/wp-json\/wp\/v2\/pages\/884","targetHints":{"allow":["GET"]}}],"collection":[{"href":"https:\/\/agripedia.ch\/agraroekologie\/fr\/wp-json\/wp\/v2\/pages"}],"about":[{"href":"https:\/\/agripedia.ch\/agraroekologie\/fr\/wp-json\/wp\/v2\/types\/page"}],"author":[{"embeddable":true,"href":"https:\/\/agripedia.ch\/agraroekologie\/fr\/wp-json\/wp\/v2\/users\/101"}],"replies":[{"embeddable":true,"href":"https:\/\/agripedia.ch\/agraroekologie\/fr\/wp-json\/wp\/v2\/comments?post=884"}],"version-history":[{"count":22,"href":"https:\/\/agripedia.ch\/agraroekologie\/fr\/wp-json\/wp\/v2\/pages\/884\/revisions"}],"predecessor-version":[{"id":1178,"href":"https:\/\/agripedia.ch\/agraroekologie\/fr\/wp-json\/wp\/v2\/pages\/884\/revisions\/1178"}],"wp:featuredmedia":[{"embeddable":true,"href":"https:\/\/agripedia.ch\/agraroekologie\/fr\/wp-json\/wp\/v2\/media\/57"}],"wp:attachment":[{"href":"https:\/\/agripedia.ch\/agraroekologie\/fr\/wp-json\/wp\/v2\/media?parent=884"}],"curies":[{"name":"wp","href":"https:\/\/api.w.org\/{rel}","templated":true}]}}