 {"id":6,"date":"2023-01-13T18:45:00","date_gmt":"2023-01-13T17:45:00","guid":{"rendered":"https:\/\/agripedia.ch\/ackerbff-test\/?page_id=6"},"modified":"2025-12-18T10:15:44","modified_gmt":"2025-12-18T09:15:44","slug":"entscheidungshilfe-zur-anlage-von-acker-bff","status":"publish","type":"page","link":"https:\/\/agripedia.ch\/acker-bff\/","title":{"rendered":"Acker-Biodiversit\u00e4tsf\u00f6rderfl\u00e4chen (Acker-BFF)"},"content":{"rendered":"\n<p>Biodiversit\u00e4tsf\u00f6rderfl\u00e4chen (BFF) im Ackerland bieten speziell den Arten einen Lebensraum, die typischerweise in den Ackerbauregionen vorkommen. Nicht alle Acker-BFF-Typen sind jedoch an allen Standorten geeignet und je nach BFF-Typ werden unterschiedliche Tier- und Pflanzenarten gef\u00f6rdert.<\/p>\n\n\n\n<div class=\"wp-block-getwid-images-slider agripedia-image-caption has-arrows-outside has-dots-outside has-captions captions-style-dark captions-bottom-center has-images-center has-cropped-images has-fixed-height\"><div class=\"wp-block-getwid-images-slider__wrapper\" data-effect=\"slide\" data-slides-show=\"1\" data-slides-show-laptop=\"1\" data-slides-show-tablet=\"1\" data-slides-show-mobile=\"1\" data-slides-scroll=\"1\" data-autoplay=\"false\" data-pause-hover=\"false\" data-autoplay-speed=\"6000\" data-infinite=\"true\" data-animation-speed=\"800\" data-center-mode=\"false\" data-variable-width=\"false\" data-arrows=\"outside\" data-dots=\"outside\" data-spacing=\"none\"><div class=\"wp-block-getwid-images-slider__item\" style=\"height:500px\"><figure><img decoding=\"async\" src=\"https:\/\/agripedia.ch\/acker-bff\/wp-content\/uploads\/sites\/50\/2023\/01\/Buntbrache_4_Jahr_Katja_Jacot2-scaled.jpg\" alt=\"Buntbrache\" data-id=\"108\" data-link=\"https:\/\/agripedia.ch\/acker-bff\/buntbrache_4_jahr_katja_jacot2\/\" data-original-link=\"https:\/\/agripedia.ch\/acker-bff\/wp-content\/uploads\/sites\/50\/2023\/01\/Buntbrache_4_Jahr_Katja_Jacot2-scaled.jpg\" class=\"wp-block-getwid-images-slider__image wp-image-108\"\/><figcaption class=\"wp-block-getwid-images-slider__caption\">Buntbrache (Foto: K. Jacot, Agroscope)<\/figcaption><\/figure><\/div><div class=\"wp-block-getwid-images-slider__item\" style=\"height:500px\"><figure><img decoding=\"async\" src=\"https:\/\/agripedia.ch\/acker-bff\/wp-content\/uploads\/sites\/50\/2023\/01\/Mehrjaehrige-NS_Hans_Ramseier-scaled.jpg\" alt=\"Mehrj\u00e4hrige N\u00fctzlingsstreifen\" data-id=\"117\" data-link=\"https:\/\/agripedia.ch\/acker-bff\/mehrjaehrige-ns_hans_ramseier\/\" data-original-link=\"https:\/\/agripedia.ch\/acker-bff\/wp-content\/uploads\/sites\/50\/2023\/01\/Mehrjaehrige-NS_Hans_Ramseier-scaled.jpg\" class=\"wp-block-getwid-images-slider__image wp-image-117\"\/><figcaption class=\"wp-block-getwid-images-slider__caption\">Mehrj\u00e4hrige N\u00fctzlingsstreifen (Foto: Hans Ramseier, HAFL)<\/figcaption><\/figure><\/div><div class=\"wp-block-getwid-images-slider__item\" style=\"height:500px\"><figure><img loading=\"lazy\" decoding=\"async\" width=\"1920\" height=\"2560\" src=\"https:\/\/agripedia.ch\/acker-bff\/wp-content\/uploads\/sites\/50\/2023\/01\/Ackerschonstreifen_Katja_Jacot-scaled.jpg\" alt=\"Ackerschonstreifen\" data-id=\"102\" data-link=\"https:\/\/agripedia.ch\/acker-bff\/ackerschonstreifen_katja_jacot\/\" data-original-link=\"https:\/\/agripedia.ch\/acker-bff\/wp-content\/uploads\/sites\/50\/2023\/01\/Ackerschonstreifen_Katja_Jacot-scaled.jpg\" class=\"wp-block-getwid-images-slider__image wp-image-102\" srcset=\"https:\/\/agripedia.ch\/acker-bff\/wp-content\/uploads\/sites\/67\/2023\/01\/Ackerschonstreifen_Katja_Jacot-scaled.jpg 1920w, https:\/\/agripedia.ch\/acker-bff\/wp-content\/uploads\/sites\/67\/2023\/01\/Ackerschonstreifen_Katja_Jacot-225x300.jpg 225w, https:\/\/agripedia.ch\/acker-bff\/wp-content\/uploads\/sites\/67\/2023\/01\/Ackerschonstreifen_Katja_Jacot-768x1024.jpg 768w, https:\/\/agripedia.ch\/acker-bff\/wp-content\/uploads\/sites\/67\/2023\/01\/Ackerschonstreifen_Katja_Jacot-1152x1536.jpg 1152w, https:\/\/agripedia.ch\/acker-bff\/wp-content\/uploads\/sites\/67\/2023\/01\/Ackerschonstreifen_Katja_Jacot-1536x2048.jpg 1536w, https:\/\/agripedia.ch\/acker-bff\/wp-content\/uploads\/sites\/67\/2023\/01\/Ackerschonstreifen_Katja_Jacot-1200x1600.jpg 1200w, https:\/\/agripedia.ch\/acker-bff\/wp-content\/uploads\/sites\/67\/2023\/01\/Ackerschonstreifen_Katja_Jacot-1980x2640.jpg 1980w\" sizes=\"auto, (max-width: 1920px) 100vw, 1920px\" \/><figcaption class=\"wp-block-getwid-images-slider__caption\">Ackerschonstreifen (Foto: K. Jacot, Agroscope)<\/figcaption><\/figure><\/div><div class=\"wp-block-getwid-images-slider__item\" style=\"height:500px\"><figure><img loading=\"lazy\" decoding=\"async\" width=\"2560\" height=\"1440\" src=\"https:\/\/agripedia.ch\/acker-bff\/wp-content\/uploads\/sites\/50\/2023\/01\/Saum_Auf_ACker_Katja_Jacot2-scaled.jpg\" alt=\"Saum auf Ackerland\" data-id=\"123\" data-link=\"https:\/\/agripedia.ch\/acker-bff\/saum_auf_acker_katja_jacot2\/\" data-original-link=\"https:\/\/agripedia.ch\/acker-bff\/wp-content\/uploads\/sites\/50\/2023\/01\/Saum_Auf_ACker_Katja_Jacot2-scaled.jpg\" class=\"wp-block-getwid-images-slider__image wp-image-123\" srcset=\"https:\/\/agripedia.ch\/acker-bff\/wp-content\/uploads\/sites\/67\/2023\/01\/Saum_Auf_ACker_Katja_Jacot2-scaled.jpg 2560w, https:\/\/agripedia.ch\/acker-bff\/wp-content\/uploads\/sites\/67\/2023\/01\/Saum_Auf_ACker_Katja_Jacot2-300x169.jpg 300w, https:\/\/agripedia.ch\/acker-bff\/wp-content\/uploads\/sites\/67\/2023\/01\/Saum_Auf_ACker_Katja_Jacot2-1024x576.jpg 1024w, https:\/\/agripedia.ch\/acker-bff\/wp-content\/uploads\/sites\/67\/2023\/01\/Saum_Auf_ACker_Katja_Jacot2-768x432.jpg 768w, https:\/\/agripedia.ch\/acker-bff\/wp-content\/uploads\/sites\/67\/2023\/01\/Saum_Auf_ACker_Katja_Jacot2-1536x864.jpg 1536w, https:\/\/agripedia.ch\/acker-bff\/wp-content\/uploads\/sites\/67\/2023\/01\/Saum_Auf_ACker_Katja_Jacot2-2048x1152.jpg 2048w, https:\/\/agripedia.ch\/acker-bff\/wp-content\/uploads\/sites\/67\/2023\/01\/Saum_Auf_ACker_Katja_Jacot2-1200x675.jpg 1200w, https:\/\/agripedia.ch\/acker-bff\/wp-content\/uploads\/sites\/67\/2023\/01\/Saum_Auf_ACker_Katja_Jacot2-1980x1114.jpg 1980w\" sizes=\"auto, (max-width: 2560px) 100vw, 2560px\" \/><figcaption class=\"wp-block-getwid-images-slider__caption\">Saum auf Ackerland (Foto: K. Jacot, Agroscope)<\/figcaption><\/figure><\/div><div class=\"wp-block-getwid-images-slider__item\" style=\"height:500px\"><figure><img loading=\"lazy\" decoding=\"async\" width=\"2264\" height=\"1464\" src=\"https:\/\/agripedia.ch\/acker-bff\/wp-content\/uploads\/sites\/50\/2023\/01\/Rotationsbrache_GBraendle.jpg\" alt=\"Rotationsbrache\" data-id=\"120\" data-link=\"https:\/\/agripedia.ch\/acker-bff\/rotationsbrache_gbraendle\/\" data-original-link=\"https:\/\/agripedia.ch\/acker-bff\/wp-content\/uploads\/sites\/50\/2023\/01\/Rotationsbrache_GBraendle.jpg\" class=\"wp-block-getwid-images-slider__image wp-image-120\" srcset=\"https:\/\/agripedia.ch\/acker-bff\/wp-content\/uploads\/sites\/67\/2023\/01\/Rotationsbrache_GBraendle.jpg 2264w, https:\/\/agripedia.ch\/acker-bff\/wp-content\/uploads\/sites\/67\/2023\/01\/Rotationsbrache_GBraendle-300x194.jpg 300w, https:\/\/agripedia.ch\/acker-bff\/wp-content\/uploads\/sites\/67\/2023\/01\/Rotationsbrache_GBraendle-1024x662.jpg 1024w, https:\/\/agripedia.ch\/acker-bff\/wp-content\/uploads\/sites\/67\/2023\/01\/Rotationsbrache_GBraendle-768x497.jpg 768w, https:\/\/agripedia.ch\/acker-bff\/wp-content\/uploads\/sites\/67\/2023\/01\/Rotationsbrache_GBraendle-1536x993.jpg 1536w, https:\/\/agripedia.ch\/acker-bff\/wp-content\/uploads\/sites\/67\/2023\/01\/Rotationsbrache_GBraendle-2048x1324.jpg 2048w, https:\/\/agripedia.ch\/acker-bff\/wp-content\/uploads\/sites\/67\/2023\/01\/Rotationsbrache_GBraendle-1200x776.jpg 1200w, https:\/\/agripedia.ch\/acker-bff\/wp-content\/uploads\/sites\/67\/2023\/01\/Rotationsbrache_GBraendle-1980x1280.jpg 1980w\" sizes=\"auto, (max-width: 2264px) 100vw, 2264px\" \/><figcaption class=\"wp-block-getwid-images-slider__caption\">Rotationsbrache (Foto: G. Br\u00e4ndle, Agroscope)<\/figcaption><\/figure><\/div><div class=\"wp-block-getwid-images-slider__item\" style=\"height:500px\"><figure><img loading=\"lazy\" decoding=\"async\" width=\"2560\" height=\"1440\" src=\"https:\/\/agripedia.ch\/acker-bff\/wp-content\/uploads\/sites\/50\/2023\/01\/einjaehrige-Nuetzlingsstreifen-scaled.jpg\" alt=\"Einj\u00e4hrige N\u00fctzlingsstreifen\" data-id=\"111\" data-link=\"https:\/\/agripedia.ch\/acker-bff\/einjaehrige-nuetzlingsstreifen\/\" data-original-link=\"https:\/\/agripedia.ch\/acker-bff\/wp-content\/uploads\/sites\/50\/2023\/01\/einjaehrige-Nuetzlingsstreifen-scaled.jpg\" class=\"wp-block-getwid-images-slider__image wp-image-111\" srcset=\"https:\/\/agripedia.ch\/acker-bff\/wp-content\/uploads\/sites\/67\/2023\/01\/einjaehrige-Nuetzlingsstreifen-scaled.jpg 2560w, https:\/\/agripedia.ch\/acker-bff\/wp-content\/uploads\/sites\/67\/2023\/01\/einjaehrige-Nuetzlingsstreifen-300x169.jpg 300w, https:\/\/agripedia.ch\/acker-bff\/wp-content\/uploads\/sites\/67\/2023\/01\/einjaehrige-Nuetzlingsstreifen-1024x576.jpg 1024w, https:\/\/agripedia.ch\/acker-bff\/wp-content\/uploads\/sites\/67\/2023\/01\/einjaehrige-Nuetzlingsstreifen-768x432.jpg 768w, https:\/\/agripedia.ch\/acker-bff\/wp-content\/uploads\/sites\/67\/2023\/01\/einjaehrige-Nuetzlingsstreifen-1536x864.jpg 1536w, https:\/\/agripedia.ch\/acker-bff\/wp-content\/uploads\/sites\/67\/2023\/01\/einjaehrige-Nuetzlingsstreifen-2048x1152.jpg 2048w, https:\/\/agripedia.ch\/acker-bff\/wp-content\/uploads\/sites\/67\/2023\/01\/einjaehrige-Nuetzlingsstreifen-1200x675.jpg 1200w, https:\/\/agripedia.ch\/acker-bff\/wp-content\/uploads\/sites\/67\/2023\/01\/einjaehrige-Nuetzlingsstreifen-1980x1114.jpg 1980w\" sizes=\"auto, (max-width: 2560px) 100vw, 2560px\" \/><figcaption class=\"wp-block-getwid-images-slider__caption\">Einj\u00e4hrige N\u00fctzlingsstreifen (Foto: K. Jacot, Agroscope)<\/figcaption><\/figure><\/div><div class=\"wp-block-getwid-images-slider__item\" style=\"height:500px\"><figure><img loading=\"lazy\" decoding=\"async\" width=\"1920\" height=\"2560\" src=\"https:\/\/agripedia.ch\/acker-bff\/wp-content\/uploads\/sites\/50\/2023\/01\/Getreide-weite-Reihe_CZU-scaled-e1673624755237.jpg\" alt=\"Getreide weite Reihe\" data-id=\"114\" data-link=\"https:\/\/agripedia.ch\/acker-bff\/getreide-weite-reihe_czu\/\" data-original-link=\"https:\/\/agripedia.ch\/acker-bff\/wp-content\/uploads\/sites\/50\/2023\/01\/Getreide-weite-Reihe_CZU-scaled-e1673624755237.jpg\" class=\"wp-block-getwid-images-slider__image wp-image-114\" srcset=\"https:\/\/agripedia.ch\/acker-bff\/wp-content\/uploads\/sites\/67\/2023\/01\/Getreide-weite-Reihe_CZU-scaled-e1673624755237.jpg 1920w, https:\/\/agripedia.ch\/acker-bff\/wp-content\/uploads\/sites\/67\/2023\/01\/Getreide-weite-Reihe_CZU-scaled-e1673624755237-225x300.jpg 225w, https:\/\/agripedia.ch\/acker-bff\/wp-content\/uploads\/sites\/67\/2023\/01\/Getreide-weite-Reihe_CZU-scaled-e1673624755237-768x1024.jpg 768w, https:\/\/agripedia.ch\/acker-bff\/wp-content\/uploads\/sites\/67\/2023\/01\/Getreide-weite-Reihe_CZU-scaled-e1673624755237-1152x1536.jpg 1152w, https:\/\/agripedia.ch\/acker-bff\/wp-content\/uploads\/sites\/67\/2023\/01\/Getreide-weite-Reihe_CZU-scaled-e1673624755237-1536x2048.jpg 1536w, https:\/\/agripedia.ch\/acker-bff\/wp-content\/uploads\/sites\/67\/2023\/01\/Getreide-weite-Reihe_CZU-scaled-e1673624755237-1200x1600.jpg 1200w\" sizes=\"auto, (max-width: 1920px) 100vw, 1920px\" \/><figcaption class=\"wp-block-getwid-images-slider__caption\">Getreide weite Reihe (Foto: Judith Ladner, BLW)<\/figcaption><\/figure><\/div><\/div><\/div>\n\n\n\n<h2 class=\"wp-block-heading\" id=\"ziele-der-entscheidungshilfe\">Ziele der Entscheidungshilfe<\/h2>\n\n\n\n<p>Die Entscheidungshilfe soll Beratende und Landwirt*innen bei der Auswahl eines Acker-BFF Typs an einem bestimmten Standort unterst\u00fctzen:<\/p>\n\n\n\n<ul class=\"wp-block-list\">\n<li>Welche BFF sind am entsprechenden Standort aufgrund der Bodeneigenschaften und Umgebung geeignet?<\/li>\n\n\n\n<li>Welche praktischen Kriterien schr\u00e4nken die Auswahl am entsprechenden Standort ein?<\/li>\n\n\n\n<li>Welche Tier- oder Pflanzenartengruppen k\u00f6nnen am gew\u00e4hlten Standort priorit\u00e4r gef\u00f6rdert werden? Welche Ziele sollen mit der Anlage der BFF erreicht werden?<\/li>\n<\/ul>\n\n\n\n<div class=\"wp-block-buttons is-layout-flex wp-block-buttons-is-layout-flex\">\n<div class=\"wp-block-button has-custom-width wp-block-button__width-100\"><a class=\"wp-block-button__link wp-element-button\" href=\"https:\/\/agripedia.ch\/acker-bff\/entscheidungshilfe\/\">Los geht&#8217;s!<\/a><\/div>\n<\/div>\n\n\n\n<h2 class=\"wp-block-heading\" id=\"gesamtbetriebliche-situation-beachten\">Gesamtbetriebliche Situation beachten<\/h2>\n\n\n\n<div class=\"wp-block-columns are-vertically-aligned-top is-layout-flex wp-container-core-columns-is-layout-9d6595d7 wp-block-columns-is-layout-flex\">\n<div class=\"wp-block-column is-vertically-aligned-top is-layout-flow wp-block-column-is-layout-flow\" style=\"flex-basis:33.33%\">\n<figure data-wp-context=\"{&quot;imageId&quot;:&quot;69ded2f2a2277&quot;}\" data-wp-interactive=\"core\/image\" data-wp-key=\"69ded2f2a2277\" class=\"wp-block-image alignfull size-full wp-lightbox-container\"><img loading=\"lazy\" decoding=\"async\" width=\"2560\" height=\"1707\" data-wp-class--hide=\"state.isContentHidden\" data-wp-class--show=\"state.isContentVisible\" data-wp-init=\"callbacks.setButtonStyles\" data-wp-on--click=\"actions.showLightbox\" data-wp-on--load=\"callbacks.setButtonStyles\" data-wp-on-window--resize=\"callbacks.setButtonStyles\" src=\"https:\/\/agripedia.ch\/acker-bff\/wp-content\/uploads\/sites\/50\/2025\/01\/Schoener_Saum_NT-scaled.jpg\" alt=\"\" class=\"wp-image-2931\" srcset=\"https:\/\/agripedia.ch\/acker-bff\/wp-content\/uploads\/sites\/67\/2025\/01\/Schoener_Saum_NT-scaled.jpg 2560w, https:\/\/agripedia.ch\/acker-bff\/wp-content\/uploads\/sites\/67\/2025\/01\/Schoener_Saum_NT-500x333.jpg 500w, https:\/\/agripedia.ch\/acker-bff\/wp-content\/uploads\/sites\/67\/2025\/01\/Schoener_Saum_NT-1024x683.jpg 1024w, https:\/\/agripedia.ch\/acker-bff\/wp-content\/uploads\/sites\/67\/2025\/01\/Schoener_Saum_NT-768x512.jpg 768w, https:\/\/agripedia.ch\/acker-bff\/wp-content\/uploads\/sites\/67\/2025\/01\/Schoener_Saum_NT-1536x1024.jpg 1536w, https:\/\/agripedia.ch\/acker-bff\/wp-content\/uploads\/sites\/67\/2025\/01\/Schoener_Saum_NT-2048x1365.jpg 2048w, https:\/\/agripedia.ch\/acker-bff\/wp-content\/uploads\/sites\/67\/2025\/01\/Schoener_Saum_NT-1200x800.jpg 1200w, https:\/\/agripedia.ch\/acker-bff\/wp-content\/uploads\/sites\/67\/2025\/01\/Schoener_Saum_NT-1980x1320.jpg 1980w\" sizes=\"auto, (max-width: 2560px) 100vw, 2560px\" \/><button\n\t\t\tclass=\"lightbox-trigger\"\n\t\t\ttype=\"button\"\n\t\t\taria-haspopup=\"dialog\"\n\t\t\taria-label=\"Vergr\u00f6\u00dfern\"\n\t\t\tdata-wp-init=\"callbacks.initTriggerButton\"\n\t\t\tdata-wp-on--click=\"actions.showLightbox\"\n\t\t\tdata-wp-style--right=\"state.imageButtonRight\"\n\t\t\tdata-wp-style--top=\"state.imageButtonTop\"\n\t\t>\n\t\t\t<svg xmlns=\"http:\/\/www.w3.org\/2000\/svg\" width=\"12\" height=\"12\" fill=\"none\" viewBox=\"0 0 12 12\">\n\t\t\t\t<path fill=\"#fff\" d=\"M2 0a2 2 0 0 0-2 2v2h1.5V2a.5.5 0 0 1 .5-.5h2V0H2Zm2 10.5H2a.5.5 0 0 1-.5-.5V8H0v2a2 2 0 0 0 2 2h2v-1.5ZM8 12v-1.5h2a.5.5 0 0 0 .5-.5V8H12v2a2 2 0 0 1-2 2H8Zm2-12a2 2 0 0 1 2 2v2h-1.5V2a.5.5 0 0 0-.5-.5H8V0h2Z\" \/>\n\t\t\t<\/svg>\n\t\t<\/button><figcaption class=\"wp-element-caption\">Foto: Niklaus Trottmann, landw. Zentrum Liebegg.<\/figcaption><\/figure>\n<\/div>\n\n\n\n<div class=\"wp-block-column is-vertically-aligned-top is-layout-flow wp-block-column-is-layout-flow\" style=\"flex-basis:66.66%\">\n<p>Die Entscheidungshilfe bezieht sich auf die Eignung einzelner Parzellen f\u00fcr die Anlage von Acker-BFF. Um eine grosse Vielfalt an Wildtieren und N\u00fctzlingen im Kulturland zu erhalten, gilt aber:<\/p>\n\n\n\n<ul class=\"wp-block-list\">\n<li>Ein- und mehrj\u00e4hrige Elemente auf dem Betrieb kombinieren<\/li>\n\n\n\n<li>Fl\u00e4chige und lineare Elemente auf dem Betrieb zu kombinieren<\/li>\n\n\n\n<li>Kurze Distanzen zwischen den Acker-BFF und weiteren biodiversit\u00e4tsf\u00f6rdernden Elementen wie Hecken, Geb\u00fcschgruppen oder extensiven Wiesen (&lt; 200 m)<\/li>\n<\/ul>\n<\/div>\n<\/div>\n\n\n\n<h2 class=\"wp-block-heading\" id=\"impressum\"><strong>Impressum<\/strong><\/h2>\n\n\n\n<p>Die Entscheidungshilfe wird im Rahmen des Beratungsprojektes \u201eBiodiversit\u00e4tsf\u00f6rderung im Ackerland\u201c (2022-2025) mit Unterst\u00fctzung des Bundesamtes f\u00fcr Landwirtschaft erstellt.<\/p>\n\n\n\n<p><strong>Projektpartner:<\/strong>&nbsp;Katja Jacot und Viviane Br\u00f6nnimann (Agroscope), Niklaus Trottmann (Liebegg, Kanton Aargau), Sophie Ortner und Claudia Degen (Kanton Fribourg), Annina Schreich und Helene Br\u00e4ndli (Plantahof, Kanton Graub\u00fcnden), Anja Gramlich und Corinne Zurbr\u00fcgg (AGRIDEA)<\/p>\n\n\n\n<p><strong>Begleitgruppe:<\/strong> Judith Ladner Callipari (Bundesamt f\u00fcr Landwirtschaft), Andr\u00e9 Zimmermann (Pflanzenschutzdienst, Kanton Waadt), Barbara Mosimann (INFORAMA, Kanton Bern) und Andreas Br\u00f6nnimann (Abteilung Direktzahlungen, Kanton Bern), Hubert Sch\u00fcrmann (Schweizerische Vogelwarte), Anne-Claude Jacquat (ProConseil, Kanton Waadt), Debora Zaugg (Bundesamt f\u00fcr Umwelt)<\/p>\n\n\n\n<figure class=\"wp-block-image aligncenter size-full\"><img loading=\"lazy\" decoding=\"async\" width=\"1427\" height=\"165\" src=\"https:\/\/agripedia.ch\/acker-bff\/wp-content\/uploads\/sites\/50\/2024\/09\/logos_acker_BFF.png\" alt=\"\" class=\"wp-image-2746\" srcset=\"https:\/\/agripedia.ch\/acker-bff\/wp-content\/uploads\/sites\/67\/2024\/09\/logos_acker_BFF.png 1427w, https:\/\/agripedia.ch\/acker-bff\/wp-content\/uploads\/sites\/67\/2024\/09\/logos_acker_BFF-300x35.png 300w, https:\/\/agripedia.ch\/acker-bff\/wp-content\/uploads\/sites\/67\/2024\/09\/logos_acker_BFF-1024x118.png 1024w, https:\/\/agripedia.ch\/acker-bff\/wp-content\/uploads\/sites\/67\/2024\/09\/logos_acker_BFF-768x89.png 768w, https:\/\/agripedia.ch\/acker-bff\/wp-content\/uploads\/sites\/67\/2024\/09\/logos_acker_BFF-1200x139.png 1200w\" sizes=\"auto, (max-width: 1427px) 100vw, 1427px\" \/><\/figure>\n\n\n\n<p>&nbsp;<\/p>\n","protected":false},"excerpt":{"rendered":"<p>Biodiversit\u00e4tsf\u00f6rderfl\u00e4chen (BFF) im Ackerland bieten speziell den Arten einen Lebensraum, die typischerweise in den Ackerbauregionen vorkommen. Nicht alle Acker-BFF-Typen sind jedoch an allen Standorten geeignet und je nach BFF-Typ werden unterschiedliche Tier- und Pflanzenarten gef\u00f6rdert. Ziele der Entscheidungshilfe Die Entscheidungshilfe soll Beratende und Landwirt*innen bei der Auswahl eines Acker-BFF Typs an einem bestimmten Standort unterst\u00fctzen: [&hellip;]<\/p>\n","protected":false},"author":26,"featured_media":3055,"parent":0,"menu_order":0,"comment_status":"closed","ping_status":"closed","template":"","meta":{"_acf_changed":false,"_sb_is_suggestion_mode":false,"_sb_show_suggestion_boards":false,"_sb_show_comment_boards":false,"_sb_suggestion_history":"","_sb_update_block_changes":"","_monsterinsights_skip_tracking":false,"_monsterinsights_sitenote_active":false,"_monsterinsights_sitenote_note":"","_monsterinsights_sitenote_category":0,"footnotes":""},"class_list":["post-6","page","type-page","status-publish","has-post-thumbnail","hentry"],"acf":[],"_links":{"self":[{"href":"https:\/\/agripedia.ch\/acker-bff\/wp-json\/wp\/v2\/pages\/6","targetHints":{"allow":["GET"]}}],"collection":[{"href":"https:\/\/agripedia.ch\/acker-bff\/wp-json\/wp\/v2\/pages"}],"about":[{"href":"https:\/\/agripedia.ch\/acker-bff\/wp-json\/wp\/v2\/types\/page"}],"author":[{"embeddable":true,"href":"https:\/\/agripedia.ch\/acker-bff\/wp-json\/wp\/v2\/users\/26"}],"replies":[{"embeddable":true,"href":"https:\/\/agripedia.ch\/acker-bff\/wp-json\/wp\/v2\/comments?post=6"}],"version-history":[{"count":58,"href":"https:\/\/agripedia.ch\/acker-bff\/wp-json\/wp\/v2\/pages\/6\/revisions"}],"predecessor-version":[{"id":3772,"href":"https:\/\/agripedia.ch\/acker-bff\/wp-json\/wp\/v2\/pages\/6\/revisions\/3772"}],"wp:featuredmedia":[{"embeddable":true,"href":"https:\/\/agripedia.ch\/acker-bff\/wp-json\/wp\/v2\/media\/3055"}],"wp:attachment":[{"href":"https:\/\/agripedia.ch\/acker-bff\/wp-json\/wp\/v2\/media?parent=6"}],"curies":[{"name":"wp","href":"https:\/\/api.w.org\/{rel}","templated":true}]}}