 {"id":1513,"date":"2024-03-14T11:36:22","date_gmt":"2024-03-14T10:36:22","guid":{"rendered":"https:\/\/agripedia.ch\/ackerbff-test\/?page_id=1513"},"modified":"2025-12-18T10:16:34","modified_gmt":"2025-12-18T09:16:34","slug":"artentabelle","status":"publish","type":"page","link":"https:\/\/agripedia.ch\/acker-bff\/artentabelle\/","title":{"rendered":"Arten der Saatmischungen f\u00fcr Acker-BFF und N\u00fctzlingsstreifen"},"content":{"rendered":"\n<p><p>Die Pflanzenarten in den vom Bundesamt f\u00fcr Landwirtschaft (BLW) bewilligten Saatmischungen f\u00fcr Acker-BFF und N\u00fctzlingsstreifen wurden speziell wegen ihren Eigenschaften wie zum Beispiel dem Bl\u00fctezeitpunkt, der Bl\u00fctendauer oder dem Pollen- oder Nektarangebot ausgew\u00e4hlt. Je nach beabsichtigter Wirkung sind die Mischungen unterschiedlich zusammengesetzt.<\/p><br><p>Folgende Tabelle gibt einen \u00dcberblick \u00fcber die verschiedenen Saatmischungen und den darin enthaltenen Pflanzenarten mit ihren wichtigsten Eigenschaften. Wird eine spezifische Art gesucht, kann man sich auch anzeigen lassen, in welchen Mischungen sie enthalten ist.<\/p><br><p><em>Die in der Tabelle enthaltenen Informationen wurden von Agroscope unter Einbezug einer Vielzahl von <a href=\"https:\/\/agripedia.ch\/acker-bff\/wp-content\/uploads\/sites\/67\/2024\/10\/Quellenangaben_Artenliste.pdf\">Quellen<\/a> erarbeitet.<\/em><\/p><br><p>\u00a0<\/p><\/p>\n\n\n    <link href=\"https:\/\/cdn.jsdelivr.net\/npm\/bootstrap@5.3.2\/dist\/css\/bootstrap.min.css\" rel=\"stylesheet\" \/>\n    <link href=\"https:\/\/getbootstrap.com\/docs\/5.3\/assets\/css\/docs.css\" rel=\"stylesheet\" \/>\n    <link href=\"https:\/\/raw.githubusercontent.com\/lokesh\/lightbox2\/dev\/dist\/css\/lightbox.min.css\" rel=\"stylesheet\" \/>\n    \n\n    \n    <div class=\"container-fluid\">\n<!-- \n        <form method=\"get\" action=\"\" class=\"mb-3\">\n            <div class=\"input-group\">\n                <input type=\"text\" name=\"search\" class=\"form-control\" placeholder=\"Search plants...\">\n                <button type=\"submit\" class=\"btn btn-primary\" style='background-color:;'>Search<\/button>\n            <\/div>\n        <\/form> -->\n        <form method=\"get\" action=\"\" class=\"mb-3\" id=\"search-form\">\n    <div class=\"input-group\">\n        <input type=\"text\" id=\"search\" name=\"search\" class=\"form-control\" placeholder=\"Suche nach Pflanzen\u2026\">\n        <button type=\"submit\" class=\"btn btn-primary\">Suche<\/button>\n    <\/div>\n    <div id=\"suggestions\"><\/div>\n<\/form>\n\n        <br>\n\n        <ul class=\"row nav nav-pills\" id=\"pills-tab\" role=\"tablist\">\n            <li class=\"col-4 nav-item no-margin\" role=\"presentation\">\n                <a class=\"nav-link alert active  alert-info samenmischungen-pill\"\n                    id=\"pills-1-tab\" data-bs-toggle=\"pill\" data-bs-target=\"#pills-1\" type=\"button\"\n                    role=\"tab\" aria-controls=\"pills-1\" aria-selected=\"true\">Samenmischungen f\u00fcr Acker-BFF <\/a>\n            <\/li>\n            <li class=\"col-4 nav-item no-margin\" role=\"presentation\">\n                <div class=\"nav-link alert  alert-info samenmischungen-pill\"\n                    id=\"pills-2-tab\" data-bs-toggle=\"pill\" data-bs-target=\"#pills-2\" type=\"button\"\n                    role=\"tab\" aria-controls=\"pills-2\" aria-selected=\"false\">Samenmischungen f\u00fcr N\u00fctzlingsstreifen auf offener Ackerfl\u00e4che<\/div>\n            <\/li>\n            <li class=\"col-4 nav-item no-margin\" role=\"presentation\">\n                <div class=\"nav-link alert  alert-info samenmischungen-pill\"\n                    id=\"pills-3-tab\" data-bs-toggle=\"pill\" data-bs-target=\"#pills-3\" type=\"button\"\n                    role=\"tab\" aria-controls=\"pills-3\" aria-selected=\"false\">Samenmischungen f\u00fcr N\u00fctzlingsstreifen in Dauerkulturen<\/div>\n            <\/li>\n\n        <\/ul>\n\n        <div class=\"tab-content\" id=\"pills-tabContent\">\n\n            <section\n                class=\"tab-pane fade  show active\"\n                id=\"pills-1\" role=\"tabpanel\" aria-labelledby=\"pills-1-tab\">\n                <div class=\"row\"> <div  class=\"col-4\" onclick=\"location.href='?tap_of=acker-bff&class_of=22'\" > <div  class=\"alert alert-success samenmischungen-menu-tile\"  onclick=\"location.href='?tap_of=acker-bff&class_of=22'\"  role=\"alert\"> <a class=\"\" href=\"?tap_of=acker-bff&class_of=22\" >Buntbrache Grundversion <\/a><\/div><\/div> <div  class=\"col-4\" onclick=\"location.href='?tap_of=acker-bff&class_of=23'\" > <div  class=\"alert alert-success samenmischungen-menu-tile\"  onclick=\"location.href='?tap_of=acker-bff&class_of=23'\"  role=\"alert\"> <a class=\"\" href=\"?tap_of=acker-bff&class_of=23\" >Buntbrache Vollversion <\/a><\/div><\/div> <div  class=\"col-4\" onclick=\"location.href='?tap_of=acker-bff&class_of=24'\" > <div  class=\"alert alert-success samenmischungen-menu-tile\"  onclick=\"location.href='?tap_of=acker-bff&class_of=24'\"  role=\"alert\"> <a class=\"\" href=\"?tap_of=acker-bff&class_of=24\" >Rotationsbrache Grundversion <\/a><\/div><\/div> <div  class=\"col-4\" onclick=\"location.href='?tap_of=acker-bff&class_of=25'\" > <div  class=\"alert alert-success samenmischungen-menu-tile\"  onclick=\"location.href='?tap_of=acker-bff&class_of=25'\"  role=\"alert\"> <a class=\"\" href=\"?tap_of=acker-bff&class_of=25\" >Rotationsbrache Vollversion <\/a><\/div><\/div> <div  class=\"col-4\" onclick=\"location.href='?tap_of=acker-bff&class_of=26'\" > <div  class=\"alert alert-success samenmischungen-menu-tile\"  onclick=\"location.href='?tap_of=acker-bff&class_of=26'\"  role=\"alert\"> <a class=\"\" href=\"?tap_of=acker-bff&class_of=26\" >Saum feucht <\/a><\/div><\/div> <div  class=\"col-4\" onclick=\"location.href='?tap_of=acker-bff&class_of=27'\" > <div  class=\"alert alert-success samenmischungen-menu-tile\"  onclick=\"location.href='?tap_of=acker-bff&class_of=27'\"  role=\"alert\"> <a class=\"\" href=\"?tap_of=acker-bff&class_of=27\" >Saum trocken <\/a><\/div><\/div><\/div><\/section>\n\n            <section\n                class=\"tab-pane fade  \"\n                id=\"pills-2\" role=\"tabpanel\" aria-labelledby=\"pills-2-tab\">\n                <div class=\"row\"> <div  class=\"col-4\" onclick=\"location.href='?tap_of=saatgut-ackerflachen&class_of=28'\" > <div  class=\"alert alert-success samenmischungen-menu-tile\"  onclick=\"location.href='?tap_of=saatgut-ackerflachen&class_of=28'\"  role=\"alert\"> <a class=\"\" href=\"?tap_of=saatgut-ackerflachen&class_of=28\" >NS Grundversion, einj\u00e4hrig <\/a><\/div><\/div> <div  class=\"col-4\" onclick=\"location.href='?tap_of=saatgut-ackerflachen&class_of=30'\" > <div  class=\"alert alert-success samenmischungen-menu-tile\"  onclick=\"location.href='?tap_of=saatgut-ackerflachen&class_of=30'\"  role=\"alert\"> <a class=\"\" href=\"?tap_of=saatgut-ackerflachen&class_of=30\" >NS Grundversion, einj\u00e4hrig (GR und S\u00fcdalpen) <\/a><\/div><\/div> <div  class=\"col-4\" onclick=\"location.href='?tap_of=saatgut-ackerflachen&class_of=33'\" > <div  class=\"alert alert-success samenmischungen-menu-tile\"  onclick=\"location.href='?tap_of=saatgut-ackerflachen&class_of=33'\"  role=\"alert\"> <a class=\"\" href=\"?tap_of=saatgut-ackerflachen&class_of=33\" >NS Kohl, einj\u00e4hrig <\/a><\/div><\/div> <div  class=\"col-4\" onclick=\"location.href='?tap_of=saatgut-ackerflachen&class_of=96'\" > <div  class=\"alert alert-success samenmischungen-menu-tile\"  onclick=\"location.href='?tap_of=saatgut-ackerflachen&class_of=96'\"  role=\"alert\"> <a class=\"\" href=\"?tap_of=saatgut-ackerflachen&class_of=96\" >NS mehrj\u00e4hrig <\/a><\/div><\/div> <div  class=\"col-4\" onclick=\"location.href='?tap_of=saatgut-ackerflachen&class_of=32'\" > <div  class=\"alert alert-success samenmischungen-menu-tile\"  onclick=\"location.href='?tap_of=saatgut-ackerflachen&class_of=32'\"  role=\"alert\"> <a class=\"\" href=\"?tap_of=saatgut-ackerflachen&class_of=32\" >NS Sommerkultur, einj\u00e4hrig <\/a><\/div><\/div> <div  class=\"col-4\" onclick=\"location.href='?tap_of=saatgut-ackerflachen&class_of=29'\" > <div  class=\"alert alert-success samenmischungen-menu-tile\"  onclick=\"location.href='?tap_of=saatgut-ackerflachen&class_of=29'\"  role=\"alert\"> <a class=\"\" href=\"?tap_of=saatgut-ackerflachen&class_of=29\" >NS Vollversion, einj\u00e4hrig <\/a><\/div><\/div> <div  class=\"col-4\" onclick=\"location.href='?tap_of=saatgut-ackerflachen&class_of=31'\" > <div  class=\"alert alert-success samenmischungen-menu-tile\"  onclick=\"location.href='?tap_of=saatgut-ackerflachen&class_of=31'\"  role=\"alert\"> <a class=\"\" href=\"?tap_of=saatgut-ackerflachen&class_of=31\" >NS Winterkultur, einj\u00e4hrig <\/a><\/div><\/div><\/div> <\/section>\n\n            <section\n                class=\"tab-pane fade  \"\n                id=\"pills-3\" role=\"tabpanel\" aria-labelledby=\"pills-3-tab\">\n                <div class=\"row\"> <div  class=\"col-4\" onclick=\"location.href='?tap_of=dauerkulturen&class_of=34'\" > <div  class=\"alert alert-success samenmischungen-menu-tile\"  onclick=\"location.href='?tap_of=dauerkulturen&class_of=34'\"  role=\"alert\"> <a class=\"\" href=\"?tap_of=dauerkulturen&class_of=34\" >NS Obst <\/a><\/div><\/div> <div  class=\"col-4\" onclick=\"location.href='?tap_of=dauerkulturen&class_of=35'\" > <div  class=\"alert alert-success samenmischungen-menu-tile\"  onclick=\"location.href='?tap_of=dauerkulturen&class_of=35'\"  role=\"alert\"> <a class=\"\" href=\"?tap_of=dauerkulturen&class_of=35\" >NS Rebberg <\/a><\/div><\/div><\/div> <\/section>\n\n        <\/div>\n\n\n    <\/div>\n\n    <hr>\n\n    <div class=\"container\">\n\n                    <div class=\"row row-cols-2 row-cols-lg-5 g-2 g-lg-3\">\n\n            \n        <\/div>\n    <\/div>\n\n    <script src=\"https:\/\/cdnjs.cloudflare.com\/ajax\/libs\/jquery\/3.7.1\/jquery.min.js\"><\/script>\n    <script src=\"https:\/\/cdn.jsdelivr.net\/npm\/bootstrap@5.3.2\/dist\/js\/bootstrap.bundle.min.js\"><\/script>\n    <script src=\"https:\/\/raw.githubusercontent.com\/lokesh\/lightbox2\/dev\/dist\/js\/lightbox.min.js\"><\/script>\n\n\n    <script>\n        lightbox.option({\n            'resizeDuration': 200,\n            'wrapAround': true\n        })\n    <\/script>\n    \n\n    \n\n\n\n<p><\/p>\n\n\n<table style=\"background-color: white; width: 100%; border-collapse: collapse;\">\n<tbody>\n<tr>\n<td style=\"text-align: center; vertical-align: middle; font-size: 24px; font-weight: bold; padding: 20px;\">Ein Projekt von<\/td>\n<td style=\"text-align: center; padding: 20px;\">\n<div class=\"wp-block-image\">\n<figure class=\"wp-block-image alignleft size-large is-resized\"><a href=\"https:\/\/www.agroscope.admin.ch\/agroscope\/en\/home.html\" target=\"_blank\" rel=\"noopener\"> <img loading=\"lazy\" decoding=\"async\" class=\"wp-image-909\" src=\"https:\/\/agripedia.ch\/ackerbff-test\/wp-content\/uploads\/sites\/67\/2024\/09\/Logo_dAgroscope.png\" alt=\"Logo Agroscope\" width=\"200\" height=\"50\" \/> <\/a><\/figure>\n<\/div>\n<\/td>\n<td style=\"text-align: center; padding: 20px;\">\n<div class=\"wp-block-image\">\n<figure class=\"wp-block-image alignleft size-large is-resized\"><a href=\"https:\/\/www.agridea.ch\" target=\"_blank\" rel=\"noopener\"> <img loading=\"lazy\" decoding=\"async\" class=\"wp-image-909\" src=\"https:\/\/agripedia.ch\/ackerbff-test\/wp-content\/uploads\/sites\/67\/2024\/09\/AGRIDEA_4_LANGUES_CMJN-scaled.jpg\" alt=\"Logo AGRIDEA\" width=\"200\" height=\"50\" \/> <\/a><\/figure>\n<\/div>\n<\/td>\n<\/tr>\n<\/tbody>\n<\/table>","protected":false},"excerpt":{"rendered":"<p>Die Pflanzenarten in den vom Bundesamt f\u00fcr Landwirtschaft (BLW) bewilligten Saatmischungen f\u00fcr Acker-BFF und N\u00fctzlingsstreifen wurden speziell wegen ihren Eigenschaften wie zum Beispiel dem Bl\u00fctezeitpunkt, der Bl\u00fctendauer oder dem Pollen- oder Nektarangebot ausgew\u00e4hlt. Je nach beabsichtigter Wirkung sind die Mischungen unterschiedlich zusammengesetzt. Folgende Tabelle gibt einen \u00dcberblick \u00fcber die verschiedenen Saatmischungen und den darin enthaltenen [&hellip;]<\/p>\n","protected":false},"author":927,"featured_media":0,"parent":0,"menu_order":0,"comment_status":"closed","ping_status":"closed","template":"","meta":{"_acf_changed":false,"_sb_is_suggestion_mode":false,"_sb_show_suggestion_boards":false,"_sb_show_comment_boards":false,"_sb_suggestion_history":"","_sb_update_block_changes":"","_monsterinsights_skip_tracking":false,"_monsterinsights_sitenote_active":false,"_monsterinsights_sitenote_note":"","_monsterinsights_sitenote_category":0,"footnotes":""},"class_list":["post-1513","page","type-page","status-publish","hentry"],"acf":[],"_links":{"self":[{"href":"https:\/\/agripedia.ch\/acker-bff\/wp-json\/wp\/v2\/pages\/1513","targetHints":{"allow":["GET"]}}],"collection":[{"href":"https:\/\/agripedia.ch\/acker-bff\/wp-json\/wp\/v2\/pages"}],"about":[{"href":"https:\/\/agripedia.ch\/acker-bff\/wp-json\/wp\/v2\/types\/page"}],"author":[{"embeddable":true,"href":"https:\/\/agripedia.ch\/acker-bff\/wp-json\/wp\/v2\/users\/927"}],"replies":[{"embeddable":true,"href":"https:\/\/agripedia.ch\/acker-bff\/wp-json\/wp\/v2\/comments?post=1513"}],"version-history":[{"count":22,"href":"https:\/\/agripedia.ch\/acker-bff\/wp-json\/wp\/v2\/pages\/1513\/revisions"}],"predecessor-version":[{"id":3395,"href":"https:\/\/agripedia.ch\/acker-bff\/wp-json\/wp\/v2\/pages\/1513\/revisions\/3395"}],"wp:attachment":[{"href":"https:\/\/agripedia.ch\/acker-bff\/wp-json\/wp\/v2\/media?parent=1513"}],"curies":[{"name":"wp","href":"https:\/\/api.w.org\/{rel}","templated":true}]}}