 {"id":3588,"date":"2024-11-18T13:44:08","date_gmt":"2024-11-18T12:44:08","guid":{"rendered":"https:\/\/agripedia.ch\/acker-bff\/contact\/"},"modified":"2026-02-12T16:35:52","modified_gmt":"2026-02-12T15:35:52","slug":"contact","status":"publish","type":"page","link":"https:\/\/agripedia.ch\/acker-bff\/fr\/contact\/","title":{"rendered":"Contact"},"content":{"rendered":"\n<div class=\"wp-block-columns is-layout-flex wp-container-core-columns-is-layout-9d6595d7 wp-block-columns-is-layout-flex\" datatext=\"el1770910539230\">\n<div class=\"wp-block-column is-layout-flow wp-block-column-is-layout-flow\" style=\"flex-basis:100%\">\n<p>L\u2019outil d\u2019aide \u00e0 la d\u00e9cision pour les SPB sur terres ouvertes est en cours d\u2019\u00e9laboration. Certaines parties ne sont pas encore finalis\u00e9es et du contenu est ajout\u00e9 en continu. Les remarques concernant la page peuvent \u00eatre transmises volontiers \u00e0 <a href=\"mailto:anja.gramlich@agridea.ch\">anja.gramlich@agridea.ch<\/a>.<\/p>\n<\/div>\n<\/div>\n\n\n\n<p><\/p>\n","protected":false},"excerpt":{"rendered":"<p>L\u2019outil d\u2019aide \u00e0 la d\u00e9cision pour les SPB sur terres ouvertes est en cours d\u2019\u00e9laboration. Certaines parties ne sont pas encore finalis\u00e9es et du contenu est ajout\u00e9 en continu. Les remarques concernant la page peuvent \u00eatre transmises volontiers \u00e0 anja.gramlich@agridea.ch.<\/p>\n","protected":false},"author":927,"featured_media":0,"parent":0,"menu_order":0,"comment_status":"closed","ping_status":"closed","template":"","meta":{"_acf_changed":false,"_sb_is_suggestion_mode":false,"_sb_show_suggestion_boards":false,"_sb_show_comment_boards":false,"_sb_suggestion_history":"","_sb_update_block_changes":"","_monsterinsights_skip_tracking":false,"_monsterinsights_sitenote_active":false,"_monsterinsights_sitenote_note":"","_monsterinsights_sitenote_category":0,"footnotes":""},"class_list":["post-3588","page","type-page","status-publish","hentry"],"acf":[],"_links":{"self":[{"href":"https:\/\/agripedia.ch\/acker-bff\/fr\/wp-json\/wp\/v2\/pages\/3588","targetHints":{"allow":["GET"]}}],"collection":[{"href":"https:\/\/agripedia.ch\/acker-bff\/fr\/wp-json\/wp\/v2\/pages"}],"about":[{"href":"https:\/\/agripedia.ch\/acker-bff\/fr\/wp-json\/wp\/v2\/types\/page"}],"author":[{"embeddable":true,"href":"https:\/\/agripedia.ch\/acker-bff\/fr\/wp-json\/wp\/v2\/users\/927"}],"replies":[{"embeddable":true,"href":"https:\/\/agripedia.ch\/acker-bff\/fr\/wp-json\/wp\/v2\/comments?post=3588"}],"version-history":[{"count":3,"href":"https:\/\/agripedia.ch\/acker-bff\/fr\/wp-json\/wp\/v2\/pages\/3588\/revisions"}],"predecessor-version":[{"id":3691,"href":"https:\/\/agripedia.ch\/acker-bff\/fr\/wp-json\/wp\/v2\/pages\/3588\/revisions\/3691"}],"wp:attachment":[{"href":"https:\/\/agripedia.ch\/acker-bff\/fr\/wp-json\/wp\/v2\/media?parent=3588"}],"curies":[{"name":"wp","href":"https:\/\/api.w.org\/{rel}","templated":true}]}}