 {"id":3584,"date":"2024-03-14T11:36:22","date_gmt":"2024-03-14T10:36:22","guid":{"rendered":"https:\/\/agripedia.ch\/acker-bff\/especes-des-melanges-de-semences-pour-les-sda-et-les-bandes-auxiliaires\/"},"modified":"2026-02-16T13:52:18","modified_gmt":"2026-02-16T12:52:18","slug":"especes-des-melanges-de-semences-pour-les-sda-et-les-bandes-auxiliaires","status":"publish","type":"page","link":"https:\/\/agripedia.ch\/acker-bff\/fr\/especes-des-melanges-de-semences-pour-les-sda-et-les-bandes-auxiliaires\/","title":{"rendered":"Composition des m\u00e9langes de semences pour les SPB et les bandes sem\u00e9es pour organismes utiles sur terres ouvertes"},"content":{"rendered":"\n<p><p>Les esp\u00e8ces v\u00e9g\u00e9tales contenues dans les m\u00e9langes de semences autoris\u00e9s par l&rsquo;Office f\u00e9d\u00e9ral de l&rsquo;agriculture (OFAG) pour les SPB et les bandes sem\u00e9es pour organismes utiles ont \u00e9t\u00e9 sp\u00e9cialement s\u00e9lectionn\u00e9es en fonction de leurs caract\u00e9ristiques, telles que la p\u00e9riode de floraison, la dur\u00e9e de floraison ou l&rsquo;offre de pollen ou de nectar. La composition des m\u00e9langes varie en fonction de l&rsquo;effet recherch\u00e9. <\/p><br><p>Le tableau suivant donne un aper\u00e7u des diff\u00e9rents m\u00e9langes de semences et des esp\u00e8ces v\u00e9g\u00e9tales qu&rsquo;ils contiennent, avec leurs principales caract\u00e9ristiques. Si une esp\u00e8ce sp\u00e9cifique est recherch\u00e9e, il est \u00e9galement possible d&rsquo;afficher les m\u00e9langes dans lesquels elle est pr\u00e9sente. <\/p><br><p><em>Les informations contenues dans le tableau ont \u00e9t\u00e9 \u00e9labor\u00e9es par Agroscope en tenant compte d&rsquo;un grand nombre de <a href=\"https:\/\/agripedia.ch\/acker-bff\/wp-content\/uploads\/sites\/67\/2024\/10\/Quellenangaben_Artenliste.pdf\">sources<\/a>.<\/em><\/p><br><p>\u00a0<\/p><\/p>\n\n\n    <link href=\"https:\/\/cdn.jsdelivr.net\/npm\/bootstrap@5.3.2\/dist\/css\/bootstrap.min.css\" rel=\"stylesheet\" \/>\n    <link href=\"https:\/\/getbootstrap.com\/docs\/5.3\/assets\/css\/docs.css\" rel=\"stylesheet\" \/>\n    <link href=\"https:\/\/raw.githubusercontent.com\/lokesh\/lightbox2\/dev\/dist\/css\/lightbox.min.css\" rel=\"stylesheet\" \/>\n    \n\n    \n    <div class=\"container-fluid\">\n<!-- \n        <form method=\"get\" action=\"\" class=\"mb-3\">\n            <div class=\"input-group\">\n                <input type=\"text\" name=\"search\" class=\"form-control\" placeholder=\"Search plants...\">\n                <button type=\"submit\" class=\"btn btn-primary\" style='background-color:;'>Search<\/button>\n            <\/div>\n        <\/form> -->\n        <form method=\"get\" action=\"\" class=\"mb-3\" id=\"search-form\">\n    <div class=\"input-group\">\n        <input type=\"text\" id=\"search\" name=\"search\" class=\"form-control\" placeholder=\"Rechercher des plantes\u2026\">\n        <button type=\"submit\" class=\"btn btn-primary\">Rechercher<\/button>\n    <\/div>\n    <div id=\"suggestions\"><\/div>\n<\/form>\n\n        <br>\n\n        <ul class=\"row nav nav-pills\" id=\"pills-tab\" role=\"tablist\">\n            <li class=\"col-4 nav-item no-margin\" role=\"presentation\">\n                <a class=\"nav-link alert active  alert-info samenmischungen-pill\"\n                    id=\"pills-1-tab\" data-bs-toggle=\"pill\" data-bs-target=\"#pills-1\" type=\"button\"\n                    role=\"tab\" aria-controls=\"pills-1\" aria-selected=\"true\">M\u00e9langes de semences pour Acker-BFF <\/a>\n            <\/li>\n            <li class=\"col-4 nav-item no-margin\" role=\"presentation\">\n                <div class=\"nav-link alert  alert-info samenmischungen-pill\"\n                    id=\"pills-2-tab\" data-bs-toggle=\"pill\" data-bs-target=\"#pills-2\" type=\"button\"\n                    role=\"tab\" aria-controls=\"pills-2\" aria-selected=\"false\">M\u00e9langes pour bandes utiles sur surface ouverte<\/div>\n            <\/li>\n            <li class=\"col-4 nav-item no-margin\" role=\"presentation\">\n                <div class=\"nav-link alert  alert-info samenmischungen-pill\"\n                    id=\"pills-3-tab\" data-bs-toggle=\"pill\" data-bs-target=\"#pills-3\" type=\"button\"\n                    role=\"tab\" aria-controls=\"pills-3\" aria-selected=\"false\">M\u00e9langes pour bandes utiles en cultures p\u00e9rennes<\/div>\n            <\/li>\n\n        <\/ul>\n\n        <div class=\"tab-content\" id=\"pills-tabContent\">\n\n            <section\n                class=\"tab-pane fade  show active\"\n                id=\"pills-1\" role=\"tabpanel\" aria-labelledby=\"pills-1-tab\">\n                <div class=\"row\"> <div  class=\"col-4\" onclick=\"location.href='?tap_of=acker-bff&class_of=449'\" > <div  class=\"alert alert-success samenmischungen-menu-tile\"  onclick=\"location.href='?tap_of=acker-bff&class_of=449'\"  role=\"alert\"> <a class=\"\" href=\"?tap_of=acker-bff&class_of=449\" >Jach\u00e8re fleurie Version compl\u00e8te <\/a><\/div><\/div> <div  class=\"col-4\" onclick=\"location.href='?tap_of=acker-bff&class_of=447'\" > <div  class=\"alert alert-success samenmischungen-menu-tile\"  onclick=\"location.href='?tap_of=acker-bff&class_of=447'\"  role=\"alert\"> <a class=\"\" href=\"?tap_of=acker-bff&class_of=447\" >Jach\u00e8re florale version de base <\/a><\/div><\/div> <div  class=\"col-4\" onclick=\"location.href='?tap_of=acker-bff&class_of=478'\" > <div  class=\"alert alert-success samenmischungen-menu-tile\"  onclick=\"location.href='?tap_of=acker-bff&class_of=478'\"  role=\"alert\"> <a class=\"\" href=\"?tap_of=acker-bff&class_of=478\" >Jach\u00e8re rotative Version compl\u00e8te <\/a><\/div><\/div> <div  class=\"col-4\" onclick=\"location.href='?tap_of=acker-bff&class_of=498'\" > <div  class=\"alert alert-success samenmischungen-menu-tile\"  onclick=\"location.href='?tap_of=acker-bff&class_of=498'\"  role=\"alert\"> <a class=\"\" href=\"?tap_of=acker-bff&class_of=498\" >jach\u00e8re rotative version de base <\/a><\/div><\/div> <div  class=\"col-4\" onclick=\"location.href='?tap_of=acker-bff&class_of=427'\" > <div  class=\"alert alert-success samenmischungen-menu-tile\"  onclick=\"location.href='?tap_of=acker-bff&class_of=427'\"  role=\"alert\"> <a class=\"\" href=\"?tap_of=acker-bff&class_of=427\" >Ourlet humide <\/a><\/div><\/div> <div  class=\"col-4\" onclick=\"location.href='?tap_of=acker-bff&class_of=451'\" > <div  class=\"alert alert-success samenmischungen-menu-tile\"  onclick=\"location.href='?tap_of=acker-bff&class_of=451'\"  role=\"alert\"> <a class=\"\" href=\"?tap_of=acker-bff&class_of=451\" >Ourlet sec <\/a><\/div><\/div><\/div><\/section>\n\n            <section\n                class=\"tab-pane fade  \"\n                id=\"pills-2\" role=\"tabpanel\" aria-labelledby=\"pills-2-tab\">\n                <div class=\"row\"> <div  class=\"col-4\" onclick=\"location.href='?tap_of=saatgut-ackerflachen&class_of=455'\" > <div  class=\"alert alert-success samenmischungen-menu-tile\"  onclick=\"location.href='?tap_of=saatgut-ackerflachen&class_of=455'\"  role=\"alert\"> <a class=\"\" href=\"?tap_of=saatgut-ackerflachen&class_of=455\" >NS Chou, annuel <\/a><\/div><\/div> <div  class=\"col-4\" onclick=\"location.href='?tap_of=saatgut-ackerflachen&class_of=472'\" > <div  class=\"alert alert-success samenmischungen-menu-tile\"  onclick=\"location.href='?tap_of=saatgut-ackerflachen&class_of=472'\"  role=\"alert\"> <a class=\"\" href=\"?tap_of=saatgut-ackerflachen&class_of=472\" >NS Culture d'\u00e9t\u00e9, annuelle <\/a><\/div><\/div> <div  class=\"col-4\" onclick=\"location.href='?tap_of=saatgut-ackerflachen&class_of=471'\" > <div  class=\"alert alert-success samenmischungen-menu-tile\"  onclick=\"location.href='?tap_of=saatgut-ackerflachen&class_of=471'\"  role=\"alert\"> <a class=\"\" href=\"?tap_of=saatgut-ackerflachen&class_of=471\" >NS Culture d'hiver, annuelle <\/a><\/div><\/div> <div  class=\"col-4\" onclick=\"location.href='?tap_of=saatgut-ackerflachen&class_of=453'\" > <div  class=\"alert alert-success samenmischungen-menu-tile\"  onclick=\"location.href='?tap_of=saatgut-ackerflachen&class_of=453'\"  role=\"alert\"> <a class=\"\" href=\"?tap_of=saatgut-ackerflachen&class_of=453\" >NS pluriannuel <\/a><\/div><\/div> <div  class=\"col-4\" onclick=\"location.href='?tap_of=saatgut-ackerflachen&class_of=439'\" > <div  class=\"alert alert-success samenmischungen-menu-tile\"  onclick=\"location.href='?tap_of=saatgut-ackerflachen&class_of=439'\"  role=\"alert\"> <a class=\"\" href=\"?tap_of=saatgut-ackerflachen&class_of=439\" >NS Version compl\u00e8te, un an <\/a><\/div><\/div> <div  class=\"col-4\" onclick=\"location.href='?tap_of=saatgut-ackerflachen&class_of=438'\" > <div  class=\"alert alert-success samenmischungen-menu-tile\"  onclick=\"location.href='?tap_of=saatgut-ackerflachen&class_of=438'\"  role=\"alert\"> <a class=\"\" href=\"?tap_of=saatgut-ackerflachen&class_of=438\" >NS Version de base, annuelle <\/a><\/div><\/div> <div  class=\"col-4\" onclick=\"location.href='?tap_of=saatgut-ackerflachen&class_of=474'\" > <div  class=\"alert alert-success samenmischungen-menu-tile\"  onclick=\"location.href='?tap_of=saatgut-ackerflachen&class_of=474'\"  role=\"alert\"> <a class=\"\" href=\"?tap_of=saatgut-ackerflachen&class_of=474\" >NS Version de base, annuelle (GR et Alpes du Sud) <\/a><\/div><\/div><\/div> <\/section>\n\n            <section\n                class=\"tab-pane fade  \"\n                id=\"pills-3\" role=\"tabpanel\" aria-labelledby=\"pills-3-tab\">\n                <div class=\"row\"> <div  class=\"col-4\" onclick=\"location.href='?tap_of=dauerkulturen&class_of=435'\" > <div  class=\"alert alert-success samenmischungen-menu-tile\"  onclick=\"location.href='?tap_of=dauerkulturen&class_of=435'\"  role=\"alert\"> <a class=\"\" href=\"?tap_of=dauerkulturen&class_of=435\" >NS Fruits <\/a><\/div><\/div> <div  class=\"col-4\" onclick=\"location.href='?tap_of=dauerkulturen&class_of=436'\" > <div  class=\"alert alert-success samenmischungen-menu-tile\"  onclick=\"location.href='?tap_of=dauerkulturen&class_of=436'\"  role=\"alert\"> <a class=\"\" href=\"?tap_of=dauerkulturen&class_of=436\" >NS Vignoble <\/a><\/div><\/div><\/div> <\/section>\n\n        <\/div>\n\n\n    <\/div>\n\n    <hr>\n\n    <div class=\"container\">\n\n                    <div class=\"row row-cols-2 row-cols-lg-5 g-2 g-lg-3\">\n\n            \n        <\/div>\n    <\/div>\n\n    <script src=\"https:\/\/cdnjs.cloudflare.com\/ajax\/libs\/jquery\/3.7.1\/jquery.min.js\"><\/script>\n    <script src=\"https:\/\/cdn.jsdelivr.net\/npm\/bootstrap@5.3.2\/dist\/js\/bootstrap.bundle.min.js\"><\/script>\n    <script src=\"https:\/\/raw.githubusercontent.com\/lokesh\/lightbox2\/dev\/dist\/js\/lightbox.min.js\"><\/script>\n\n\n    <script>\n        lightbox.option({\n            'resizeDuration': 200,\n            'wrapAround': true\n        })\n    <\/script>\n    \n\n    \n\n\n\n<p><\/p>\n\n\n<table style=\"background-color: white; width: 100%; border-collapse: collapse;\">\n<tbody>\n<tr>\n<td style=\"text-align: center; vertical-align: middle; font-size: 24px; font-weight: bold; padding: 20px;\">Un projet de<\/td>\n<td style=\"text-align: center; padding: 20px;\">\n<div class=\"wp-block-image\">\n<figure class=\"wp-block-image alignleft size-large is-resized\"><a href=\"https:\/\/www.agroscope.admin.ch\/agroscope\/en\/home.html\" target=\"_blank\" rel=\"noopener\"> <img loading=\"lazy\" decoding=\"async\" class=\"wp-image-909\" src=\"https:\/\/agripedia.ch\/ackerbff-test\/wp-content\/uploads\/sites\/67\/2024\/09\/Logo_dAgroscope.png\" alt=\"Logo Agroscope\" width=\"200\" height=\"50\"> <\/a><\/figure>\n<\/div>\n<\/td>\n<td style=\"text-align: center; padding: 20px;\">\n<div class=\"wp-block-image\">\n<figure class=\"wp-block-image alignleft size-large is-resized\"><a href=\"https:\/\/www.agridea.ch\" target=\"_blank\" rel=\"noopener\"> <img loading=\"lazy\" decoding=\"async\" class=\"wp-image-909\" src=\"https:\/\/agripedia.ch\/ackerbff-test\/wp-content\/uploads\/sites\/67\/2024\/09\/AGRIDEA_4_LANGUES_CMJN-scaled.jpg\" alt=\"Logo AGRIDEA\" width=\"200\" height=\"50\"> <\/a><\/figure>\n<\/div>\n<\/td>\n<\/tr>\n<\/tbody>\n<\/table>","protected":false},"excerpt":{"rendered":"<p>Les esp\u00e8ces v\u00e9g\u00e9tales contenues dans les m\u00e9langes de semences autoris\u00e9s par l&rsquo;Office f\u00e9d\u00e9ral de l&rsquo;agriculture (OFAG) pour les SPB et les bandes sem\u00e9es pour organismes utiles ont \u00e9t\u00e9 sp\u00e9cialement s\u00e9lectionn\u00e9es en fonction de leurs caract\u00e9ristiques, telles que la p\u00e9riode de floraison, la dur\u00e9e de floraison ou l&rsquo;offre de pollen ou de nectar. La composition des [&hellip;]<\/p>\n","protected":false},"author":927,"featured_media":0,"parent":0,"menu_order":0,"comment_status":"closed","ping_status":"closed","template":"","meta":{"_acf_changed":false,"_sb_is_suggestion_mode":false,"_sb_show_suggestion_boards":false,"_sb_show_comment_boards":false,"_sb_suggestion_history":"","_sb_update_block_changes":"","_monsterinsights_skip_tracking":false,"_monsterinsights_sitenote_active":false,"_monsterinsights_sitenote_note":"","_monsterinsights_sitenote_category":0,"footnotes":""},"class_list":["post-3584","page","type-page","status-publish","hentry"],"acf":[],"_links":{"self":[{"href":"https:\/\/agripedia.ch\/acker-bff\/fr\/wp-json\/wp\/v2\/pages\/3584","targetHints":{"allow":["GET"]}}],"collection":[{"href":"https:\/\/agripedia.ch\/acker-bff\/fr\/wp-json\/wp\/v2\/pages"}],"about":[{"href":"https:\/\/agripedia.ch\/acker-bff\/fr\/wp-json\/wp\/v2\/types\/page"}],"author":[{"embeddable":true,"href":"https:\/\/agripedia.ch\/acker-bff\/fr\/wp-json\/wp\/v2\/users\/927"}],"replies":[{"embeddable":true,"href":"https:\/\/agripedia.ch\/acker-bff\/fr\/wp-json\/wp\/v2\/comments?post=3584"}],"version-history":[{"count":3,"href":"https:\/\/agripedia.ch\/acker-bff\/fr\/wp-json\/wp\/v2\/pages\/3584\/revisions"}],"predecessor-version":[{"id":3751,"href":"https:\/\/agripedia.ch\/acker-bff\/fr\/wp-json\/wp\/v2\/pages\/3584\/revisions\/3751"}],"wp:attachment":[{"href":"https:\/\/agripedia.ch\/acker-bff\/fr\/wp-json\/wp\/v2\/media?parent=3584"}],"curies":[{"name":"wp","href":"https:\/\/api.w.org\/{rel}","templated":true}]}}