 {"id":3580,"date":"2023-01-13T18:45:00","date_gmt":"2023-01-13T17:45:00","guid":{"rendered":"https:\/\/agripedia.ch\/acker-bff\/surfaces-de-promotion-de-la-biodiversite-des-champs-spb\/"},"modified":"2026-02-17T15:41:34","modified_gmt":"2026-02-17T14:41:34","slug":"surfaces-de-promotion-de-la-biodiversite-des-champs-spb","status":"publish","type":"page","link":"https:\/\/agripedia.ch\/acker-bff\/fr\/","title":{"rendered":"Surfaces de promotion de la biodiversit\u00e9 sur terres assol\u00e9es"},"content":{"rendered":"\n<p>Les surfaces de promotion de la biodiversit\u00e9 (SPB) sur terres assol\u00e9es offrent en particulier un habitat aux esp\u00e8ces typiques des r\u00e9gions de grandes cultures. Toutefois, tous les types de SPB sur terres assol\u00e9es ne conviennent pas \u00e0 tous les sites et, selon le type de SPB, diff\u00e9rents groupes d\u2019animaux et de plantes sont favoris\u00e9s.<\/p>\n\n\n\n<div class=\"wp-block-getwid-images-slider agripedia-image-caption has-arrows-outside has-dots-outside has-captions captions-style-dark captions-bottom-center has-images-center has-cropped-images has-fixed-height\"><div class=\"wp-block-getwid-images-slider__wrapper\" data-effect=\"slide\" data-slides-show=\"1\" data-slides-show-laptop=\"1\" data-slides-show-tablet=\"1\" data-slides-show-mobile=\"1\" data-slides-scroll=\"1\" data-autoplay=\"false\" data-pause-hover=\"false\" data-autoplay-speed=\"6000\" data-infinite=\"true\" data-animation-speed=\"800\" data-center-mode=\"false\" data-variable-width=\"false\" data-arrows=\"outside\" data-dots=\"outside\" data-spacing=\"none\"><div class=\"wp-block-getwid-images-slider__item\" style=\"height:500px\"><figure><img decoding=\"async\" src=\"https:\/\/agripedia.ch\/acker-bff\/wp-content\/uploads\/sites\/50\/2023\/01\/Buntbrache_4_Jahr_Katja_Jacot2-scaled.jpg\" alt=\"Jach\u00e8re florale\" data-id=\"108\" data-link=\"https:\/\/agripedia.ch\/acker-bff\/buntbrache_4_jahr_katja_jacot2\/\" data-original-link=\"https:\/\/agripedia.ch\/acker-bff\/wp-content\/uploads\/sites\/50\/2023\/01\/Buntbrache_4_Jahr_Katja_Jacot2-scaled.jpg\" class=\"wp-block-getwid-images-slider__image wp-image-108\"\/><figcaption class=\"wp-block-getwid-images-slider__caption\">Jach\u00e8re florale (Photo : K. Jacot, Agroscope)<\/figcaption><\/figure><\/div><div class=\"wp-block-getwid-images-slider__item\" style=\"height:500px\"><figure><img decoding=\"async\" src=\"https:\/\/agripedia.ch\/acker-bff\/wp-content\/uploads\/sites\/50\/2023\/01\/Mehrjaehrige-NS_Hans_Ramseier-scaled.jpg\" alt=\"Bandes pluriannuelles d'insectes utiles\" data-id=\"117\" data-link=\"https:\/\/agripedia.ch\/acker-bff\/mehrjaehrige-ns_hans_ramseier\/\" data-original-link=\"https:\/\/agripedia.ch\/acker-bff\/wp-content\/uploads\/sites\/50\/2023\/01\/Mehrjaehrige-NS_Hans_Ramseier-scaled.jpg\" class=\"wp-block-getwid-images-slider__image wp-image-117\"\/><figcaption class=\"wp-block-getwid-images-slider__caption\">Bandes pluriannuelles d&rsquo;insectes utiles (Photo : Hans Ramseier, HAFL)<\/figcaption><\/figure><\/div><div class=\"wp-block-getwid-images-slider__item\" style=\"height:500px\"><figure><img loading=\"lazy\" decoding=\"async\" width=\"1920\" height=\"2560\" src=\"https:\/\/agripedia.ch\/acker-bff\/wp-content\/uploads\/sites\/50\/2023\/01\/Ackerschonstreifen_Katja_Jacot-scaled.jpg\" alt=\"Bandes culturales prot\u00e9g\u00e9es\" data-id=\"102\" data-link=\"https:\/\/agripedia.ch\/acker-bff\/ackerschonstreifen_katja_jacot\/\" data-original-link=\"https:\/\/agripedia.ch\/acker-bff\/wp-content\/uploads\/sites\/50\/2023\/01\/Ackerschonstreifen_Katja_Jacot-scaled.jpg\" class=\"wp-block-getwid-images-slider__image wp-image-102\" srcset=\"https:\/\/agripedia.ch\/acker-bff\/wp-content\/uploads\/sites\/67\/2023\/01\/Ackerschonstreifen_Katja_Jacot-scaled.jpg 1920w, https:\/\/agripedia.ch\/acker-bff\/wp-content\/uploads\/sites\/67\/2023\/01\/Ackerschonstreifen_Katja_Jacot-225x300.jpg 225w, https:\/\/agripedia.ch\/acker-bff\/wp-content\/uploads\/sites\/67\/2023\/01\/Ackerschonstreifen_Katja_Jacot-768x1024.jpg 768w, https:\/\/agripedia.ch\/acker-bff\/wp-content\/uploads\/sites\/67\/2023\/01\/Ackerschonstreifen_Katja_Jacot-1152x1536.jpg 1152w, https:\/\/agripedia.ch\/acker-bff\/wp-content\/uploads\/sites\/67\/2023\/01\/Ackerschonstreifen_Katja_Jacot-1536x2048.jpg 1536w, https:\/\/agripedia.ch\/acker-bff\/wp-content\/uploads\/sites\/67\/2023\/01\/Ackerschonstreifen_Katja_Jacot-1200x1600.jpg 1200w, https:\/\/agripedia.ch\/acker-bff\/wp-content\/uploads\/sites\/67\/2023\/01\/Ackerschonstreifen_Katja_Jacot-1980x2640.jpg 1980w\" sizes=\"auto, (max-width: 1920px) 100vw, 1920px\" \/><figcaption class=\"wp-block-getwid-images-slider__caption\">Bandes culturales prot\u00e9g\u00e9es (Photo : K. Jacot, Agroscope)<\/figcaption><\/figure><\/div><div class=\"wp-block-getwid-images-slider__item\" style=\"height:500px\"><figure><img loading=\"lazy\" decoding=\"async\" width=\"2560\" height=\"1440\" src=\"https:\/\/agripedia.ch\/acker-bff\/wp-content\/uploads\/sites\/50\/2023\/01\/Saum_Auf_ACker_Katja_Jacot2-scaled.jpg\" alt=\"Ourlet sur terre arable\" data-id=\"123\" data-link=\"https:\/\/agripedia.ch\/acker-bff\/saum_auf_acker_katja_jacot2\/\" data-original-link=\"https:\/\/agripedia.ch\/acker-bff\/wp-content\/uploads\/sites\/50\/2023\/01\/Saum_Auf_ACker_Katja_Jacot2-scaled.jpg\" class=\"wp-block-getwid-images-slider__image wp-image-123\" srcset=\"https:\/\/agripedia.ch\/acker-bff\/wp-content\/uploads\/sites\/67\/2023\/01\/Saum_Auf_ACker_Katja_Jacot2-scaled.jpg 2560w, https:\/\/agripedia.ch\/acker-bff\/wp-content\/uploads\/sites\/67\/2023\/01\/Saum_Auf_ACker_Katja_Jacot2-300x169.jpg 300w, https:\/\/agripedia.ch\/acker-bff\/wp-content\/uploads\/sites\/67\/2023\/01\/Saum_Auf_ACker_Katja_Jacot2-1024x576.jpg 1024w, https:\/\/agripedia.ch\/acker-bff\/wp-content\/uploads\/sites\/67\/2023\/01\/Saum_Auf_ACker_Katja_Jacot2-768x432.jpg 768w, https:\/\/agripedia.ch\/acker-bff\/wp-content\/uploads\/sites\/67\/2023\/01\/Saum_Auf_ACker_Katja_Jacot2-1536x864.jpg 1536w, https:\/\/agripedia.ch\/acker-bff\/wp-content\/uploads\/sites\/67\/2023\/01\/Saum_Auf_ACker_Katja_Jacot2-2048x1152.jpg 2048w, https:\/\/agripedia.ch\/acker-bff\/wp-content\/uploads\/sites\/67\/2023\/01\/Saum_Auf_ACker_Katja_Jacot2-1200x675.jpg 1200w, https:\/\/agripedia.ch\/acker-bff\/wp-content\/uploads\/sites\/67\/2023\/01\/Saum_Auf_ACker_Katja_Jacot2-1980x1114.jpg 1980w\" sizes=\"auto, (max-width: 2560px) 100vw, 2560px\" \/><figcaption class=\"wp-block-getwid-images-slider__caption\">Ourlet sur terre arable (Photo : K. Jacot, Agroscope)<\/figcaption><\/figure><\/div><div class=\"wp-block-getwid-images-slider__item\" style=\"height:500px\"><figure><img loading=\"lazy\" decoding=\"async\" width=\"2264\" height=\"1464\" src=\"https:\/\/agripedia.ch\/acker-bff\/wp-content\/uploads\/sites\/50\/2023\/01\/Rotationsbrache_GBraendle.jpg\" alt=\"Jach\u00e8re tournante\" data-id=\"120\" data-link=\"https:\/\/agripedia.ch\/acker-bff\/rotationsbrache_gbraendle\/\" data-original-link=\"https:\/\/agripedia.ch\/acker-bff\/wp-content\/uploads\/sites\/50\/2023\/01\/Rotationsbrache_GBraendle.jpg\" class=\"wp-block-getwid-images-slider__image wp-image-120\" srcset=\"https:\/\/agripedia.ch\/acker-bff\/wp-content\/uploads\/sites\/67\/2023\/01\/Rotationsbrache_GBraendle.jpg 2264w, https:\/\/agripedia.ch\/acker-bff\/wp-content\/uploads\/sites\/67\/2023\/01\/Rotationsbrache_GBraendle-300x194.jpg 300w, https:\/\/agripedia.ch\/acker-bff\/wp-content\/uploads\/sites\/67\/2023\/01\/Rotationsbrache_GBraendle-1024x662.jpg 1024w, https:\/\/agripedia.ch\/acker-bff\/wp-content\/uploads\/sites\/67\/2023\/01\/Rotationsbrache_GBraendle-768x497.jpg 768w, https:\/\/agripedia.ch\/acker-bff\/wp-content\/uploads\/sites\/67\/2023\/01\/Rotationsbrache_GBraendle-1536x993.jpg 1536w, https:\/\/agripedia.ch\/acker-bff\/wp-content\/uploads\/sites\/67\/2023\/01\/Rotationsbrache_GBraendle-2048x1324.jpg 2048w, https:\/\/agripedia.ch\/acker-bff\/wp-content\/uploads\/sites\/67\/2023\/01\/Rotationsbrache_GBraendle-1200x776.jpg 1200w, https:\/\/agripedia.ch\/acker-bff\/wp-content\/uploads\/sites\/67\/2023\/01\/Rotationsbrache_GBraendle-1980x1280.jpg 1980w\" sizes=\"auto, (max-width: 2264px) 100vw, 2264px\" \/><figcaption class=\"wp-block-getwid-images-slider__caption\">Jach\u00e8re tournante (Photo : G. Br\u00e4ndle, Agroscope)<\/figcaption><\/figure><\/div><div class=\"wp-block-getwid-images-slider__item\" style=\"height:500px\"><figure><img loading=\"lazy\" decoding=\"async\" width=\"2560\" height=\"1440\" src=\"https:\/\/agripedia.ch\/acker-bff\/wp-content\/uploads\/sites\/50\/2023\/01\/einjaehrige-Nuetzlingsstreifen-scaled.jpg\" alt=\"Bandes annuelles d'auxiliaires\" data-id=\"111\" data-link=\"https:\/\/agripedia.ch\/acker-bff\/einjaehrige-nuetzlingsstreifen\/\" data-original-link=\"https:\/\/agripedia.ch\/acker-bff\/wp-content\/uploads\/sites\/50\/2023\/01\/einjaehrige-Nuetzlingsstreifen-scaled.jpg\" class=\"wp-block-getwid-images-slider__image wp-image-111\" srcset=\"https:\/\/agripedia.ch\/acker-bff\/wp-content\/uploads\/sites\/67\/2023\/01\/einjaehrige-Nuetzlingsstreifen-scaled.jpg 2560w, https:\/\/agripedia.ch\/acker-bff\/wp-content\/uploads\/sites\/67\/2023\/01\/einjaehrige-Nuetzlingsstreifen-300x169.jpg 300w, https:\/\/agripedia.ch\/acker-bff\/wp-content\/uploads\/sites\/67\/2023\/01\/einjaehrige-Nuetzlingsstreifen-1024x576.jpg 1024w, https:\/\/agripedia.ch\/acker-bff\/wp-content\/uploads\/sites\/67\/2023\/01\/einjaehrige-Nuetzlingsstreifen-768x432.jpg 768w, https:\/\/agripedia.ch\/acker-bff\/wp-content\/uploads\/sites\/67\/2023\/01\/einjaehrige-Nuetzlingsstreifen-1536x864.jpg 1536w, https:\/\/agripedia.ch\/acker-bff\/wp-content\/uploads\/sites\/67\/2023\/01\/einjaehrige-Nuetzlingsstreifen-2048x1152.jpg 2048w, https:\/\/agripedia.ch\/acker-bff\/wp-content\/uploads\/sites\/67\/2023\/01\/einjaehrige-Nuetzlingsstreifen-1200x675.jpg 1200w, https:\/\/agripedia.ch\/acker-bff\/wp-content\/uploads\/sites\/67\/2023\/01\/einjaehrige-Nuetzlingsstreifen-1980x1114.jpg 1980w\" sizes=\"auto, (max-width: 2560px) 100vw, 2560px\" \/><figcaption class=\"wp-block-getwid-images-slider__caption\">Bandes annuelles d&rsquo;auxiliaires (Photo : K. Jacot, Agroscope)<\/figcaption><\/figure><\/div><div class=\"wp-block-getwid-images-slider__item\" style=\"height:500px\"><figure><img loading=\"lazy\" decoding=\"async\" width=\"1920\" height=\"2560\" src=\"https:\/\/agripedia.ch\/acker-bff\/wp-content\/uploads\/sites\/50\/2023\/01\/Getreide-weite-Reihe_CZU-scaled-e1673624755237.jpg\" alt=\"C\u00e9r\u00e9ales large gamme\" data-id=\"114\" data-link=\"https:\/\/agripedia.ch\/acker-bff\/getreide-weite-reihe_czu\/\" data-original-link=\"https:\/\/agripedia.ch\/acker-bff\/wp-content\/uploads\/sites\/50\/2023\/01\/Getreide-weite-Reihe_CZU-scaled-e1673624755237.jpg\" class=\"wp-block-getwid-images-slider__image wp-image-114\" srcset=\"https:\/\/agripedia.ch\/acker-bff\/wp-content\/uploads\/sites\/67\/2023\/01\/Getreide-weite-Reihe_CZU-scaled-e1673624755237.jpg 1920w, https:\/\/agripedia.ch\/acker-bff\/wp-content\/uploads\/sites\/67\/2023\/01\/Getreide-weite-Reihe_CZU-scaled-e1673624755237-225x300.jpg 225w, https:\/\/agripedia.ch\/acker-bff\/wp-content\/uploads\/sites\/67\/2023\/01\/Getreide-weite-Reihe_CZU-scaled-e1673624755237-768x1024.jpg 768w, https:\/\/agripedia.ch\/acker-bff\/wp-content\/uploads\/sites\/67\/2023\/01\/Getreide-weite-Reihe_CZU-scaled-e1673624755237-1152x1536.jpg 1152w, https:\/\/agripedia.ch\/acker-bff\/wp-content\/uploads\/sites\/67\/2023\/01\/Getreide-weite-Reihe_CZU-scaled-e1673624755237-1536x2048.jpg 1536w, https:\/\/agripedia.ch\/acker-bff\/wp-content\/uploads\/sites\/67\/2023\/01\/Getreide-weite-Reihe_CZU-scaled-e1673624755237-1200x1600.jpg 1200w\" sizes=\"auto, (max-width: 1920px) 100vw, 1920px\" \/><figcaption class=\"wp-block-getwid-images-slider__caption\">C\u00e9r\u00e9ales en vrac (Photo : Judith Ladner, OFAG)<\/figcaption><\/figure><\/div><\/div><\/div>\n\n\n\n<h2 class=\"wp-block-heading\" id=\"ziele-der-entscheidungshilfe\">Objectifs de l\u2019outil d\u2019aide \u00e0 la d\u00e9cision<\/h2>\n\n\n\n<p>L\u2019outil d\u2019aide \u00e0 la d\u00e9cision vise \u00e0 soutenir les conseillers\u00b7\u00e8res et les agriculteurs\u00b7trices dans le choix d\u2019un type de SPB sur terres assol\u00e9es pour un site donn\u00e9 :<\/p>\n\n\n\n<ul class=\"wp-block-list\">\n<li>Quels types de SPB sont adapt\u00e9s au site concern\u00e9 en fonction des caract\u00e9ristiques du sol et de l\u2019environnement ?<\/li>\n\n\n\n<li>Quels crit\u00e8res pratiques limitent le choix sur le site concern\u00e9 ?<\/li>\n\n\n\n<li>Quels groupes d\u2019esp\u00e8ces animales ou v\u00e9g\u00e9tales peuvent \u00eatre prioritairement favoris\u00e9s sur le site choisi ? Quels objectifs doivent \u00eatre atteints par l\u2019implantation d&rsquo;une SPB ?<\/li>\n<\/ul>\n\n\n\n<div class=\"wp-block-buttons is-layout-flex wp-block-buttons-is-layout-flex\">\n<div class=\"wp-block-button has-custom-width wp-block-button__width-100\"><a class=\"wp-block-button__link wp-element-button\" href=\"\/acker-bff\/fr\/?p=3615\">C&rsquo;est parti !<\/a><\/div>\n<\/div>\n\n\n\n<h2 class=\"wp-block-heading\" id=\"gesamtbetriebliche-situation-beachten\">Tenir compte de la situation globale de l\u2019exploitation<\/h2>\n\n\n\n<div class=\"wp-block-columns are-vertically-aligned-top is-layout-flex wp-container-core-columns-is-layout-9d6595d7 wp-block-columns-is-layout-flex\">\n<div class=\"wp-block-column is-vertically-aligned-top is-layout-flow wp-block-column-is-layout-flow\" style=\"flex-basis:33.33%\">\n<figure data-wp-context=\"{&quot;imageId&quot;:&quot;69dee99253175&quot;}\" data-wp-interactive=\"core\/image\" data-wp-key=\"69dee99253175\" class=\"wp-block-image alignfull size-full wp-lightbox-container\"><img loading=\"lazy\" decoding=\"async\" width=\"2560\" height=\"1707\" data-wp-class--hide=\"state.isContentHidden\" data-wp-class--show=\"state.isContentVisible\" data-wp-init=\"callbacks.setButtonStyles\" data-wp-on--click=\"actions.showLightbox\" data-wp-on--load=\"callbacks.setButtonStyles\" data-wp-on-window--resize=\"callbacks.setButtonStyles\" src=\"https:\/\/agripedia.ch\/acker-bff\/wp-content\/uploads\/sites\/50\/2025\/01\/Schoener_Saum_NT-scaled.jpg\" alt=\"\" class=\"wp-image-2931\" srcset=\"https:\/\/agripedia.ch\/acker-bff\/wp-content\/uploads\/sites\/67\/2025\/01\/Schoener_Saum_NT-scaled.jpg 2560w, https:\/\/agripedia.ch\/acker-bff\/wp-content\/uploads\/sites\/67\/2025\/01\/Schoener_Saum_NT-500x333.jpg 500w, https:\/\/agripedia.ch\/acker-bff\/wp-content\/uploads\/sites\/67\/2025\/01\/Schoener_Saum_NT-1024x683.jpg 1024w, https:\/\/agripedia.ch\/acker-bff\/wp-content\/uploads\/sites\/67\/2025\/01\/Schoener_Saum_NT-768x512.jpg 768w, https:\/\/agripedia.ch\/acker-bff\/wp-content\/uploads\/sites\/67\/2025\/01\/Schoener_Saum_NT-1536x1024.jpg 1536w, https:\/\/agripedia.ch\/acker-bff\/wp-content\/uploads\/sites\/67\/2025\/01\/Schoener_Saum_NT-2048x1365.jpg 2048w, https:\/\/agripedia.ch\/acker-bff\/wp-content\/uploads\/sites\/67\/2025\/01\/Schoener_Saum_NT-1200x800.jpg 1200w, https:\/\/agripedia.ch\/acker-bff\/wp-content\/uploads\/sites\/67\/2025\/01\/Schoener_Saum_NT-1980x1320.jpg 1980w\" sizes=\"auto, (max-width: 2560px) 100vw, 2560px\" \/><button\n\t\t\tclass=\"lightbox-trigger\"\n\t\t\ttype=\"button\"\n\t\t\taria-haspopup=\"dialog\"\n\t\t\taria-label=\"Agrandir\"\n\t\t\tdata-wp-init=\"callbacks.initTriggerButton\"\n\t\t\tdata-wp-on--click=\"actions.showLightbox\"\n\t\t\tdata-wp-style--right=\"state.imageButtonRight\"\n\t\t\tdata-wp-style--top=\"state.imageButtonTop\"\n\t\t>\n\t\t\t<svg xmlns=\"http:\/\/www.w3.org\/2000\/svg\" width=\"12\" height=\"12\" fill=\"none\" viewBox=\"0 0 12 12\">\n\t\t\t\t<path fill=\"#fff\" d=\"M2 0a2 2 0 0 0-2 2v2h1.5V2a.5.5 0 0 1 .5-.5h2V0H2Zm2 10.5H2a.5.5 0 0 1-.5-.5V8H0v2a2 2 0 0 0 2 2h2v-1.5ZM8 12v-1.5h2a.5.5 0 0 0 .5-.5V8H12v2a2 2 0 0 1-2 2H8Zm2-12a2 2 0 0 1 2 2v2h-1.5V2a.5.5 0 0 0-.5-.5H8V0h2Z\" \/>\n\t\t\t<\/svg>\n\t\t<\/button><figcaption class=\"wp-element-caption\">Photo : Niklaus Trottmann, centre agricole Liebegg. <\/figcaption><\/figure>\n<\/div>\n\n\n\n<div class=\"wp-block-column is-vertically-aligned-top is-layout-flow wp-block-column-is-layout-flow\" style=\"flex-basis:66.66%\">\n<p>L\u2019outil d\u2019aide \u00e0 la d\u00e9cision porte sur l\u2019aptitude de certaines parcelles \u00e0 l\u2019implantation de SPB sur terres assol\u00e9es. Toutefois, afin de maintenir une grande diversit\u00e9 d\u2019esp\u00e8ces sauvages et d\u2019auxiliaires en zone agricole, il convient de :<\/p>\n\n\n\n<ul class=\"wp-block-list\">\n<li>Combiner des \u00e9l\u00e9ments annuels et pluriannuels sur l&rsquo;exploitation<\/li>\n\n\n\n<li>Combiner des \u00e9l\u00e9ments plats et lin\u00e9aires sur l&rsquo;exploitation<\/li>\n\n\n\n<li>Veiller \u00e0 de courtes distances entre les SPB et d\u2019autres \u00e9l\u00e9ments favorables \u00e0 la biodiversit\u00e9 tels que haies, groupes de buissons ou prairies extensives (&lt; 200 m)<\/li>\n<\/ul>\n<\/div>\n<\/div>\n\n\n\n<h2 class=\"wp-block-heading\" id=\"impressum\"><strong>Mentions l\u00e9gales<\/strong><\/h2>\n\n\n\n<p>L\u2019outil d\u2019aide \u00e0 la d\u00e9cision a \u00e9t\u00e9 \u00e9labor\u00e9 dans le cadre du projet de vulgarisation \u00abPromotion de la biodiversit\u00e9 sur les terres assol\u00e9es \u00bb (2022\u20132025), avec le soutien de l\u2019Office f\u00e9d\u00e9ral de l\u2019agriculture.<\/p>\n\n\n\n<p><strong>Partenaires du projet :<\/strong> Katja Jacot et Viviane Br\u00f6nnimann (Agroscope), Niklaus Trottmann (Liebegg, canton d&rsquo;Argovie), Sophie Ortner et Claudia Degen (canton de Fribourg), Annina Schreich et Helene Br\u00e4ndli (Plantahof, canton des Grisons), Anja Gramlich et Corinne Zurbr\u00fcgg (AGRIDEA)<\/p>\n\n\n\n<p><strong>Groupe de suivi :<\/strong> Judith Ladner Callipari (Office f\u00e9d\u00e9ral de l&rsquo;agriculture), Andr\u00e9 Zimmermann (Service phytosanitaire, canton de Vaud), Barbara Mosimann (INFORAMA, canton de Berne) et Andreas Br\u00f6nnimann (Division des paiements directs, canton de Berne), Hubert Sch\u00fcrmann (Station ornithologique suisse), Anne-Claude Jacquat (ProConseil, canton de Vaud), Debora Zaugg (Office f\u00e9d\u00e9ral de l&rsquo;environnement)<\/p>\n\n\n\n<figure class=\"wp-block-image aligncenter size-full\"><img loading=\"lazy\" decoding=\"async\" width=\"1427\" height=\"165\" src=\"https:\/\/agripedia.ch\/acker-bff\/wp-content\/uploads\/sites\/50\/2024\/09\/logos_acker_BFF.png\" alt=\"\" class=\"wp-image-2746\" srcset=\"https:\/\/agripedia.ch\/acker-bff\/wp-content\/uploads\/sites\/67\/2024\/09\/logos_acker_BFF.png 1427w, https:\/\/agripedia.ch\/acker-bff\/wp-content\/uploads\/sites\/67\/2024\/09\/logos_acker_BFF-300x35.png 300w, https:\/\/agripedia.ch\/acker-bff\/wp-content\/uploads\/sites\/67\/2024\/09\/logos_acker_BFF-1024x118.png 1024w, https:\/\/agripedia.ch\/acker-bff\/wp-content\/uploads\/sites\/67\/2024\/09\/logos_acker_BFF-768x89.png 768w, https:\/\/agripedia.ch\/acker-bff\/wp-content\/uploads\/sites\/67\/2024\/09\/logos_acker_BFF-1200x139.png 1200w\" sizes=\"auto, (max-width: 1427px) 100vw, 1427px\" \/><\/figure>\n\n\n\n<p>&nbsp;<\/p>\n","protected":false},"excerpt":{"rendered":"<p>Les surfaces de promotion de la biodiversit\u00e9 (SPB) sur terres assol\u00e9es offrent en particulier un habitat aux esp\u00e8ces typiques des r\u00e9gions de grandes cultures. Toutefois, tous les types de SPB sur terres assol\u00e9es ne conviennent pas \u00e0 tous les sites et, selon le type de SPB, diff\u00e9rents groupes d\u2019animaux et de plantes sont favoris\u00e9s. Objectifs [&hellip;]<\/p>\n","protected":false},"author":927,"featured_media":3056,"parent":0,"menu_order":0,"comment_status":"closed","ping_status":"closed","template":"","meta":{"_acf_changed":false,"_sb_is_suggestion_mode":false,"_sb_show_suggestion_boards":false,"_sb_show_comment_boards":false,"_sb_suggestion_history":"","_sb_update_block_changes":"","_monsterinsights_skip_tracking":false,"_monsterinsights_sitenote_active":false,"_monsterinsights_sitenote_note":"","_monsterinsights_sitenote_category":0,"footnotes":""},"class_list":["post-3580","page","type-page","status-publish","has-post-thumbnail","hentry"],"acf":[],"_links":{"self":[{"href":"https:\/\/agripedia.ch\/acker-bff\/fr\/wp-json\/wp\/v2\/pages\/3580","targetHints":{"allow":["GET"]}}],"collection":[{"href":"https:\/\/agripedia.ch\/acker-bff\/fr\/wp-json\/wp\/v2\/pages"}],"about":[{"href":"https:\/\/agripedia.ch\/acker-bff\/fr\/wp-json\/wp\/v2\/types\/page"}],"author":[{"embeddable":true,"href":"https:\/\/agripedia.ch\/acker-bff\/fr\/wp-json\/wp\/v2\/users\/927"}],"replies":[{"embeddable":true,"href":"https:\/\/agripedia.ch\/acker-bff\/fr\/wp-json\/wp\/v2\/comments?post=3580"}],"version-history":[{"count":13,"href":"https:\/\/agripedia.ch\/acker-bff\/fr\/wp-json\/wp\/v2\/pages\/3580\/revisions"}],"predecessor-version":[{"id":3788,"href":"https:\/\/agripedia.ch\/acker-bff\/fr\/wp-json\/wp\/v2\/pages\/3580\/revisions\/3788"}],"wp:featuredmedia":[{"embeddable":true,"href":"https:\/\/agripedia.ch\/acker-bff\/fr\/wp-json\/wp\/v2\/media\/3056"}],"wp:attachment":[{"href":"https:\/\/agripedia.ch\/acker-bff\/fr\/wp-json\/wp\/v2\/media?parent=3580"}],"curies":[{"name":"wp","href":"https:\/\/api.w.org\/{rel}","templated":true}]}}