{"id":20,"date":"2022-04-06T10:58:16","date_gmt":"2022-04-06T08:58:16","guid":{"rendered":"https:\/\/agripedia.ch\/bergstallbau\/?page_id=20"},"modified":"2022-11-28T11:34:14","modified_gmt":"2022-11-28T10:34:14","slug":"checkliste","status":"publish","type":"page","link":"https:\/\/agripedia.ch\/StallBauer\/checkliste\/","title":{"rendered":"Checkliste"},"content":{"rendered":"<div class=\"fusion-fullwidth fullwidth-box fusion-builder-row-1 fusion-flex-container nonhundred-percent-fullwidth non-hundred-percent-height-scrolling\" style=\"--awb-border-radius-top-left:0px;--awb-border-radius-top-right:0px;--awb-border-radius-bottom-right:0px;--awb-border-radius-bottom-left:0px;--awb-flex-wrap:wrap;\" ><div class=\"fusion-builder-row fusion-row fusion-flex-align-items-flex-start fusion-flex-content-wrap\" style=\"max-width:1144px;margin-left: calc(-4% \/ 2 );margin-right: calc(-4% \/ 2 );\"><div class=\"fusion-layout-column fusion_builder_column fusion-builder-column-0 fusion_builder_column_1_1 1_1 fusion-flex-column\" style=\"--awb-bg-size:cover;--awb-width-large:100%;--awb-margin-top-large:0px;--awb-spacing-right-large:1.92%;--awb-margin-bottom-large:20px;--awb-spacing-left-large:1.92%;--awb-width-medium:100%;--awb-order-medium:0;--awb-spacing-right-medium:1.92%;--awb-spacing-left-medium:1.92%;--awb-width-small:100%;--awb-order-small:0;--awb-spacing-right-small:1.92%;--awb-spacing-left-small:1.92%;\"><div class=\"fusion-column-wrapper fusion-column-has-shadow fusion-flex-justify-content-flex-start fusion-content-layout-column\"><div class=\"fusion-title title fusion-title-1 fusion-sep-none fusion-title-text fusion-title-size-one\"><h1 class=\"fusion-title-heading title-heading-left fusion-responsive-typography-calculated\" style=\"margin:0;--fontSize:50;line-height:1.2;\"><span class=\"TextRun SCXO264209298 BCX0\" lang=\"DE-CH\" xml:lang=\"DE-CH\" data-contrast=\"auto\"><span class=\"NormalTextRun SCXO264209298 BCX0\">Checkliste<\/span><\/span><span class=\"EOP SCXO264209298 BCX0\">\u00a0<\/span><\/h1><\/div><div class=\"fusion-text fusion-text-1\"><p><span data-contrast=\"none\">Wie gehe ich bei meinem Stallbau vor? Was sollte ich wissen und beachten?<\/span><\/p>\n<p><span data-contrast=\"none\">Gerade im Berggebiet ist das Realisieren von kosteng\u00fcnstigen Stallbauten eine Herausforderung. Topographische Einschr\u00e4nkungen m\u00f6glicher Baustandorte, lange Transportwege, hohe Anforderungen an die Tragkonstruktion wegen schwerer Schneelasten und grosse notwendige Lagervolumen sind nur einige zu nennende Erschwernisse im Berggebiet.<\/span><\/p>\n<p><span data-contrast=\"none\">Dennoch gibt es Grundsatz\u00fcberlegungen, Vorgehensweisen und bauliche L\u00f6sungsans\u00e4tze, die einen kosteng\u00fcnstigen Stallbau beg\u00fcnstigen. Wir haben f\u00fcr Sie eine Checkliste zusammengestellt, die Ihnen helfen soll, diese Punkte \u2013\u00a0 wo m\u00f6glich \u2013 in Ihr Stallbauprojekt einzubeziehen.\u00a0<\/span><\/p>\n<p><span data-contrast=\"none\">Schauen Sie sich unsere Tipps um Kosten zu senken an!<\/span><\/p>\n<\/div><div class=\"accordian fusion-accordian agri-steckbrief-toggle\" style=\"--awb-border-size:1px;--awb-icon-size:25px;--awb-content-font-size:18px;--awb-icon-alignment:left;--awb-hover-color:#f9f9f9;--awb-border-color:#cccccc;--awb-background-color:#ffffff;--awb-divider-color:#e0dede;--awb-divider-hover-color:#e0dede;--awb-icon-color:#ffffff;--awb-title-color:#f44336;--awb-content-color:#0f0f0f;--awb-icon-box-color:#7a7a7a;--awb-toggle-hover-accent-color:#ffffff;--awb-title-font-family:&quot;Roboto&quot;;--awb-title-font-weight:700;--awb-title-font-style:normal;--awb-title-font-size:25px;--awb-content-font-family:&quot;Roboto&quot;;--awb-content-font-style:normal;--awb-content-font-weight:300;\"><div class=\"panel-group fusion-toggle-icon-unboxed\" id=\"accordion-20-1\"><div class=\"fusion-panel panel-default agri-steckbrief-toggle sb-darkgreen sd-checkliste panel-fa9adcbc13ef90592 fusion-toggle-no-divider fusion-toggle-boxed-mode\"><div class=\"panel-heading\"><h4 class=\"panel-title toggle\" id=\"toggle_fa9adcbc13ef90592\"><a aria-expanded=\"false\" aria-controls=\"fa9adcbc13ef90592\" role=\"button\" data-toggle=\"collapse\" data-target=\"#fa9adcbc13ef90592\" href=\"#fa9adcbc13ef90592\"><span class=\"fusion-toggle-icon-wrapper\" aria-hidden=\"true\"><i class=\"fa-fusion-box active-icon awb-icon-minus\" aria-hidden=\"true\"><\/i><i class=\"fa-fusion-box inactive-icon awb-icon-plus\" aria-hidden=\"true\"><\/i><\/span><span class=\"fusion-toggle-heading\">Planung und Bauprozess<\/span><\/a><\/h4><\/div><div id=\"fa9adcbc13ef90592\" class=\"panel-collapse collapse \" aria-labelledby=\"toggle_fa9adcbc13ef90592\"><div class=\"panel-body toggle-content fusion-clearfix\">\n<ul>\n<li>Die Optimierung von Stallsystemen ist ein stetiger Prozess. Genug Zeit nehmen f\u00fcr die Planung eines Projekts und dabei unabh\u00e4ngige Experten beiziehen<\/li>\n<li>Betriebsstrategie und -konzept vor der Planung \u00fcberdenken, landwirtschaftliche Beratung beiziehen<\/li>\n<li>Mit Familie und Beratenden \u00fcberlegen, welche Bed\u00fcrfnisse sich aus der Betriebsstrategie ableiten und daraus Anforderungen an das Geb\u00e4udeprogramm formulieren<\/li>\n<li>Genau schauen, was an Geb\u00e4udeinfrastruktur vorhanden ist und f\u00fcr das vorgesehene Betriebskonzept passt<\/li>\n<li>Intensives Variantenstudium inkl. Kostensch\u00e4tzungen vornehmen, Vor- und Nachteile abw\u00e4gen<\/li>\n<li>Finanziellen Rahmen\/Tragbarkeiten (Landwirtschaftliches Einkommen) fr\u00fchzeitig in einem Vorprojekt abkl\u00e4ren und mit Kreditgebern besprechen<\/li>\n<li>Fr\u00fchzeitige Zusammenarbeit mit Beh\u00f6rden und Anspruchsgruppen (Amt f\u00fcr Landwirtschaft, Raumplanung, Naturschutz, Landschaftsschutz). Instrument der Voranfrage nutzen<\/li>\n<li>Mit \u00f6rtlichen Unternehmen zusammenarbeiten, die Erfahrung im landwirtschaftlichen Bauen haben und die allenfalls bereits untereinander zusammen gearbeitet haben<\/li>\n<li>Konkurrenzofferten einholen. Die Vergleichbarkeit der Offerten allenfalls mit Hilfe eines unabh\u00e4ngigen Spezialisten \u00fcberpr\u00fcfen<\/li>\n<li>Verhandlungsgeschick nutzen \u2013 allenfalls professionelle Hilfe beanspruchen. Vorhandene Kontakte nutzen<\/li>\n<li>Werkvertr\u00e4ge abschliessen und damit klare Verh\u00e4ltnisse schaffen<\/li>\n<li>Enge Baukostenkontrolle w\u00e4hrend des Baus\u200b\u200b\u200b<\/li>\n<\/ul>\n<\/div><\/div><\/div><div class=\"fusion-panel panel-default agri-steckbrief-toggle sb-lightgreen sd-checkliste panel-ca157fd14a054ac41 fusion-toggle-no-divider fusion-toggle-boxed-mode\"><div class=\"panel-heading\"><h4 class=\"panel-title toggle\" id=\"toggle_ca157fd14a054ac41\"><a aria-expanded=\"false\" aria-controls=\"ca157fd14a054ac41\" role=\"button\" data-toggle=\"collapse\" data-target=\"#ca157fd14a054ac41\" href=\"#ca157fd14a054ac41\"><span class=\"fusion-toggle-icon-wrapper\" aria-hidden=\"true\"><i class=\"fa-fusion-box active-icon awb-icon-minus\" aria-hidden=\"true\"><\/i><i class=\"fa-fusion-box inactive-icon awb-icon-plus\" aria-hidden=\"true\"><\/i><\/span><span class=\"fusion-toggle-heading\">Standort<\/span><\/a><\/h4><\/div><div id=\"ca157fd14a054ac41\" class=\"panel-collapse collapse \" aria-labelledby=\"toggle_ca157fd14a054ac41\"><div class=\"panel-body toggle-content fusion-clearfix\">\n<ul>\n<li>Am alten Standort bauen, weil Untergrund bekannt ist und keine neue Erschliessung n\u00f6tig ist<\/li>\n<li>Bei neuem Standort Bauuntergrund sowie Immissionen durch nahegelegene Infrastrukturen (Bahn, Hochspannungsleitungen etc.) untersuchen<\/li>\n<li>Bei Standortwahl die Einpassung in die Landschaft mit einbeziehen<\/li>\n<li>Abrisskosten des alten Geb\u00e4udes den Erschliessungskosten und Unsicherheiten an einem neuen Ort gegen\u00fcberstellen<\/li>\n<li>Nicht in der Gefahrenzone bauen, da bauliche Auflagen grosse Mehrkosten mit sich bringen<\/li>\n<li>Terrain in Steillagen wenn m\u00f6glich meiden, um Mehrkosten f\u00fcr Aushub, Hangsicherungen und Baukonstruktion zu sparen<\/li>\n<\/ul>\n<\/div><\/div><\/div><div class=\"fusion-panel panel-default agri-steckbrief-toggle sb-darkgreen sd-checkliste panel-8c1738bcb77ff27a3 fusion-toggle-no-divider fusion-toggle-boxed-mode\" style=\"--awb-title-color:#f44336;--awb-content-color:#0f0f0f;\"><div class=\"panel-heading\"><h4 class=\"panel-title toggle\" id=\"toggle_8c1738bcb77ff27a3\"><a aria-expanded=\"false\" aria-controls=\"8c1738bcb77ff27a3\" role=\"button\" data-toggle=\"collapse\" data-target=\"#8c1738bcb77ff27a3\" href=\"#8c1738bcb77ff27a3\"><span class=\"fusion-toggle-icon-wrapper\" aria-hidden=\"true\"><i class=\"fa-fusion-box active-icon awb-icon-minus\" aria-hidden=\"true\"><\/i><i class=\"fa-fusion-box inactive-icon awb-icon-plus\" aria-hidden=\"true\"><\/i><\/span><span class=\"fusion-toggle-heading\">Geb\u00e4udetyp und Ausf\u00fchrung<\/span><\/a><\/h4><\/div><div id=\"8c1738bcb77ff27a3\" class=\"panel-collapse collapse \" aria-labelledby=\"toggle_8c1738bcb77ff27a3\"><div class=\"panel-body toggle-content fusion-clearfix\">\n<ul>\n<li>M\u00f6glichst einfache Geb\u00e4udestruktur w\u00e4hlen<\/li>\n<li>Mehrgeb\u00e4udest\u00e4lle sind grunds\u00e4tzlich g\u00fcnstiger als einh\u00e4usige Bauten, dank einfacherer Tragkonstruktionen<\/li>\n<li>Nutzung bestehender und\/oder frei werdender Geb\u00e4udestrukturen mit einbeziehen, insbesondere auch w\u00e4rmeged\u00e4mmte R\u00e4ume<\/li>\n<li>Keine ungenutzten Reserven bauen<\/li>\n<li>Kaltstall mit offenen Fassaden senkt Kosten und ist gut f\u00fcr Stallklima und Tierwohl. Dabei Lage, Wind- und Wetterverh\u00e4ltnisse ber\u00fccksichtigen und einfache, mobile Schutzvorrichtungen einplanen<\/li>\n<li>Pultd\u00e4cher sind g\u00fcnstiger als Satteld\u00e4cher (Giebeld\u00e4cher), Einpassung in Landschaft muss dabei wegen Ortsbild abgekl\u00e4rt werden<\/li>\n<li>Haltungssystem mit geringem Fl\u00e4chenbedarf w\u00e4hlen, Funktionsbereiche optimieren (Tierwohl, Emissionen und Arbeitswirtschaft)<\/li>\n<li>Planbefestigte B\u00f6den sind kosteng\u00fcnstiger als perforierte B\u00f6den mit Schwemmkan\u00e4len. Raschen Harnabfluss umsetzen (Harnsammelrinne, Quergef\u00e4lle, regelm\u00e4ssige automatische Entmistung); ist beitragsberechtigt<\/li>\n<\/ul>\n<\/div><\/div><\/div><div class=\"fusion-panel panel-default agri-steckbrief-toggle sb-lightgreen sd-checkliste panel-db8c56bd205d169a6 fusion-toggle-no-divider fusion-toggle-boxed-mode\"><div class=\"panel-heading\"><h4 class=\"panel-title toggle\" id=\"toggle_db8c56bd205d169a6\"><a aria-expanded=\"false\" aria-controls=\"db8c56bd205d169a6\" role=\"button\" data-toggle=\"collapse\" data-target=\"#db8c56bd205d169a6\" href=\"#db8c56bd205d169a6\"><span class=\"fusion-toggle-icon-wrapper\" aria-hidden=\"true\"><i class=\"fa-fusion-box active-icon awb-icon-minus\" aria-hidden=\"true\"><\/i><i class=\"fa-fusion-box inactive-icon awb-icon-plus\" aria-hidden=\"true\"><\/i><\/span><span class=\"fusion-toggle-heading\">Material und Einrichtung<\/span><\/a><\/h4><\/div><div id=\"db8c56bd205d169a6\" class=\"panel-collapse collapse \" aria-labelledby=\"toggle_db8c56bd205d169a6\"><div class=\"panel-body toggle-content fusion-clearfix\">\n<ul>\n<li>Weiterverwendung alter Bauteile, Einrichtungen und Materialien pr\u00fcfen<\/li>\n<li>Einsatz von Occasion Einrichtungen und Mobilien pr\u00fcfen<\/li>\n<li>Verzicht auf \u201eunn\u00f6tigen Luxus\u201c d.h. nur Technik beschaffen, die Arbeitsbelastungen klar reduziert sowie wirtschaftlich einsetzbar ist<\/li>\n<li>Beton nur, wo unbedingt notwendig, verwenden, da oft monopolartiger Markt und hohe Transportkosten wegen erschwerter Zufahrt<\/li>\n<li>Eigenleistungsfreundliches Material wie Holz, Kies, Ziegel, Stein- und Glaswolle verwenden. Bei eigenem Holz die notwendige Zeit f\u00fcrs Schlagen, Trocknen, etc. einplanen<\/li>\n<li>Einrichtungen w\u00e4hlen, die robust und gut selber reparierbar sind oder mit gutem Service nach dem Kauf<\/li>\n<li>Wirtschaftlichkeit \u00fcber die gesamte Lebensdauer der Materialien mit einbeziehen<\/li>\n<li>Grundsatz \u201aweniger ist mehr\u2018 \u2013 dies kommt auch der Umwelt zugute<\/li>\n<\/ul>\n<\/div><\/div><\/div><div class=\"fusion-panel panel-default agri-steckbrief-toggle sb-darkgreen sd-checkliste panel-f2338368618319598 fusion-toggle-no-divider fusion-toggle-boxed-mode\"><div class=\"panel-heading\"><h4 class=\"panel-title toggle\" id=\"toggle_f2338368618319598\"><a aria-expanded=\"false\" aria-controls=\"f2338368618319598\" role=\"button\" data-toggle=\"collapse\" data-target=\"#f2338368618319598\" href=\"#f2338368618319598\"><span class=\"fusion-toggle-icon-wrapper\" aria-hidden=\"true\"><i class=\"fa-fusion-box active-icon awb-icon-minus\" aria-hidden=\"true\"><\/i><i class=\"fa-fusion-box inactive-icon awb-icon-plus\" aria-hidden=\"true\"><\/i><\/span><span class=\"fusion-toggle-heading\">Eigenleistung<\/span><\/a><\/h4><\/div><div id=\"f2338368618319598\" class=\"panel-collapse collapse \" aria-labelledby=\"toggle_f2338368618319598\"><div class=\"panel-body toggle-content fusion-clearfix\">\n<ul>\n<li>Eigenleistung macht nur dann Sinn, wenn teure Facharbeit- oder Leitungsstunden mit vertretbarem Zeiteinsatz bei gleicher Qualit\u00e4t ersetzt werden k\u00f6nnen<\/li>\n<li>Zeit schaffen f\u00fcr Eigenleistung \u2013 eventuell in Etappen bauen und Nebenerwerb reduzieren (einhergehende Mindereinnahmen bei Finanzierung ber\u00fccksichtigen)<\/li>\n<li>Arbeiten auf dem Betrieb nicht vernachl\u00e4ssigen. Wenn z.B. das Herdenmanagement leidet, wird die Eigenleistung zum Bumerang.<\/li>\n<li>Realistisch und vorsichtig Eigenleistung einplanen, damit es nicht zur \u00dcberforderung kommt<\/li>\n<li>Mithilfe im Umfeld abkl\u00e4ren<\/li>\n<li>Arbeitseinsatz freiwilliger Gruppen (Bsp. bergversetzer) pr\u00fcfen<\/li>\n<li>Eigenleistungsfreundliche Materialien verwenden (siehe auch Material und Einrichtung)<\/li>\n<\/ul>\n<\/div><\/div><\/div><div class=\"fusion-panel panel-default agri-steckbrief-toggle sb-lightgreen sd-checkliste panel-ab6cea65f36267c2c fusion-toggle-no-divider fusion-toggle-boxed-mode\"><div class=\"panel-heading\"><h4 class=\"panel-title toggle\" id=\"toggle_ab6cea65f36267c2c\"><a aria-expanded=\"false\" aria-controls=\"ab6cea65f36267c2c\" role=\"button\" data-toggle=\"collapse\" data-target=\"#ab6cea65f36267c2c\" href=\"#ab6cea65f36267c2c\"><span class=\"fusion-toggle-icon-wrapper\" aria-hidden=\"true\"><i class=\"fa-fusion-box active-icon awb-icon-minus\" aria-hidden=\"true\"><\/i><i class=\"fa-fusion-box inactive-icon awb-icon-plus\" aria-hidden=\"true\"><\/i><\/span><span class=\"fusion-toggle-heading\">\u00dcberbetriebliche Zusammenarbeit<\/span><\/a><\/h4><\/div><div id=\"ab6cea65f36267c2c\" class=\"panel-collapse collapse \" aria-labelledby=\"toggle_ab6cea65f36267c2c\"><div class=\"panel-body toggle-content fusion-clearfix\">\n<ul>\n<li><a href=\"https:\/\/agripedia.ch\/zusammenarbeit\/\">Betriebs-, Betriebszweig- oder Stallgemeinschaften<\/a> k\u00f6nnen zu gr\u00f6sseren Gruppen pro Tierkategorie f\u00fchren und erm\u00f6glichen es, tiefere Baukosten\/GVE zu erzielen<\/li>\n<li>Auslastung des Stalles\/der St\u00e4lle kann optimiert werden<\/li>\n<li>Mit steigender Tierzahl sinkt Arbeitsaufwand\/GVE deutlich<\/li>\n<li>Entlastung im Arbeitsalltag kann zur Reduktion von gesundheitsbedingten Folgekosten f\u00fchren<\/li>\n<li>Kooperationen bringen Wissen in den Betrieb, was die Wirtschaftlichkeit verbessern kann<\/li>\n<\/ul>\n<\/div><\/div><\/div><div class=\"fusion-panel panel-default agri-steckbrief-toggle sb-darkgreen sd-checkliste panel-88a3e923e19cfd1bc fusion-toggle-no-divider fusion-toggle-boxed-mode\"><div class=\"panel-heading\"><h4 class=\"panel-title toggle\" id=\"toggle_88a3e923e19cfd1bc\"><a aria-expanded=\"false\" aria-controls=\"88a3e923e19cfd1bc\" role=\"button\" data-toggle=\"collapse\" data-target=\"#88a3e923e19cfd1bc\" href=\"#88a3e923e19cfd1bc\"><span class=\"fusion-toggle-icon-wrapper\" aria-hidden=\"true\"><i class=\"fa-fusion-box active-icon awb-icon-minus\" aria-hidden=\"true\"><\/i><i class=\"fa-fusion-box inactive-icon awb-icon-plus\" aria-hidden=\"true\"><\/i><\/span><span class=\"fusion-toggle-heading\">Folgekosten<\/span><\/a><\/h4><\/div><div id=\"88a3e923e19cfd1bc\" class=\"panel-collapse collapse \" aria-labelledby=\"toggle_88a3e923e19cfd1bc\"><div class=\"panel-body toggle-content fusion-clearfix\">\n<ul>\n<li>Reduktion Arbeitsaufwand und Betriebskosten dank Verbesserung der Arbeitsprozesse pr\u00fcfen<\/li>\n<li>Tiefe Unterhalts- und Erneuerungskosten dank Langlebigkeit der Geb\u00e4ude, Materialien und Einrichtungen pr\u00fcfen<\/li>\n<li>Reduktion Tiergesundheitskosten dank Verbesserung Tierwohl und Stallklima pr\u00fcfen<\/li>\n<li>Tiefere Gesundheitskosten dank Verbesserung Arbeitssicherheit und Gesundheit f\u00fcr Arbeitskr\u00e4fte\/Familie pr\u00fcfen<\/li>\n<li>Allf\u00e4llige R\u00fcckbaukosten und Entsorgungskosten absch\u00e4tzen und in den Projektentscheid miteinbeziehen<\/li>\n<\/ul>\n<\/div><\/div><\/div><\/div><\/div><div ><a class=\"fusion-button button-flat fusion-button-default-size button-default fusion-button-default button-1 fusion-button-default-span fusion-button-default-type\" target=\"_self\" href=\"https:\/\/agripedia.ch\/StallBauer\/wp-content\/uploads\/sites\/41\/2022\/11\/Deustch-Checkliste-final.pdf\"><span class=\"fusion-button-text awb-button__text awb-button__text--default\">Checkliste zum Herunterladen<\/span><\/a><\/div><\/div><\/div><\/div><\/div>\n","protected":false},"excerpt":{"rendered":"","protected":false},"author":26,"featured_media":0,"parent":0,"menu_order":0,"comment_status":"closed","ping_status":"closed","template":"","meta":{"_sb_is_suggestion_mode":false,"_sb_show_suggestion_boards":false,"_sb_show_comment_boards":false,"_sb_suggestion_history":"","_sb_update_block_changes":"","om_disable_all_campaigns":false,"_monsterinsights_skip_tracking":false,"_monsterinsights_sitenote_active":false,"_monsterinsights_sitenote_note":"","_monsterinsights_sitenote_category":0,"footnotes":""},"class_list":["post-20","page","type-page","status-publish","hentry"],"_links":{"self":[{"href":"https:\/\/agripedia.ch\/StallBauer\/wp-json\/wp\/v2\/pages\/20","targetHints":{"allow":["GET"]}}],"collection":[{"href":"https:\/\/agripedia.ch\/StallBauer\/wp-json\/wp\/v2\/pages"}],"about":[{"href":"https:\/\/agripedia.ch\/StallBauer\/wp-json\/wp\/v2\/types\/page"}],"author":[{"embeddable":true,"href":"https:\/\/agripedia.ch\/StallBauer\/wp-json\/wp\/v2\/users\/26"}],"replies":[{"embeddable":true,"href":"https:\/\/agripedia.ch\/StallBauer\/wp-json\/wp\/v2\/comments?post=20"}],"version-history":[{"count":37,"href":"https:\/\/agripedia.ch\/StallBauer\/wp-json\/wp\/v2\/pages\/20\/revisions"}],"predecessor-version":[{"id":910,"href":"https:\/\/agripedia.ch\/StallBauer\/wp-json\/wp\/v2\/pages\/20\/revisions\/910"}],"wp:attachment":[{"href":"https:\/\/agripedia.ch\/StallBauer\/wp-json\/wp\/v2\/media?parent=20"}],"curies":[{"name":"wp","href":"https:\/\/api.w.org\/{rel}","templated":true}]}}