{"id":532,"date":"2022-05-06T14:09:05","date_gmt":"2022-05-06T12:09:05","guid":{"rendered":"https:\/\/agripedia.ch\/bergstallbau\/?page_id=532"},"modified":"2022-06-20T08:34:04","modified_gmt":"2022-06-20T06:34:04","slug":"reduction-des-couts-grace-a-la-communaute-dexploitation-be","status":"publish","type":"page","link":"https:\/\/agripedia.ch\/StallBauer\/fr\/reduction-des-couts-grace-a-la-communaute-dexploitation-be\/","title":{"rendered":"R\u00e9duction des co\u00fbts gr\u00e2ce \u00e0 la communaut\u00e9 d&rsquo;exploitation BE"},"content":{"rendered":"<p><div class=\"fusion-fullwidth fullwidth-box fusion-builder-row-1 fusion-flex-container nonhundred-percent-fullwidth non-hundred-percent-height-scrolling\" style=\"--awb-border-radius-top-left:0px;--awb-border-radius-top-right:0px;--awb-border-radius-bottom-right:0px;--awb-border-radius-bottom-left:0px;--awb-flex-wrap:wrap;\" ><div class=\"fusion-builder-row fusion-row fusion-flex-align-items-flex-start fusion-flex-content-wrap\" style=\"max-width:1144px;margin-left: calc(-4% \/ 2 );margin-right: calc(-4% \/ 2 );\"><div class=\"fusion-layout-column fusion_builder_column fusion-builder-column-0 fusion_builder_column_1_1 1_1 fusion-flex-column\" style=\"--awb-bg-size:cover;--awb-width-large:100%;--awb-margin-top-large:0px;--awb-spacing-right-large:1.92%;--awb-margin-bottom-large:20px;--awb-spacing-left-large:1.92%;--awb-width-medium:100%;--awb-order-medium:0;--awb-spacing-right-medium:1.92%;--awb-spacing-left-medium:1.92%;--awb-width-small:100%;--awb-order-small:0;--awb-spacing-right-small:1.92%;--awb-spacing-left-small:1.92%;\"><div class=\"fusion-column-wrapper fusion-column-has-shadow fusion-flex-justify-content-flex-start fusion-content-layout-column\"><div class=\"fusion-title title fusion-title-1 fusion-sep-none fusion-title-center fusion-title-text fusion-title-size-one\"><h1 class=\"fusion-title-heading title-heading-center fusion-responsive-typography-calculated\" style=\"margin:0;--fontSize:50;line-height:1.2;\"><p style=\"text-align: left;\">R\u00e9duction des co\u00fbts gr\u00e2ce \u00e0 la communaut\u00e9 d\u2019exploitation<\/p><\/h1><\/div><\/div><\/div><div class=\"fusion-layout-column fusion_builder_column fusion-builder-column-1 fusion_builder_column_1_2 1_2 fusion-flex-column\" style=\"--awb-bg-size:cover;--awb-width-large:50%;--awb-margin-top-large:0px;--awb-spacing-right-large:3.84%;--awb-margin-bottom-large:20px;--awb-spacing-left-large:3.84%;--awb-width-medium:100%;--awb-order-medium:0;--awb-spacing-right-medium:1.92%;--awb-spacing-left-medium:1.92%;--awb-width-small:100%;--awb-order-small:0;--awb-spacing-right-small:1.92%;--awb-spacing-left-small:1.92%;\"><div class=\"fusion-column-wrapper fusion-column-has-shadow fusion-flex-justify-content-flex-start fusion-content-layout-column\"><div class=\"fusion-text fusion-text-1\"><p><span data-contrast=\"none\">Bellelay, Jura bernois<\/span><\/p>\n<p><span data-contrast=\"none\">Markus Gerber et David Scheidegger ont r\u00e9uni leurs deux domaines en une communaut\u00e9 d\u2019exploitation. Ils se concentrent sur la culture de baies et la production laiti\u00e8re pour la T\u00eate de Moine. Ensemble, ils ont construit une nouvelle \u00e9table \u00e0 stabulation libre pour le b\u00e9tail laitier.<\/span><\/p>\n<p><span data-contrast=\"none\">Ils ont pris le temps n\u00e9cessaire pour planifier minutieusement la construction de leur \u00e9table. Plusieurs avant-projets ont aussi \u00e9t\u00e9 \u00e9labor\u00e9s et compar\u00e9s entre eux. Ils ont finalement opt\u00e9 pour un nouveau b\u00e2timent spacieux pour environ 70 unit\u00e9s de gros b\u00e9tail. La construction qui leur facilite grandement le travail a \u00e9t\u00e9 r\u00e9alis\u00e9e sur l\u2019emplacement de l\u2019ancienne \u00e9table. Les deux hommes ont r\u00e9ussi \u00e0 r\u00e9aliser leur projet de construction d\u2019\u00e9table en maitrisant les co\u00fbts. Ils ont su profiter d\u2019un terrain connu et viabilis\u00e9, des avantages de la communaut\u00e9 d\u2019exploitation et d\u2019une \u00e9troite collaboration avec des entreprises locales de l\u2019Arc jurassien proches de l\u2019agriculture.<\/span><\/p>\n<\/div><\/div><\/div><div class=\"fusion-layout-column fusion_builder_column fusion-builder-column-2 fusion_builder_column_1_2 1_2 fusion-flex-column\" style=\"--awb-bg-size:cover;--awb-width-large:50%;--awb-margin-top-large:0px;--awb-spacing-right-large:3.84%;--awb-margin-bottom-large:20px;--awb-spacing-left-large:3.84%;--awb-width-medium:100%;--awb-order-medium:0;--awb-spacing-right-medium:1.92%;--awb-spacing-left-medium:1.92%;--awb-width-small:100%;--awb-order-small:0;--awb-spacing-right-small:1.92%;--awb-spacing-left-small:1.92%;\"><div class=\"fusion-column-wrapper fusion-column-has-shadow fusion-flex-justify-content-flex-start fusion-content-layout-column\"><div class=\"fusion-video fusion-youtube\" style=\"--awb-max-width:600px;--awb-max-height:360px;\"><div class=\"video-shortcode\"><div class=\"fluid-width-video-wrapper\" style=\"padding-top:60%;\" ><iframe title=\"YouTube video player 1\" src=\"https:\/\/www.youtube.com\/embed\/OGEceregZrg?wmode=transparent&autoplay=0&amp;rel=0&amp;hl=fr\" width=\"600\" height=\"360\" allowfullscreen allow=\"autoplay; clipboard-write; encrypted-media; gyroscope; picture-in-picture;\"><\/iframe><\/div><\/div><\/div><\/div><\/div><div class=\"fusion-layout-column fusion_builder_column fusion-builder-column-3 fusion_builder_column_1_2 1_2 fusion-flex-column\" style=\"--awb-bg-size:cover;--awb-width-large:50%;--awb-margin-top-large:0px;--awb-spacing-right-large:3.84%;--awb-margin-bottom-large:20px;--awb-spacing-left-large:3.84%;--awb-width-medium:100%;--awb-order-medium:0;--awb-spacing-right-medium:1.92%;--awb-spacing-left-medium:1.92%;--awb-width-small:100%;--awb-order-small:0;--awb-spacing-right-small:1.92%;--awb-spacing-left-small:1.92%;\"><div class=\"fusion-column-wrapper fusion-column-has-shadow fusion-flex-justify-content-flex-start fusion-content-layout-column\"><div class=\"fusion-image-before-after-wrapper fusion-image-before-after-horizontal type-before-after hover-type-together fusion-image-before-after-wrapper-1\" style=\"--awb-font-size:13px;--awb-bordersize:0px;--awb-accent-color-bg:rgba(255,255,255,0.15);--awb-transition-time:0.5s;\"><div class=\"fusion-image-before-after-element fusion-image-before-after fusion-image-before-after-container fusion-image-before-after-1\" data-offset=\"0.75\" data-orientation=\"horizontal\" data-move-with-handle-only=\"true\" data-click-to-move=\"true\"><img decoding=\"async\" alt=\"alter Stall aussen BE\" class=\"fusion-image-before-after-before\" src=\"https:\/\/agripedia.ch\/bergstallbau\/wp-content\/uploads\/sites\/41\/2022\/06\/alter-Stall-aussen.jpg\" width=\"2560\" height=\"1706\"><img decoding=\"async\" alt=\"neuer Stall aussen BE\" class=\"fusion-image-before-after-after\" src=\"https:\/\/agripedia.ch\/bergstallbau\/wp-content\/uploads\/sites\/41\/2022\/06\/neuer-Stall-aussen.jpg\" width=\"1964\" height=\"1309\"><div class=\"fusion-image-before-after-handle fusion-image-before-after-handle-default\"><span class=\"fusion-image-before-after-left-arrow\"><\/span><span class=\"fusion-image-before-after-right-arrow\"><\/span><\/div><\/div><\/div><div class=\"fusion-text fusion-text-2\"><p>B\u00e2timent d\u2019\u00e9curie<\/p>\n<\/div><div class=\"fusion-image-before-after-wrapper fusion-image-before-after-horizontal type-before-after hover-type-together fusion-image-before-after-wrapper-2\" style=\"--awb-font-size:13px;--awb-bordersize:0px;--awb-accent-color-bg:rgba(255,255,255,0.15);--awb-transition-time:0.5s;\"><div class=\"fusion-image-before-after-element fusion-image-before-after fusion-image-before-after-container fusion-image-before-after-2\" data-offset=\"0.75\" data-orientation=\"horizontal\" data-move-with-handle-only=\"true\" data-click-to-move=\"true\"><img decoding=\"async\" class=\"fusion-image-before-after-before\" src=\"https:\/\/agripedia.ch\/bergstallbau\/wp-content\/uploads\/sites\/41\/2022\/03\/Alter-Stall-innen-scaled.jpg\" width=\"2560\" height=\"1920\"><img decoding=\"async\" class=\"fusion-image-before-after-after\" src=\"https:\/\/agripedia.ch\/bergstallbau\/wp-content\/uploads\/sites\/41\/2022\/03\/neuer-Stall-innen-scaled.jpg\" width=\"2560\" height=\"1920\"><div class=\"fusion-image-before-after-handle fusion-image-before-after-handle-default\"><span class=\"fusion-image-before-after-left-arrow\"><\/span><span class=\"fusion-image-before-after-right-arrow\"><\/span><\/div><\/div><\/div><div class=\"fusion-text fusion-text-3\"><p>Vue int\u00e9rieure<\/p>\n<\/div><\/div><\/div><div class=\"fusion-layout-column fusion_builder_column fusion-builder-column-4 fusion_builder_column_1_2 1_2 fusion-flex-column\" style=\"--awb-bg-size:cover;--awb-width-large:50%;--awb-margin-top-large:0px;--awb-spacing-right-large:3.84%;--awb-margin-bottom-large:20px;--awb-spacing-left-large:3.84%;--awb-width-medium:100%;--awb-order-medium:0;--awb-spacing-right-medium:1.92%;--awb-spacing-left-medium:1.92%;--awb-width-small:100%;--awb-order-small:0;--awb-spacing-right-small:1.92%;--awb-spacing-left-small:1.92%;\"><div class=\"fusion-column-wrapper fusion-column-has-shadow fusion-flex-justify-content-flex-start fusion-content-layout-column\"><div class=\"fusion-content-boxes content-boxes columns row fusion-columns-1 fusion-columns-total-1 fusion-content-boxes-1 content-boxes-icon-with-title content-left agri-content-box agri-color-breccaschlund\" style=\"--awb-hover-accent-color:#823430;--awb-circle-hover-accent-color:transparent;--awb-item-margin-bottom:40px;\" data-animationOffset=\"top-into-view\"><div style=\"--awb-backgroundcolor:rgba(255,255,255,0);\" class=\"fusion-column content-box-column content-box-column content-box-column-1 col-lg-12 col-md-12 col-sm-12 fusion-content-box-hover content-box-column-last content-box-column-last-in-row\"><div class=\"col content-box-wrapper content-wrapper link-area-link-icon icon-hover-animation-none\" data-animationOffset=\"top-into-view\"><div class=\"heading icon-left\"><h2 class=\"content-box-heading fusion-responsive-typography-calculated\" style=\"--h2_typography-font-size:18px;--fontSize:18;line-height:1.5;\">Fiche descriptive <\/h2><\/div><div class=\"fusion-clearfix\"><\/div><div class=\"content-container\">\n<p><span data-contrast=\"none\">Organisme responsable : Communaut\u00e9 d\u2019exploitation \u00ab\u00a0CE\u00a0B\u00e9roie\u00a0\u2013 La Botti\u00e8re\u00a0\u00bb de Markus Gerber et David\u00a0Scheidegger<\/span><\/p>\n<p><span data-contrast=\"none\">Emplacement : La\u00a0B\u00e9roi<\/span><span data-contrast=\"none\">e\u00a0en dessus<\/span><span data-contrast=\"none\">\u00a0de\u00a0Bellelay\u00a0BE, zone de montagne II, 1088 m d\u2019altitude.<\/span><\/p>\n<p><span data-contrast=\"none\">Projet de construction : Nouvelle \u00e9table \u00e0 stabulation libre pour b\u00e9tail laitier et veaux,\u00a0<\/span><span data-contrast=\"none\">construction d\u2019une halle de machines\u00a0<\/span><\/p>\n<p><span data-contrast=\"none\">Ann\u00e9e de construction : 2018<\/span><\/p>\n<p><span data-contrast=\"none\">Co\u00fbt total : 1\u2019560\u2019000.- (<\/span><span data-contrast=\"none\">y compris d\u00e9molition, travaux d\u2019am\u00e9nagement des environs et construction\u00a0<\/span><span data-contrast=\"none\">d\u2019une halle des machines<\/span><span data-contrast=\"none\">)\u00a0<\/span><\/p>\n<p><span data-contrast=\"none\">UGB : 70<\/span><\/p>\n<\/div><\/div><\/div><div class=\"fusion-clearfix\"><\/div><\/div><\/div><\/div><\/div><\/div><div class=\"fusion-fullwidth fullwidth-box fusion-builder-row-2 fusion-flex-container nonhundred-percent-fullwidth non-hundred-percent-height-scrolling\" style=\"--awb-border-radius-top-left:0px;--awb-border-radius-top-right:0px;--awb-border-radius-bottom-right:0px;--awb-border-radius-bottom-left:0px;--awb-flex-wrap:wrap;\" ><div class=\"fusion-builder-row fusion-row fusion-flex-align-items-flex-start fusion-flex-content-wrap\" style=\"max-width:1144px;margin-left: calc(-4% \/ 2 );margin-right: calc(-4% \/ 2 );\"><div class=\"fusion-layout-column fusion_builder_column fusion-builder-column-5 fusion_builder_column_1_1 1_1 fusion-flex-column\" style=\"--awb-bg-size:cover;--awb-width-large:100%;--awb-margin-top-large:0px;--awb-spacing-right-large:1.92%;--awb-margin-bottom-large:20px;--awb-spacing-left-large:1.92%;--awb-width-medium:100%;--awb-order-medium:0;--awb-spacing-right-medium:1.92%;--awb-spacing-left-medium:1.92%;--awb-width-small:100%;--awb-order-small:0;--awb-spacing-right-small:1.92%;--awb-spacing-left-small:1.92%;\"><div class=\"fusion-column-wrapper fusion-column-has-shadow fusion-flex-justify-content-flex-start fusion-content-layout-column\"><div class=\"fusion-content-boxes content-boxes columns row fusion-columns-1 fusion-columns-total-1 fusion-content-boxes-2 content-boxes-icon-with-title content-left agri-content-box agri-color-breccaschlund\" style=\"--awb-hover-accent-color:#823430;--awb-circle-hover-accent-color:transparent;--awb-item-margin-bottom:40px;\" data-animationOffset=\"top-into-view\"><div style=\"--awb-backgroundcolor:rgba(255,255,255,0);\" class=\"fusion-column content-box-column content-box-column content-box-column-1 col-lg-12 col-md-12 col-sm-12 fusion-content-box-hover content-box-column-last content-box-column-last-in-row\"><div class=\"col content-box-wrapper content-wrapper link-area-link-icon icon-hover-animation-none\" data-animationOffset=\"top-into-view\"><div class=\"heading icon-left\"><h2 class=\"content-box-heading fusion-responsive-typography-calculated\" style=\"--h2_typography-font-size:18px;--fontSize:18;line-height:1.5;\">Particuli\u00e8rement bien r\u00e9ussi<\/h2><\/div><div class=\"fusion-clearfix\"><\/div><div class=\"content-container\">\n<ul>\n<li><span data-contrast=\"auto\">D\u00e9molition et reconstruction sur l\u2019ancien site \u2013 terrain connu, pas de nouvelle dess<\/span><span data-contrast=\"auto\">erte<\/span><span data-contrast=\"auto\">,<\/span><span data-contrast=\"auto\">\u00a0<\/span><span data-contrast=\"auto\">peu de surface utilis\u00e9e,<\/span><\/li>\n<li data-aria-posinset=\"2\" data-aria-level=\"2\"><span data-contrast=\"auto\">La communaut\u00e9 d\u2019exploitation a permis de r\u00e9duire les co\u00fbts de construction\/UGB et d<\/span><span data-contrast=\"auto\">\u2018atteindre rapidement un taux d\u2019occupation \u00e9lev\u00e9 de l\u2019\u00e9table,<\/span><\/li>\n<li data-aria-posinset=\"3\" data-aria-level=\"2\"><span data-contrast=\"auto\">R\u00e9utilisation et\u00a0<\/span><span data-contrast=\"auto\">revente<\/span><span data-contrast=\"auto\">\u00a0des anciens mat\u00e9riaux de construction,<\/span><\/li>\n<li data-aria-posinset=\"4\" data-aria-level=\"2\"><span data-contrast=\"auto\">Le moins de b\u00e9ton possible, le plus de bois possible,<\/span><\/li>\n<li data-aria-posinset=\"5\" data-aria-level=\"2\"><span data-contrast=\"auto\">Investissement d\u00e9lib\u00e9r\u00e9 dans la technologie pour am\u00e9liorer les conditions de travail et la sant\u00e9 \u00e0 moyen terme,<\/span><\/li>\n<li data-aria-posinset=\"6\" data-aria-level=\"2\"><span data-contrast=\"auto\">Construction par des entreprises locales et des personnes connaissant bien l\u2019agriculture (l\u2019\u00e9levage).<\/span><\/li>\n<\/ul>\n<p>\u2192 <span class=\"TextRun SCXO162569789 BCX0\" lang=\"FR\" xml:lang=\"FR\" data-contrast=\"none\"><span class=\"NormalTextRun SCXO162569789 BCX0\">vers la <a href=\"https:\/\/agripedia.ch\/StallBauer\/fr\/checkliste\/\">check-list<\/a> compl\u00e8te pour une construction \u00e0 moindre co\u00fbt<\/span><\/span><span class=\"EOP SCXO162569789 BCX0\">\u00a0<\/span><\/p>\n<\/div><\/div><\/div><div class=\"fusion-clearfix\"><\/div><\/div><\/div><\/div><\/div><\/div><div class=\"fusion-fullwidth fullwidth-box fusion-builder-row-3 fusion-flex-container nonhundred-percent-fullwidth non-hundred-percent-height-scrolling\" style=\"--awb-border-radius-top-left:0px;--awb-border-radius-top-right:0px;--awb-border-radius-bottom-right:0px;--awb-border-radius-bottom-left:0px;--awb-flex-wrap:wrap;\" ><div class=\"fusion-builder-row fusion-row fusion-flex-align-items-flex-start fusion-flex-content-wrap\" style=\"max-width:1144px;margin-left: calc(-4% \/ 2 );margin-right: calc(-4% \/ 2 );\"><div class=\"fusion-layout-column fusion_builder_column fusion-builder-column-6 fusion_builder_column_1_2 1_2 fusion-flex-column\" style=\"--awb-bg-size:cover;--awb-width-large:50%;--awb-margin-top-large:0px;--awb-spacing-right-large:3.84%;--awb-margin-bottom-large:20px;--awb-spacing-left-large:3.84%;--awb-width-medium:100%;--awb-order-medium:0;--awb-spacing-right-medium:1.92%;--awb-spacing-left-medium:1.92%;--awb-width-small:100%;--awb-order-small:0;--awb-spacing-right-small:1.92%;--awb-spacing-left-small:1.92%;\"><div class=\"fusion-column-wrapper fusion-column-has-shadow fusion-flex-justify-content-flex-start fusion-content-layout-column\"><div class=\"fusion-title title fusion-title-2 fusion-sep-none fusion-title-text fusion-title-size-two\"><h2 class=\"fusion-title-heading title-heading-left fusion-responsive-typography-calculated\" style=\"margin:0;--fontSize:40;line-height:1.5;\">Plan de construction<\/h2><\/div><div class=\"fusion-image-element \" style=\"--awb-caption-title-font-family:var(--h2_typography-font-family);--awb-caption-title-font-weight:var(--h2_typography-font-weight);--awb-caption-title-font-style:var(--h2_typography-font-style);--awb-caption-title-size:var(--h2_typography-font-size);--awb-caption-title-transform:var(--h2_typography-text-transform);--awb-caption-title-line-height:var(--h2_typography-line-height);--awb-caption-title-letter-spacing:var(--h2_typography-letter-spacing);\"><span class=\" fusion-imageframe imageframe-none imageframe-1 hover-type-none\"><a href=\"https:\/\/agripedia.ch\/bergstallbau\/wp-content\/uploads\/sites\/41\/2022\/04\/Grundriss-und-Schnitt-scaled.jpg\" class=\"fusion-lightbox\" data-rel=\"iLightbox[80fe2e804aacda93c33]\" data-title=\"Grundriss und Schnitt\" title=\"Grundriss und Schnitt\"><img decoding=\"async\" width=\"1458\" height=\"2560\" src=\"https:\/\/agripedia.ch\/bergstallbau\/wp-content\/uploads\/sites\/41\/2022\/04\/Grundriss-und-Schnitt-scaled.jpg\" alt class=\"img-responsive wp-image-418\" srcset=\"https:\/\/agripedia.ch\/StallBauer\/wp-content\/uploads\/sites\/41\/2022\/04\/Grundriss-und-Schnitt-200x351.jpg 200w, https:\/\/agripedia.ch\/StallBauer\/wp-content\/uploads\/sites\/41\/2022\/04\/Grundriss-und-Schnitt-400x702.jpg 400w, https:\/\/agripedia.ch\/StallBauer\/wp-content\/uploads\/sites\/41\/2022\/04\/Grundriss-und-Schnitt-600x1054.jpg 600w, https:\/\/agripedia.ch\/StallBauer\/wp-content\/uploads\/sites\/41\/2022\/04\/Grundriss-und-Schnitt-800x1405.jpg 800w, https:\/\/agripedia.ch\/StallBauer\/wp-content\/uploads\/sites\/41\/2022\/04\/Grundriss-und-Schnitt-1200x2107.jpg 1200w, https:\/\/agripedia.ch\/StallBauer\/wp-content\/uploads\/sites\/41\/2022\/04\/Grundriss-und-Schnitt.jpg 1458w\" sizes=\"(max-width: 1024px) 100vw, (max-width: 640px) 100vw, 600px\" \/><\/a><\/span><\/div><\/div><\/div><div class=\"fusion-layout-column fusion_builder_column fusion-builder-column-7 fusion_builder_column_1_2 1_2 fusion-flex-column\" style=\"--awb-bg-size:cover;--awb-width-large:50%;--awb-margin-top-large:0px;--awb-spacing-right-large:3.84%;--awb-margin-bottom-large:20px;--awb-spacing-left-large:3.84%;--awb-width-medium:100%;--awb-order-medium:0;--awb-spacing-right-medium:1.92%;--awb-spacing-left-medium:1.92%;--awb-width-small:100%;--awb-order-small:0;--awb-spacing-right-small:1.92%;--awb-spacing-left-small:1.92%;\"><div class=\"fusion-column-wrapper fusion-column-has-shadow fusion-flex-justify-content-flex-start fusion-content-layout-column\"><div class=\"fusion-title title fusion-title-3 fusion-sep-none fusion-title-text fusion-title-size-two\"><h2 class=\"fusion-title-heading title-heading-left fusion-responsive-typography-calculated\" style=\"margin:0;--fontSize:40;line-height:1.5;\">Galerie de photos<\/h2><\/div><div class=\"fusion-image-carousel fusion-image-carousel-auto fusion-image-carousel-1 fusion-no-medium-visibility lightbox-enabled fusion-carousel-border agri-image-carousel-fixed-height-400\"><div class=\"awb-carousel awb-swiper awb-swiper-carousel awb-swiper-dots-position-bottom awb-carousel--carousel\" data-layout=\"carousel\" data-autoplay=\"no\" data-autoplayspeed=\"2500\" data-autoplaypause=\"no\" data-columns=\"1\" data-columnsmedium=\"0\" data-columnssmall=\"0\" data-itemmargin=\"5\" data-itemwidth=\"180\" data-touchscroll=\"no\" data-freemode=\"no\" data-imagesize=\"auto\" data-scrollitems=\"0\" data-centeredslides=\"no\" data-rotationangle=\"50\" data-depth=\"100\" data-speed=\"500\" data-shadow=\"no\" style=\"--awb-columns:1;--awb-column-spacing:5px;--awb-border-width:1px;--awb-border-color:#e9eaee;\"><div class=\"swiper-wrapper awb-image-carousel-wrapper fusion-flex-align-items-center\"><div class=\"swiper-slide\"><div class=\"fusion-carousel-item-wrapper\"><div class=\"fusion-image-wrapper hover-type-none\"><a data-rel=\"iLightbox[image_carousel_1]\" data-caption=\"DCIM100MEDIADJI_0238.JPG\" data-title=\"DCIM100MEDIADJI_0238.JPG\" aria-label=\"DCIM100MEDIADJI_0238.JPG\" href=\"https:\/\/agripedia.ch\/bergstallbau\/wp-content\/uploads\/sites\/41\/2022\/01\/DJI_0238-scaled.jpg\" target=\"_self\"><img decoding=\"async\" width=\"2560\" height=\"1440\" src=\"https:\/\/agripedia.ch\/StallBauer\/wp-content\/uploads\/sites\/41\/2022\/01\/DJI_0238.jpg\" class=\"attachment-full size-full\" alt=\"\" \/><\/a><\/div><\/div><\/div><div class=\"swiper-slide\"><div class=\"fusion-carousel-item-wrapper\"><div class=\"fusion-image-wrapper hover-type-none\"><a data-rel=\"iLightbox[image_carousel_1]\" data-title=\"20180901_194103 (1)\" aria-label=\"20180901_194103 (1)\" href=\"https:\/\/agripedia.ch\/bergstallbau\/wp-content\/uploads\/sites\/41\/2022\/01\/20180901_194103-1-scaled.jpg\" target=\"_self\"><img decoding=\"async\" width=\"2560\" height=\"1920\" src=\"https:\/\/agripedia.ch\/StallBauer\/wp-content\/uploads\/sites\/41\/2022\/01\/20180901_194103-1.jpg\" class=\"attachment-full size-full\" alt=\"\" \/><\/a><\/div><\/div><\/div><div class=\"swiper-slide\"><div class=\"fusion-carousel-item-wrapper\"><div class=\"fusion-image-wrapper hover-type-none\"><a data-rel=\"iLightbox[image_carousel_1]\" data-caption=\"DCIM100MEDIADJI_0382.JPG\" data-title=\"DCIM100MEDIADJI_0382.JPG\" aria-label=\"DCIM100MEDIADJI_0382.JPG\" href=\"https:\/\/agripedia.ch\/bergstallbau\/wp-content\/uploads\/sites\/41\/2022\/01\/DJI_0382-scaled.jpg\" target=\"_self\"><img decoding=\"async\" width=\"2560\" height=\"1440\" src=\"https:\/\/agripedia.ch\/StallBauer\/wp-content\/uploads\/sites\/41\/2022\/01\/DJI_0382.jpg\" class=\"attachment-full size-full\" alt=\"\" \/><\/a><\/div><\/div><\/div><div class=\"swiper-slide\"><div class=\"fusion-carousel-item-wrapper\"><div class=\"fusion-image-wrapper hover-type-none\"><a data-rel=\"iLightbox[image_carousel_1]\" data-title=\"20210702_103850\" aria-label=\"20210702_103850\" href=\"https:\/\/agripedia.ch\/bergstallbau\/wp-content\/uploads\/sites\/41\/2022\/01\/20210702_103850-scaled.jpg\" target=\"_self\"><img decoding=\"async\" width=\"2560\" height=\"1920\" src=\"https:\/\/agripedia.ch\/StallBauer\/wp-content\/uploads\/sites\/41\/2022\/01\/20210702_103850.jpg\" class=\"attachment-full size-full\" alt=\"\" \/><\/a><\/div><\/div><\/div><div class=\"swiper-slide\"><div class=\"fusion-carousel-item-wrapper\"><div class=\"fusion-image-wrapper hover-type-none\"><a data-rel=\"iLightbox[image_carousel_1]\" data-title=\"20210702_101536\" aria-label=\"20210702_101536\" href=\"https:\/\/agripedia.ch\/bergstallbau\/wp-content\/uploads\/sites\/41\/2022\/01\/20210702_101536-scaled.jpg\" target=\"_self\"><img decoding=\"async\" width=\"1920\" height=\"2560\" src=\"https:\/\/agripedia.ch\/StallBauer\/wp-content\/uploads\/sites\/41\/2022\/01\/20210702_101536.jpg\" class=\"attachment-full size-full\" alt=\"\" \/><\/a><\/div><\/div><\/div><div class=\"swiper-slide\"><div class=\"fusion-carousel-item-wrapper\"><div class=\"fusion-image-wrapper hover-type-none\"><a data-rel=\"iLightbox[image_carousel_1]\" data-title=\"20180921_175148 (1)\" aria-label=\"20180921_175148 (1)\" href=\"https:\/\/agripedia.ch\/bergstallbau\/wp-content\/uploads\/sites\/41\/2022\/01\/20180921_175148-1-scaled.jpg\" target=\"_self\"><img decoding=\"async\" width=\"2560\" height=\"1920\" src=\"https:\/\/agripedia.ch\/StallBauer\/wp-content\/uploads\/sites\/41\/2022\/01\/20180921_175148-1.jpg\" class=\"attachment-full size-full\" alt=\"\" \/><\/a><\/div><\/div><\/div><div class=\"swiper-slide\"><div class=\"fusion-carousel-item-wrapper\"><div class=\"fusion-image-wrapper hover-type-none\"><a data-rel=\"iLightbox[image_carousel_1]\" data-title=\"20210702_101213\" aria-label=\"20210702_101213\" href=\"https:\/\/agripedia.ch\/bergstallbau\/wp-content\/uploads\/sites\/41\/2022\/01\/20210702_101213-scaled.jpg\" target=\"_self\"><img decoding=\"async\" width=\"2560\" height=\"1920\" src=\"https:\/\/agripedia.ch\/StallBauer\/wp-content\/uploads\/sites\/41\/2022\/01\/20210702_101213.jpg\" class=\"attachment-full size-full\" alt=\"\" \/><\/a><\/div><\/div><\/div><div class=\"swiper-slide\"><div class=\"fusion-carousel-item-wrapper\"><div class=\"fusion-image-wrapper hover-type-none\"><a data-rel=\"iLightbox[image_carousel_1]\" data-title=\"20181014_080323 (1)\" aria-label=\"20181014_080323 (1)\" href=\"https:\/\/agripedia.ch\/bergstallbau\/wp-content\/uploads\/sites\/41\/2022\/01\/20181014_080323-1-scaled.jpg\" target=\"_self\"><img decoding=\"async\" width=\"2560\" height=\"1920\" src=\"https:\/\/agripedia.ch\/StallBauer\/wp-content\/uploads\/sites\/41\/2022\/01\/20181014_080323-1.jpg\" class=\"attachment-full size-full\" alt=\"\" \/><\/a><\/div><\/div><\/div><\/div><div class=\"awb-swiper-button awb-swiper-button-prev\"><i class=\"awb-icon-angle-left\" aria-hidden=\"true\"><\/i><\/div><div class=\"awb-swiper-button awb-swiper-button-next\"><i class=\"awb-icon-angle-right\" aria-hidden=\"true\"><\/i><\/div><\/div><\/div><\/div><\/div><\/div><\/div><\/p>\n","protected":false},"excerpt":{"rendered":"","protected":false},"author":234,"featured_media":0,"parent":0,"menu_order":0,"comment_status":"closed","ping_status":"closed","template":"","meta":{"_sb_is_suggestion_mode":false,"_sb_show_suggestion_boards":false,"_sb_show_comment_boards":false,"_sb_suggestion_history":"","_sb_update_block_changes":"","om_disable_all_campaigns":false,"_monsterinsights_skip_tracking":false,"_monsterinsights_sitenote_active":false,"_monsterinsights_sitenote_note":"","_monsterinsights_sitenote_category":0,"footnotes":""},"class_list":["post-532","page","type-page","status-publish","hentry"],"_links":{"self":[{"href":"https:\/\/agripedia.ch\/StallBauer\/fr\/wp-json\/wp\/v2\/pages\/532","targetHints":{"allow":["GET"]}}],"collection":[{"href":"https:\/\/agripedia.ch\/StallBauer\/fr\/wp-json\/wp\/v2\/pages"}],"about":[{"href":"https:\/\/agripedia.ch\/StallBauer\/fr\/wp-json\/wp\/v2\/types\/page"}],"author":[{"embeddable":true,"href":"https:\/\/agripedia.ch\/StallBauer\/fr\/wp-json\/wp\/v2\/users\/234"}],"replies":[{"embeddable":true,"href":"https:\/\/agripedia.ch\/StallBauer\/fr\/wp-json\/wp\/v2\/comments?post=532"}],"version-history":[{"count":15,"href":"https:\/\/agripedia.ch\/StallBauer\/fr\/wp-json\/wp\/v2\/pages\/532\/revisions"}],"predecessor-version":[{"id":858,"href":"https:\/\/agripedia.ch\/StallBauer\/fr\/wp-json\/wp\/v2\/pages\/532\/revisions\/858"}],"wp:attachment":[{"href":"https:\/\/agripedia.ch\/StallBauer\/fr\/wp-json\/wp\/v2\/media?parent=532"}],"curies":[{"name":"wp","href":"https:\/\/api.w.org\/{rel}","templated":true}]}}